{"id":11637,"date":"2025-12-07T18:24:56","date_gmt":"2025-12-07T18:24:56","guid":{"rendered":"https:\/\/mikeladzenailstore.com\/?post_type=product&#038;p=11637"},"modified":"2026-04-18T17:45:52","modified_gmt":"2026-04-18T17:45:52","slug":"base-light-trendy-nails","status":"publish","type":"product","link":"https:\/\/mikeladzenailstore.com\/sk\/produkt\/base-light-trendy-nails\/","title":{"rendered":"Base light (podkladov\u00e1) Trendy nails"},"content":{"rendered":"<p>Podkladov\u00e1 vrstva pod gel<\/p>\n<p>Transparentn\u00ed base gel s n\u00edzkou viskozitou, bez HEMA a TPO, vyvinut\u00fd pro bezpe\u010dnou a dlouhodobou p\u0159ilnavost mezi p\u0159\u00edrodn\u00ed nehtovou plot\u00e9nkou a jak\u00fdmkoli syst\u00e9mem: gel, gel lak nebo polygel.<br \/>\nJeho profesion\u00e1ln\u00ed formule s neutr\u00e1ln\u00edm pH zaji\u0161\u0165uje perfektn\u00ed kompatibilitu s p\u0159\u00edrodn\u00edm nehtem a zabra\u0148uje odchlipov\u00e1n\u00ed a vzniku mikrotrhlin.<\/p>\n<p>Tekut\u00e1, samonivela\u010dn\u00ed konzistence usnad\u0148uje aplikaci a umo\u017e\u0148uje minim\u00e1ln\u00ed a p\u0159esn\u00e9 vyrovn\u00e1n\u00ed, ide\u00e1ln\u00ed jako b\u00e1ze pro model\u00e1\u017e nebo pro p\u0159irozen\u00fd a tenk\u00fd efekt.<br \/>\nStruktura z\u016fst\u00e1v\u00e1 elastick\u00e1 a stabiln\u00ed, zachov\u00e1v\u00e1 p\u0159irozenou flexibilitu nehtu bez jeho zat\u00ed\u017een\u00ed.<\/p>\n<p>D\u00edky sv\u00e9 lehkosti a transparentnosti je ide\u00e1ln\u00ed tak\u00e9 jako b\u00e1ze pro pedik\u00faru, kde poskytuje komfort a stabilitu.<\/p>\n<p>HEMA\/TPO Free formule sni\u017euje riziko alergick\u00fdch reakc\u00ed a zaji\u0161\u0165uje maxim\u00e1ln\u00ed bezpe\u010dnost jak pro profesion\u00e1la, tak pro klienta.<\/p>\n","protected":false},"excerpt":{"rendered":"<p>Podkladov\u00e1 vrstva pod gel Transparentn\u00ed base gel s n\u00edzkou viskozitou, bez HEMA a TPO, vyvinut\u00fd pro bezpe\u010dnou a dlouhodobou p\u0159ilnavost mezi p\u0159\u00edrodn\u00ed nehtovou plot\u00e9nkou a jak\u00fdmkoli syst\u00e9mem: gel, gel lak nebo polygel. Jeho profesion\u00e1ln\u00ed formule s neutr\u00e1ln\u00edm pH zaji\u0161\u0165uje perfektn\u00ed kompatibilitu s p\u0159\u00edrodn\u00edm nehtem a zabra\u0148uje odchlipov\u00e1n\u00ed a vzniku mikrotrhlin. Tekut\u00e1, samonivela\u010dn\u00ed konzistence usnad\u0148uje aplikaci [&hellip;]<\/p>\n","protected":false},"featured_media":11629,"comment_status":"closed","ping_status":"closed","template":"","meta":[],"pwb-brand":[],"product_brand":[],"product_cat":[93,613,475,619,654],"product_tag":[],"berocket_brand":[175],"class_list":{"0":"post-11637","1":"product","2":"type-product","3":"status-publish","4":"has-post-thumbnail","6":"product_cat-topy-trendy-nails","7":"product_cat-acrygel-trendy-nails","8":"product_cat-bestseller","9":"product_cat-builer-gel-trendy-nails","10":"product_cat-modeling-gel-trendy-nails","11":"berocket_brand-trendy-nails","13":"first","14":"instock","15":"taxable","16":"shipping-taxable","17":"purchasable","18":"product-type-variable"},"acf":[],"brands":[],"_links":{"self":[{"href":"https:\/\/mikeladzenailstore.com\/sk\/wp-json\/wp\/v2\/product\/11637","targetHints":{"allow":["GET"]}}],"collection":[{"href":"https:\/\/mikeladzenailstore.com\/sk\/wp-json\/wp\/v2\/product"}],"about":[{"href":"https:\/\/mikeladzenailstore.com\/sk\/wp-json\/wp\/v2\/types\/product"}],"replies":[{"embeddable":true,"href":"https:\/\/mikeladzenailstore.com\/sk\/wp-json\/wp\/v2\/comments?post=11637"}],"version-history":[{"count":1,"href":"https:\/\/mikeladzenailstore.com\/sk\/wp-json\/wp\/v2\/product\/11637\/revisions"}],"predecessor-version":[{"id":21340,"href":"https:\/\/mikeladzenailstore.com\/sk\/wp-json\/wp\/v2\/product\/11637\/revisions\/21340"}],"wp:featuredmedia":[{"embeddable":true,"href":"https:\/\/mikeladzenailstore.com\/sk\/wp-json\/wp\/v2\/media\/11629"}],"wp:attachment":[{"href":"https:\/\/mikeladzenailstore.com\/sk\/wp-json\/wp\/v2\/media?parent=11637"}],"wp:term":[{"taxonomy":"pwb-brand","embeddable":true,"href":"https:\/\/mikeladzenailstore.com\/sk\/wp-json\/wp\/v2\/pwb-brand?post=11637"},{"taxonomy":"product_brand","embeddable":true,"href":"https:\/\/mikeladzenailstore.com\/sk\/wp-json\/wp\/v2\/product_brand?post=11637"},{"taxonomy":"product_cat","embeddable":true,"href":"https:\/\/mikeladzenailstore.com\/sk\/wp-json\/wp\/v2\/product_cat?post=11637"},{"taxonomy":"product_tag","embeddable":true,"href":"https:\/\/mikeladzenailstore.com\/sk\/wp-json\/wp\/v2\/product_tag?post=11637"},{"taxonomy":"berocket_brand","embeddable":true,"href":"https:\/\/mikeladzenailstore.com\/sk\/wp-json\/wp\/v2\/berocket_brand?post=11637"}],"curies":[{"name":"wp","href":"https:\/\/api.w.org\/{rel}","templated":true}]}}