{"id":12364,"date":"2025-12-11T15:25:39","date_gmt":"2025-12-11T15:25:39","guid":{"rendered":"https:\/\/mikeladzenailstore.com\/?post_type=product&#038;p=12364"},"modified":"2026-03-06T11:11:15","modified_gmt":"2026-03-06T11:11:15","slug":"modeling-gel-menta-trendy-nails","status":"publish","type":"product","link":"https:\/\/mikeladzenailstore.com\/sk\/produkt\/modeling-gel-menta-trendy-nails\/","title":{"rendered":"Modeling gel MENTA Trendy nails"},"content":{"rendered":"<p data-start=\"68\" data-end=\"265\"><strong data-start=\"68\" data-end=\"107\">Objevte novou \u00farove\u0148 modelace neht\u016f<\/strong> s na\u0161\u00edm <strong data-start=\"116\" data-end=\"143\">Modeling gelem \u201eAlmond\u201c<\/strong> \u2013 profesion\u00e1ln\u00ed formul\u00ed <strong data-start=\"168\" data-end=\"186\">bez HEMA a TPO<\/strong>, kter\u00e1 v sob\u011b spojuje <strong data-start=\"209\" data-end=\"245\">bezpe\u010dnost, v\u00fdkon a v\u0161estrannost<\/strong> v jedin\u00e9m produktu.<\/p>\n<p data-start=\"267\" data-end=\"409\">D\u00edky <strong data-start=\"272\" data-end=\"312\">st\u0159edn\u00ed, samovyrovn\u00e1vac\u00ed konzistenci<\/strong> je ide\u00e1ln\u00ed pro <strong data-start=\"328\" data-end=\"373\">modelaci, refill, zpevn\u011bn\u00ed i prodlu\u017eov\u00e1n\u00ed<\/strong> na \u0161ablon\u00e1ch nebo <strong data-start=\"392\" data-end=\"408\">dual form\u00e1ch<\/strong>.<\/p>\n<p data-start=\"411\" data-end=\"562\">Jeho <strong data-start=\"416\" data-end=\"459\">hedv\u00e1bn\u00e1, dob\u0159e kontrolovateln\u00e1 textura<\/strong> se snadno tvaruje, vytv\u00e1\u0159\u00ed <strong data-start=\"487\" data-end=\"513\">hladk\u00fd a odoln\u00fd povrch<\/strong> a z\u00e1rove\u0148 si zachov\u00e1v\u00e1 <strong data-start=\"537\" data-end=\"561\">vyv\u00e1\u017eenou elasticitu<\/strong>.<\/p>\n<p data-start=\"564\" data-end=\"751\">Odst\u00edn <strong data-start=\"571\" data-end=\"581\">Almond<\/strong> \u2013 <strong data-start=\"584\" data-end=\"643\">neutr\u00e1ln\u00ed r\u016f\u017eovo-b\u00e9\u017eov\u00fd t\u00f3n s tepl\u00fdmi kr\u00e9mov\u00fdmi podt\u00f3ny<\/strong> \u2013 dod\u00e1v\u00e1 neht\u016fm <strong data-start=\"660\" data-end=\"696\">elegantn\u00ed a p\u0159irozen\u00fd nude efekt<\/strong>, ide\u00e1ln\u00ed pro <strong data-start=\"710\" data-end=\"726\">jemn\u00fd french<\/strong> i <strong data-start=\"729\" data-end=\"750\">salonn\u00ed soft look<\/strong>.<\/p>\n<p data-start=\"753\" data-end=\"897\">D\u00edky <strong data-start=\"758\" data-end=\"796\">vysok\u00e9 p\u0159ilnavosti a dlouh\u00e9 v\u00fddr\u017ei<\/strong> je tento gel ide\u00e1ln\u00ed volbou pro <strong data-start=\"829\" data-end=\"896\">profesion\u00e1lky, kter\u00e9 po\u017eaduj\u00ed bezchybn\u00e9 v\u00fdsledky bez kompromis\u016f<\/strong>.<\/p>\n","protected":false},"excerpt":{"rendered":"<p>Objevte novou \u00farove\u0148 modelace neht\u016f s na\u0161\u00edm Modeling gelem \u201eAlmond\u201c \u2013 profesion\u00e1ln\u00ed formul\u00ed bez HEMA a TPO, kter\u00e1 v sob\u011b spojuje bezpe\u010dnost, v\u00fdkon a v\u0161estrannost v jedin\u00e9m produktu. D\u00edky st\u0159edn\u00ed, samovyrovn\u00e1vac\u00ed konzistenci je ide\u00e1ln\u00ed pro modelaci, refill, zpevn\u011bn\u00ed i prodlu\u017eov\u00e1n\u00ed na \u0161ablon\u00e1ch nebo dual form\u00e1ch. Jeho hedv\u00e1bn\u00e1, dob\u0159e kontrolovateln\u00e1 textura se snadno tvaruje, vytv\u00e1\u0159\u00ed hladk\u00fd [&hellip;]<\/p>\n","protected":false},"featured_media":11830,"comment_status":"open","ping_status":"closed","template":"","meta":[],"pwb-brand":[],"product_brand":[],"product_cat":[656,532],"product_tag":[],"berocket_brand":[437],"class_list":{"0":"post-12364","1":"product","2":"type-product","3":"status-publish","4":"has-post-thumbnail","6":"product_cat-modeling-gel-trendy-nails","7":"product_cat-novinky","8":"berocket_brand-trendy-nails","10":"first","11":"instock","12":"taxable","13":"shipping-taxable","14":"purchasable","15":"product-type-variable"},"acf":[],"brands":[],"_links":{"self":[{"href":"https:\/\/mikeladzenailstore.com\/sk\/wp-json\/wp\/v2\/product\/12364","targetHints":{"allow":["GET"]}}],"collection":[{"href":"https:\/\/mikeladzenailstore.com\/sk\/wp-json\/wp\/v2\/product"}],"about":[{"href":"https:\/\/mikeladzenailstore.com\/sk\/wp-json\/wp\/v2\/types\/product"}],"replies":[{"embeddable":true,"href":"https:\/\/mikeladzenailstore.com\/sk\/wp-json\/wp\/v2\/comments?post=12364"}],"version-history":[{"count":0,"href":"https:\/\/mikeladzenailstore.com\/sk\/wp-json\/wp\/v2\/product\/12364\/revisions"}],"wp:featuredmedia":[{"embeddable":true,"href":"https:\/\/mikeladzenailstore.com\/sk\/wp-json\/wp\/v2\/media\/11830"}],"wp:attachment":[{"href":"https:\/\/mikeladzenailstore.com\/sk\/wp-json\/wp\/v2\/media?parent=12364"}],"wp:term":[{"taxonomy":"pwb-brand","embeddable":true,"href":"https:\/\/mikeladzenailstore.com\/sk\/wp-json\/wp\/v2\/pwb-brand?post=12364"},{"taxonomy":"product_brand","embeddable":true,"href":"https:\/\/mikeladzenailstore.com\/sk\/wp-json\/wp\/v2\/product_brand?post=12364"},{"taxonomy":"product_cat","embeddable":true,"href":"https:\/\/mikeladzenailstore.com\/sk\/wp-json\/wp\/v2\/product_cat?post=12364"},{"taxonomy":"product_tag","embeddable":true,"href":"https:\/\/mikeladzenailstore.com\/sk\/wp-json\/wp\/v2\/product_tag?post=12364"},{"taxonomy":"berocket_brand","embeddable":true,"href":"https:\/\/mikeladzenailstore.com\/sk\/wp-json\/wp\/v2\/berocket_brand?post=12364"}],"curies":[{"name":"wp","href":"https:\/\/api.w.org\/{rel}","templated":true}]}}