{"id":15736,"date":"2026-01-12T19:31:27","date_gmt":"2026-01-12T19:31:27","guid":{"rendered":"https:\/\/mikeladzenailstore.com\/?post_type=product&#038;p=15736"},"modified":"2026-03-07T19:32:51","modified_gmt":"2026-03-07T19:32:51","slug":"staleks-freza-modra-plamen-diamantova-fa11b021-8","status":"publish","type":"product","link":"https:\/\/mikeladzenailstore.com\/sk\/produkt\/staleks-freza-modra-plamen-diamantova-fa11b021-8\/","title":{"rendered":"STALEKS fr\u00e9za modr\u00e1 plamen, diamantov\u00e1 FA11B021\/8"},"content":{"rendered":"<h2><strong data-start=\"82\" data-end=\"126\">Diamantov\u00e1 fr\u00e9zka STALEKS PRO FA11B021-8<\/strong>\u00a0s modr\u00fdm st\u0159edn\u00edm brusn\u00fdm p\u00e1skem. Tvar \u201eostr\u00fd plamen\u201c je ide\u00e1ln\u00ed pro jemn\u00e9 zpracov\u00e1n\u00ed k\u016f\u017ei\u010dky, bo\u010dn\u00edch nehtov\u00fdch val\u016f a odstran\u011bn\u00ed odloupnut\u00ed bez rizika poran\u011bn\u00ed poko\u017eky. Vhodn\u00e1 pro za\u010d\u00e1te\u010dn\u00edky i zku\u0161en\u00e9 profesion\u00e1ly. Umo\u017e\u0148uje tak\u00e9 odstran\u011bn\u00ed gel laku, akrylu a ozdob. Vysok\u00e1 kvalita diamantov\u00e9ho povrchu, odoln\u00e1 v\u016f\u010di korozi, vhodn\u00e1 ke v\u0161em typ\u016fm sterilizace a dezinfekce.<\/h2>\n","protected":false},"excerpt":{"rendered":"<p>Diamantov\u00e1 fr\u00e9zka STALEKS PRO FA11B021-8\u00a0s modr\u00fdm st\u0159edn\u00edm brusn\u00fdm p\u00e1skem. Tvar \u201eostr\u00fd plamen\u201c je ide\u00e1ln\u00ed pro jemn\u00e9 zpracov\u00e1n\u00ed k\u016f\u017ei\u010dky, bo\u010dn\u00edch nehtov\u00fdch val\u016f a odstran\u011bn\u00ed odloupnut\u00ed bez rizika poran\u011bn\u00ed poko\u017eky. Vhodn\u00e1 pro za\u010d\u00e1te\u010dn\u00edky i zku\u0161en\u00e9 profesion\u00e1ly. Umo\u017e\u0148uje tak\u00e9 odstran\u011bn\u00ed gel laku, akrylu a ozdob. Vysok\u00e1 kvalita diamantov\u00e9ho povrchu, odoln\u00e1 v\u016f\u010di korozi, vhodn\u00e1 ke v\u0161em typ\u016fm sterilizace a [&hellip;]<\/p>\n","protected":false},"featured_media":15738,"comment_status":"open","ping_status":"closed","template":"","meta":[],"pwb-brand":[],"product_brand":[],"product_cat":[690,496],"product_tag":[],"berocket_brand":[436],"class_list":{"0":"post-15736","1":"product","2":"type-product","3":"status-publish","4":"has-post-thumbnail","6":"product_cat-diamantove-frezy","7":"product_cat-bestseller","8":"berocket_brand-staleks","10":"first","11":"instock","12":"taxable","13":"shipping-taxable","14":"purchasable","15":"product-type-simple"},"acf":[],"brands":[],"_links":{"self":[{"href":"https:\/\/mikeladzenailstore.com\/sk\/wp-json\/wp\/v2\/product\/15736","targetHints":{"allow":["GET"]}}],"collection":[{"href":"https:\/\/mikeladzenailstore.com\/sk\/wp-json\/wp\/v2\/product"}],"about":[{"href":"https:\/\/mikeladzenailstore.com\/sk\/wp-json\/wp\/v2\/types\/product"}],"replies":[{"embeddable":true,"href":"https:\/\/mikeladzenailstore.com\/sk\/wp-json\/wp\/v2\/comments?post=15736"}],"version-history":[{"count":0,"href":"https:\/\/mikeladzenailstore.com\/sk\/wp-json\/wp\/v2\/product\/15736\/revisions"}],"wp:featuredmedia":[{"embeddable":true,"href":"https:\/\/mikeladzenailstore.com\/sk\/wp-json\/wp\/v2\/media\/15738"}],"wp:attachment":[{"href":"https:\/\/mikeladzenailstore.com\/sk\/wp-json\/wp\/v2\/media?parent=15736"}],"wp:term":[{"taxonomy":"pwb-brand","embeddable":true,"href":"https:\/\/mikeladzenailstore.com\/sk\/wp-json\/wp\/v2\/pwb-brand?post=15736"},{"taxonomy":"product_brand","embeddable":true,"href":"https:\/\/mikeladzenailstore.com\/sk\/wp-json\/wp\/v2\/product_brand?post=15736"},{"taxonomy":"product_cat","embeddable":true,"href":"https:\/\/mikeladzenailstore.com\/sk\/wp-json\/wp\/v2\/product_cat?post=15736"},{"taxonomy":"product_tag","embeddable":true,"href":"https:\/\/mikeladzenailstore.com\/sk\/wp-json\/wp\/v2\/product_tag?post=15736"},{"taxonomy":"berocket_brand","embeddable":true,"href":"https:\/\/mikeladzenailstore.com\/sk\/wp-json\/wp\/v2\/berocket_brand?post=15736"}],"curies":[{"name":"wp","href":"https:\/\/api.w.org\/{rel}","templated":true}]}}