{"id":15746,"date":"2026-01-12T19:37:19","date_gmt":"2026-01-12T19:37:19","guid":{"rendered":"https:\/\/mikeladzenailstore.com\/?post_type=product&#038;p=15746"},"modified":"2026-02-04T00:38:41","modified_gmt":"2026-02-04T00:38:41","slug":"profesionalni-nuzky-na-kuzicku-smart-40-typ-3","status":"publish","type":"product","link":"https:\/\/mikeladzenailstore.com\/sk\/produkt\/profesionalni-nuzky-na-kuzicku-smart-40-typ-3\/","title":{"rendered":"Profesion\u00e1ln\u00ed n\u016f\u017eky na k\u016f\u017ei\u010dku SMART 40 TYP 3"},"content":{"rendered":"<ul>\n<li>Klasick\u00fd polom\u011br ohybu \u010depele.<\/li>\n<li>Tenk\u00e9 a \u00fazk\u00e9 \u010depele umo\u017e\u0148uj\u00ed snadn\u00fd p\u0159\u00edstup ke k\u016f\u017ei\u010dce.<\/li>\n<li>\u010cist\u00fd a p\u0159esn\u00fd st\u0159ih d\u00edky profesion\u00e1ln\u00edmu ru\u010dn\u00edmu brou\u0161en\u00ed.<\/li>\n<li>Rovn\u00e9 podlouhl\u00e9 rukojeti.<\/li>\n<li>Standardn\u00ed krou\u017eky s m\u011bkk\u00fdmi silikonov\u00fdmi vlo\u017ekami neod\u00edraj\u00ed prsty a poskytuj\u00ed pohodl\u00ed p\u0159i pr\u00e1ci.<\/li>\n<li>Sn\u00ed\u017een\u00ed \u00fanavy rukou p\u0159i pr\u00e1ci d\u00edky snadn\u00e9mu tahu n\u016f\u017eek.<\/li>\n<li>Matn\u00fd povrch rukojet\u00ed neodr\u00e1\u017e\u00ed sv\u011btlo a nenam\u00e1h\u00e1 o\u010di technika.<\/li>\n<li>Vysokolegovan\u00e1 nerezov\u00e1 ocel.<\/li>\n<li>Odoln\u00e9 v\u016f\u010di sterilizaci v such\u00e9 peci a autokl\u00e1vu.<\/li>\n<li>Silikonov\u00e9 vlo\u017eky jsou odoln\u00e9 v\u016f\u010di v\u0161em typ\u016fm sterilizace (D\u016fle\u017eit\u00e9: p\u0159ed zpracov\u00e1n\u00edm vyjm\u011bte silikonov\u00e9 vlo\u017eky z n\u016f\u017eek, sterilizujte je odd\u011blen\u011b, p\u0159ed zah\u00e1jen\u00edm pr\u00e1ce je nasa\u010fte zp\u011bt na n\u016f\u017eky).<\/li>\n<li>Lze je podrobit dezinfekci speci\u00e1ln\u00edmi prost\u0159edky.<\/li>\n<li>Doporu\u010deno pro manik\u00faru.<\/li>\n<\/ul>\n","protected":false},"excerpt":{"rendered":"<p>Klasick\u00fd polom\u011br ohybu \u010depele. Tenk\u00e9 a \u00fazk\u00e9 \u010depele umo\u017e\u0148uj\u00ed snadn\u00fd p\u0159\u00edstup ke k\u016f\u017ei\u010dce. \u010cist\u00fd a p\u0159esn\u00fd st\u0159ih d\u00edky profesion\u00e1ln\u00edmu ru\u010dn\u00edmu brou\u0161en\u00ed. Rovn\u00e9 podlouhl\u00e9 rukojeti. Standardn\u00ed krou\u017eky s m\u011bkk\u00fdmi silikonov\u00fdmi vlo\u017ekami neod\u00edraj\u00ed prsty a poskytuj\u00ed pohodl\u00ed p\u0159i pr\u00e1ci. Sn\u00ed\u017een\u00ed \u00fanavy rukou p\u0159i pr\u00e1ci d\u00edky snadn\u00e9mu tahu n\u016f\u017eek. Matn\u00fd povrch rukojet\u00ed neodr\u00e1\u017e\u00ed sv\u011btlo a nenam\u00e1h\u00e1 o\u010di technika. [&hellip;]<\/p>\n","protected":false},"featured_media":15751,"comment_status":"open","ping_status":"closed","template":"","meta":[],"pwb-brand":[],"product_brand":[],"product_cat":[684],"product_tag":[],"berocket_brand":[436],"class_list":{"0":"post-15746","1":"product","2":"type-product","3":"status-publish","4":"has-post-thumbnail","6":"product_cat-manikurni-nuzky","7":"berocket_brand-staleks","9":"first","10":"instock","11":"taxable","12":"shipping-taxable","13":"purchasable","14":"product-type-simple"},"acf":[],"brands":[],"_links":{"self":[{"href":"https:\/\/mikeladzenailstore.com\/sk\/wp-json\/wp\/v2\/product\/15746","targetHints":{"allow":["GET"]}}],"collection":[{"href":"https:\/\/mikeladzenailstore.com\/sk\/wp-json\/wp\/v2\/product"}],"about":[{"href":"https:\/\/mikeladzenailstore.com\/sk\/wp-json\/wp\/v2\/types\/product"}],"replies":[{"embeddable":true,"href":"https:\/\/mikeladzenailstore.com\/sk\/wp-json\/wp\/v2\/comments?post=15746"}],"version-history":[{"count":0,"href":"https:\/\/mikeladzenailstore.com\/sk\/wp-json\/wp\/v2\/product\/15746\/revisions"}],"wp:featuredmedia":[{"embeddable":true,"href":"https:\/\/mikeladzenailstore.com\/sk\/wp-json\/wp\/v2\/media\/15751"}],"wp:attachment":[{"href":"https:\/\/mikeladzenailstore.com\/sk\/wp-json\/wp\/v2\/media?parent=15746"}],"wp:term":[{"taxonomy":"pwb-brand","embeddable":true,"href":"https:\/\/mikeladzenailstore.com\/sk\/wp-json\/wp\/v2\/pwb-brand?post=15746"},{"taxonomy":"product_brand","embeddable":true,"href":"https:\/\/mikeladzenailstore.com\/sk\/wp-json\/wp\/v2\/product_brand?post=15746"},{"taxonomy":"product_cat","embeddable":true,"href":"https:\/\/mikeladzenailstore.com\/sk\/wp-json\/wp\/v2\/product_cat?post=15746"},{"taxonomy":"product_tag","embeddable":true,"href":"https:\/\/mikeladzenailstore.com\/sk\/wp-json\/wp\/v2\/product_tag?post=15746"},{"taxonomy":"berocket_brand","embeddable":true,"href":"https:\/\/mikeladzenailstore.com\/sk\/wp-json\/wp\/v2\/berocket_brand?post=15746"}],"curies":[{"name":"wp","href":"https:\/\/api.w.org\/{rel}","templated":true}]}}