{"id":15847,"date":"2026-01-16T17:24:04","date_gmt":"2026-01-16T17:24:04","guid":{"rendered":"https:\/\/mikeladzenailstore.com\/?post_type=product&#038;p=15847"},"modified":"2026-02-04T20:13:55","modified_gmt":"2026-02-04T20:13:55","slug":"katalog-trendy-nails","status":"publish","type":"product","link":"https:\/\/mikeladzenailstore.com\/sk\/produkt\/katalog-trendy-nails\/","title":{"rendered":"Catalog  Trendy nails ENG"},"content":{"rendered":"","protected":false},"excerpt":{"rendered":"<p>V tomto katalogu najdete fotografie a popisy v\u0161ech materi\u00e1l\u016f spole\u010dnosti Trendy Materials v angli\u0107tin\u00e9. Budete se s nimi moci sezn\u00e1mit podrobn\u011bji, najdete zde tak\u00e9 popis konzistence, informace o tom, jak s nimi spr\u00e1vn\u011b pracovat, a detailn\u00ed fotografie, kter\u00e9 ukazuj\u00ed, jak jednotliv\u00e9 produkty vypadaj\u00ed.<\/p>\n<p>Katalog si m\u016f\u017eete ulo\u017eit a m\u00edt ho kdykoliv po ruce, abyste se mohli kdykoliv pod\u00edvat, kter\u00fd produkt je pro v\u00e1s a va\u0161eho klienta nejvhodn\u011bj\u0161\u00ed.<\/p>\n","protected":false},"featured_media":15859,"comment_status":"closed","ping_status":"closed","template":"","meta":[],"pwb-brand":[],"product_brand":[],"product_cat":[93,613,619,658,654,84,480,490,481,646],"product_tag":[],"berocket_brand":[175],"class_list":{"0":"post-15847","1":"product","2":"type-product","3":"status-publish","4":"has-post-thumbnail","6":"product_cat-topy-trendy-nails","7":"product_cat-acrygel-trendy-nails","8":"product_cat-builer-gel-trendy-nails","9":"product_cat-gel-polish-trendy-nails","10":"product_cat-modeling-gel-trendy-nails","11":"product_cat-nail-art","12":"product_cat-nail-brushes","13":"product_cat-nail-stamping","14":"product_cat-specialni-prostredky","15":"product_cat-upper-forms","16":"berocket_brand-trendy-nails","18":"first","19":"instock","20":"downloadable","21":"virtual","22":"taxable","23":"purchasable","24":"product-type-simple"},"acf":[],"brands":[],"_links":{"self":[{"href":"https:\/\/mikeladzenailstore.com\/sk\/wp-json\/wp\/v2\/product\/15847","targetHints":{"allow":["GET"]}}],"collection":[{"href":"https:\/\/mikeladzenailstore.com\/sk\/wp-json\/wp\/v2\/product"}],"about":[{"href":"https:\/\/mikeladzenailstore.com\/sk\/wp-json\/wp\/v2\/types\/product"}],"replies":[{"embeddable":true,"href":"https:\/\/mikeladzenailstore.com\/sk\/wp-json\/wp\/v2\/comments?post=15847"}],"version-history":[{"count":0,"href":"https:\/\/mikeladzenailstore.com\/sk\/wp-json\/wp\/v2\/product\/15847\/revisions"}],"wp:featuredmedia":[{"embeddable":true,"href":"https:\/\/mikeladzenailstore.com\/sk\/wp-json\/wp\/v2\/media\/15859"}],"wp:attachment":[{"href":"https:\/\/mikeladzenailstore.com\/sk\/wp-json\/wp\/v2\/media?parent=15847"}],"wp:term":[{"taxonomy":"pwb-brand","embeddable":true,"href":"https:\/\/mikeladzenailstore.com\/sk\/wp-json\/wp\/v2\/pwb-brand?post=15847"},{"taxonomy":"product_brand","embeddable":true,"href":"https:\/\/mikeladzenailstore.com\/sk\/wp-json\/wp\/v2\/product_brand?post=15847"},{"taxonomy":"product_cat","embeddable":true,"href":"https:\/\/mikeladzenailstore.com\/sk\/wp-json\/wp\/v2\/product_cat?post=15847"},{"taxonomy":"product_tag","embeddable":true,"href":"https:\/\/mikeladzenailstore.com\/sk\/wp-json\/wp\/v2\/product_tag?post=15847"},{"taxonomy":"berocket_brand","embeddable":true,"href":"https:\/\/mikeladzenailstore.com\/sk\/wp-json\/wp\/v2\/berocket_brand?post=15847"}],"curies":[{"name":"wp","href":"https:\/\/api.w.org\/{rel}","templated":true}]}}