{"id":17044,"date":"2026-02-05T09:47:19","date_gmt":"2026-02-05T09:47:19","guid":{"rendered":"https:\/\/mikeladzenailstore.com\/?post_type=product&#038;p=17044"},"modified":"2026-03-06T21:27:32","modified_gmt":"2026-03-06T21:27:32","slug":"top-powder-trendy-nails","status":"publish","type":"product","link":"https:\/\/mikeladzenailstore.com\/sk\/produkt\/top-powder-trendy-nails\/","title":{"rendered":"Top POWDER Trendy nails"},"content":{"rendered":"<div style=\"width: 464px;\" class=\"wp-video\"><video class=\"wp-video-shortcode\" id=\"video-17044-1\" width=\"464\" height=\"848\" preload=\"metadata\" controls=\"controls\"><source type=\"video\/mp4\" src=\"https:\/\/mikeladzenailstore.com\/wp-content\/uploads\/2026\/02\/video_2026-01-20_12-12-32.mp4?_=1\" \/><a href=\"https:\/\/mikeladzenailstore.com\/wp-content\/uploads\/2026\/02\/video_2026-01-20_12-12-32.mp4\">https:\/\/mikeladzenailstore.com\/wp-content\/uploads\/2026\/02\/video_2026-01-20_12-12-32.mp4<\/a><\/video><\/div>\n<h3 data-start=\"101\" data-end=\"166\">Vrchn\u00ed top bez disperzn\u00ed vrstvy s jemn\u00fdm ml\u00e9\u010dn\u011b b\u00edl\u00fdm efektem<\/h3>\n<p data-start=\"168\" data-end=\"489\"><strong data-start=\"168\" data-end=\"180\">Top Milk<\/strong> je ide\u00e1ln\u00ed volbou pro ty, kte\u0159\u00ed hledaj\u00ed lesklou a elegantn\u00ed manik\u00faru. D\u00edky jemn\u00e9 pigmentaci rovnom\u011brn\u011b kryje nehty ji\u017e v prvn\u00ed vrstv\u011b a zaji\u0161\u0165uje dokonal\u00fd v\u00fdsledek bez nutnosti opakovan\u00e9 aplikace. St\u0159edn\u011b tekut\u00e1 konzistence umo\u017e\u0148uje snadnou aplikaci bez pilov\u00e1n\u00ed, co\u017e \u0161et\u0159\u00ed \u010das a zaru\u010duje perfektn\u00ed v\u00fdsledek.<\/p>\n<h4 data-start=\"491\" data-end=\"514\">Hlavn\u00ed vlastnosti:<\/h4>\n<p data-start=\"515\" data-end=\"1023\">\u2022 Jemn\u00fd ml\u00e9\u010dn\u011b b\u00edl\u00fd odst\u00edn pro m\u011bkk\u00fd a sofistikovan\u00fd efekt<br data-start=\"573\" data-end=\"576\" \/>\u2022 Leskl\u00fd fini\u0161, kter\u00fd si zachov\u00e1v\u00e1 sv\u016fj lesk po celou dobu manik\u00fary<br data-start=\"643\" data-end=\"646\" \/>\u2022 Bez disperzn\u00ed (lepiv\u00e9) vrstvy<br data-start=\"677\" data-end=\"680\" \/>\u2022 V\u00fdjime\u010dn\u00e1 v\u00fddr\u017e bez zm\u011bny barvy \u2013 zachov\u00e1v\u00e1 jas a intenzitu odst\u00ednu<br data-start=\"749\" data-end=\"752\" \/>\u2022 St\u0159edn\u011b hust\u00e1 konzistence pro snadnou aplikaci bez nutnosti pilov\u00e1n\u00ed<br data-start=\"822\" data-end=\"825\" \/>\u2022 Elastick\u00fd a odoln\u00fd \u2013 neprask\u00e1 a nevytv\u00e1\u0159\u00ed odchlipy<br data-start=\"877\" data-end=\"880\" \/>\u2022 Soak Off technologie \u2013 snadn\u00e9 odstran\u011bn\u00ed pomoc\u00ed removeru, fr\u00e9zky nebo piln\u00edku<br data-start=\"959\" data-end=\"962\" \/>\u2022 Dostupn\u00fd v lahvi\u010dk\u00e1ch 8 ml a 15 ml s praktick\u00fdm \u0161t\u011bte\u010dkem<\/p>\n<h4 data-start=\"1025\" data-end=\"1044\">Hlavn\u00ed v\u00fdhody:<\/h4>\n<p data-start=\"1045\" data-end=\"1374\">\u2022 Maxim\u00e1ln\u00ed odolnost a dlouhotrvaj\u00edc\u00ed lesk<br data-start=\"1087\" data-end=\"1090\" \/>\u2022 Nem\u011bn\u00ed barvu \u2013 perfektn\u00ed odst\u00edn a\u017e do odstran\u011bn\u00ed<br data-start=\"1140\" data-end=\"1143\" \/>\u2022 \u00daspora \u010dasu: rychl\u00e1 a rovnom\u011brn\u00e1 aplikace bez nutnosti set\u0159en\u00ed<br data-start=\"1207\" data-end=\"1210\" \/>\u2022 Neprask\u00e1 a nezved\u00e1 se \u2013 zaji\u0161\u0165uje dlouhotrvaj\u00edc\u00ed manik\u00faru<br data-start=\"1269\" data-end=\"1272\" \/>\u2022 Samovyrovn\u00e1vac\u00ed \u2013 nen\u00ed pot\u0159eba pilov\u00e1n\u00ed<br data-start=\"1313\" data-end=\"1316\" \/>\u2022 Snadn\u00e9 odstran\u011bn\u00ed pomoc\u00ed removeru, fr\u00e9zky nebo piln\u00edku<\/p>\n<h4 data-start=\"1376\" data-end=\"1397\">Jak se aplikuje?<\/h4>\n<ol data-start=\"1398\" data-end=\"1909\">\n<li data-start=\"1398\" data-end=\"1499\">\n<p data-start=\"1401\" data-end=\"1499\">Lze aplikovat na jak\u00fdkoli typ model\u00e1\u017ee (gel, semipermanentn\u00ed lak, acrygel nebo zpev\u0148uj\u00edc\u00ed b\u00e1ze).<\/p>\n<\/li>\n<li data-start=\"1500\" data-end=\"1573\">\n<p data-start=\"1503\" data-end=\"1573\">Naneste tenkou vrstvu Top Milk na nehet pomoc\u00ed p\u0159ilo\u017een\u00e9ho \u0161t\u011bte\u010dku.<\/p>\n<\/li>\n<li data-start=\"1574\" data-end=\"1672\">\n<p data-start=\"1577\" data-end=\"1672\">Pro v\u011bt\u0161\u00ed p\u0159esnost v oblasti k\u016f\u017ei\u010dky doporu\u010dujeme pou\u017e\u00edt \u0161t\u011bte\u010dek <strong data-start=\"1643\" data-end=\"1669\">Linear od Trendy Nails<\/strong>.<\/p>\n<\/li>\n<li data-start=\"1673\" data-end=\"1744\">\n<p data-start=\"1676\" data-end=\"1744\">Polymerizace: 60 sekund v LED\/UV lamp\u011b nebo 120 sekund v UV lamp\u011b.<\/p>\n<\/li>\n<li data-start=\"1745\" data-end=\"1780\">\n<p data-start=\"1748\" data-end=\"1780\">Nen\u00ed nutn\u00e9 set\u00edrat cleanserem.<\/p>\n<\/li>\n<li data-start=\"1781\" data-end=\"1909\">\n<p data-start=\"1784\" data-end=\"1909\">Po polymerizaci nechte vychladnout alespo\u0148 <strong data-start=\"1827\" data-end=\"1841\">150 sekund<\/strong> p\u0159ed aplikac\u00ed olej\u00ed\u010dku na k\u016f\u017ei\u010dku, aby nedo\u0161lo ke zmatn\u011bn\u00ed povrchu.<\/p>\n<\/li>\n<\/ol>\n","protected":false},"excerpt":{"rendered":"<p>Vrchn\u00ed top bez disperzn\u00ed vrstvy s jemn\u00fdm ml\u00e9\u010dn\u011b b\u00edl\u00fdm efektem Top Milk je ide\u00e1ln\u00ed volbou pro ty, kte\u0159\u00ed hledaj\u00ed lesklou a elegantn\u00ed manik\u00faru. D\u00edky jemn\u00e9 pigmentaci rovnom\u011brn\u011b kryje nehty ji\u017e v prvn\u00ed vrstv\u011b a zaji\u0161\u0165uje dokonal\u00fd v\u00fdsledek bez nutnosti opakovan\u00e9 aplikace. St\u0159edn\u011b tekut\u00e1 konzistence umo\u017e\u0148uje snadnou aplikaci bez pilov\u00e1n\u00ed, co\u017e \u0161et\u0159\u00ed \u010das a zaru\u010duje perfektn\u00ed [&hellip;]<\/p>\n","protected":false},"featured_media":17057,"comment_status":"open","ping_status":"closed","template":"","meta":[],"pwb-brand":[],"product_brand":[],"product_cat":[496,250],"product_tag":[],"berocket_brand":[437],"class_list":{"0":"post-17044","1":"product","2":"type-product","3":"status-publish","4":"has-post-thumbnail","6":"product_cat-bestseller","7":"product_cat-topy-trendy-nails","8":"berocket_brand-trendy-nails","10":"first","11":"outofstock","12":"taxable","13":"shipping-taxable","14":"purchasable","15":"product-type-variable"},"acf":[],"brands":[],"_links":{"self":[{"href":"https:\/\/mikeladzenailstore.com\/sk\/wp-json\/wp\/v2\/product\/17044","targetHints":{"allow":["GET"]}}],"collection":[{"href":"https:\/\/mikeladzenailstore.com\/sk\/wp-json\/wp\/v2\/product"}],"about":[{"href":"https:\/\/mikeladzenailstore.com\/sk\/wp-json\/wp\/v2\/types\/product"}],"replies":[{"embeddable":true,"href":"https:\/\/mikeladzenailstore.com\/sk\/wp-json\/wp\/v2\/comments?post=17044"}],"version-history":[{"count":0,"href":"https:\/\/mikeladzenailstore.com\/sk\/wp-json\/wp\/v2\/product\/17044\/revisions"}],"wp:featuredmedia":[{"embeddable":true,"href":"https:\/\/mikeladzenailstore.com\/sk\/wp-json\/wp\/v2\/media\/17057"}],"wp:attachment":[{"href":"https:\/\/mikeladzenailstore.com\/sk\/wp-json\/wp\/v2\/media?parent=17044"}],"wp:term":[{"taxonomy":"pwb-brand","embeddable":true,"href":"https:\/\/mikeladzenailstore.com\/sk\/wp-json\/wp\/v2\/pwb-brand?post=17044"},{"taxonomy":"product_brand","embeddable":true,"href":"https:\/\/mikeladzenailstore.com\/sk\/wp-json\/wp\/v2\/product_brand?post=17044"},{"taxonomy":"product_cat","embeddable":true,"href":"https:\/\/mikeladzenailstore.com\/sk\/wp-json\/wp\/v2\/product_cat?post=17044"},{"taxonomy":"product_tag","embeddable":true,"href":"https:\/\/mikeladzenailstore.com\/sk\/wp-json\/wp\/v2\/product_tag?post=17044"},{"taxonomy":"berocket_brand","embeddable":true,"href":"https:\/\/mikeladzenailstore.com\/sk\/wp-json\/wp\/v2\/berocket_brand?post=17044"}],"curies":[{"name":"wp","href":"https:\/\/api.w.org\/{rel}","templated":true}]}}