{"id":17505,"date":"2026-02-21T17:53:49","date_gmt":"2026-02-21T17:53:49","guid":{"rendered":"https:\/\/mikeladzenailstore.com\/?post_type=product&#038;p=17505"},"modified":"2026-03-06T21:26:58","modified_gmt":"2026-03-06T21:26:58","slug":"modeling-gel-releve-rose-trendy-nails","status":"publish","type":"product","link":"https:\/\/mikeladzenailstore.com\/sk\/produkt\/modeling-gel-releve-rose-trendy-nails\/","title":{"rendered":"Modeling gel RELEVE ROSE Trendy nails"},"content":{"rendered":"<div class=\"flex flex-col text-sm\">\n<article class=\"text-token-text-primary w-full focus:outline-none [--shadow-height:45px] has-data-writing-block:pointer-events-none has-data-writing-block:-mt-(--shadow-height) has-data-writing-block:pt-(--shadow-height) [&amp;:has([data-writing-block])&gt;*]:pointer-events-auto scroll-mt-[calc(var(--header-height)+min(200px,max(70px,20svh)))]\" dir=\"auto\" tabindex=\"-1\" data-turn-id=\"request-69904561-868c-832e-8554-48743448e33d-8\" data-testid=\"conversation-turn-32\" data-scroll-anchor=\"true\" data-turn=\"assistant\">\n<div class=\"text-base my-auto mx-auto pb-10 [--thread-content-margin:--spacing(4)] @w-sm\/main:[--thread-content-margin:--spacing(6)] @w-lg\/main:[--thread-content-margin:--spacing(16)] px-(--thread-content-margin)\">\n<div class=\"[--thread-content-max-width:40rem] @w-lg\/main:[--thread-content-max-width:48rem] mx-auto max-w-(--thread-content-max-width) flex-1 group\/turn-messages focus-visible:outline-hidden relative flex w-full min-w-0 flex-col agent-turn\" tabindex=\"-1\">\n<div class=\"flex max-w-full flex-col grow\">\n<div class=\"min-h-8 text-message relative flex w-full flex-col items-end gap-2 text-start break-words whitespace-normal [.text-message+&amp;]:mt-1\" dir=\"auto\" data-message-author-role=\"assistant\" data-message-id=\"e6427adc-dd42-476c-88d3-9eeba7ea7399\" data-message-model-slug=\"gpt-5-2\">\n<div class=\"flex w-full flex-col gap-1 empty:hidden first:pt-[1px]\">\n<div class=\"markdown prose dark:prose-invert w-full wrap-break-word light markdown-new-styling\">\n<p data-start=\"0\" data-end=\"51\">Samovyrovn\u00e1vac\u00ed modelovac\u00ed gel z kolekce \u201eBalletti\u201c<\/p>\n<p data-start=\"53\" data-end=\"200\"><strong data-start=\"53\" data-end=\"83\">Balletti Modeling Gel RELEVE ROSE <\/strong>\u00a0je ide\u00e1ln\u00edm \u0159e\u0161en\u00edm pro ty, kte\u0159\u00ed cht\u011bj\u00ed bezchybn\u00e9, z\u00e1\u0159iv\u00e9 a perfektn\u011b strukturovan\u00e9 nehty bez zdlouhav\u00e9ho pilov\u00e1n\u00ed.<\/p>\n<p data-start=\"202\" data-end=\"399\">Jeho jemn\u00fd b\u00e9\u017eovo-broskvov\u00fd odst\u00edn obohacen\u00fd o drobn\u00e9 r\u016f\u017eov\u00e9 t\u0159pytky dod\u00e1v\u00e1 neht\u016fm p\u0159irozenou eleganci a decentn\u00ed sv\u011bteln\u00fd efekt \u2013 ide\u00e1ln\u00ed pro sofistikovanou, romantickou a v\u017edy upravenou manik\u00faru.<\/p>\n<p data-start=\"401\" data-end=\"689\">Pli\u00e9 je navr\u017een tak, aby spl\u0148oval po\u017eadavky profesion\u00e1lek hledaj\u00edc\u00edch v\u0161estrannost a maxim\u00e1ln\u00ed stabilitu: je perfektn\u00ed pro pr\u00e1ci s dual formami, tenk\u00e9 a odoln\u00e9 prodlou\u017een\u00ed, zpevn\u011bn\u00ed i korek\u010dn\u00ed dopln\u011bn\u00ed (refill). Umo\u017e\u0148uje jednoduchou, p\u0159esnou a pln\u011b kontrolovanou pr\u00e1ci p\u0159i ka\u017ed\u00e9 technice.<\/p>\n<p data-start=\"691\" data-end=\"852\" data-is-last-node=\"\" data-is-only-node=\"\">Vytvo\u0159en pro ty, kte\u0159\u00ed cht\u011bj\u00ed rychlost, kontrolu a vysok\u00fd v\u00fdkon, zaji\u0161\u0165uje dokonalou strukturu i na problematick\u00fdch nehtech a v\u00fdsledky s v\u00fddr\u017e\u00ed d\u00e9le ne\u017e 4 t\u00fddny.<\/p>\n<p data-start=\"0\" data-end=\"114\">Integrovan\u00fd shimmer a odlesky<br data-start=\"29\" data-end=\"32\" \/>Rozjas\u0148uj\u00ed manik\u00faru jemn\u00fdm a luxusn\u00edm leskem, perfektn\u00ed i bez pou\u017eit\u00ed dal\u0161\u00ed barvy.<\/p>\n<p data-start=\"116\" data-end=\"275\">Medov\u00e1, samovyrovn\u00e1vac\u00ed textura s vysokou p\u0159esnost\u00ed<br data-start=\"167\" data-end=\"170\" \/>Modeluje se sama, nest\u00e9k\u00e1 a v\u00fdrazn\u011b omezuje nutnost pilov\u00e1n\u00ed, co\u017e umo\u017e\u0148uje rychlej\u0161\u00ed a precizn\u011bj\u0161\u00ed pr\u00e1ci.<\/p>\n<p data-start=\"277\" data-end=\"388\">Vynikaj\u00edc\u00ed stabilita a odolnost<br data-start=\"308\" data-end=\"311\" \/>Udr\u017euje strukturu i C-oblouk dokonale vytvarovan\u00e9 bez propad\u00e1n\u00ed \u010di deformac\u00ed.<\/p>\n<p data-start=\"390\" data-end=\"479\">V\u00fddr\u017e v\u00edce ne\u017e 4 t\u00fddny<br data-start=\"412\" data-end=\"415\" \/>Zaru\u010duje bezchybnou manik\u00faru bez zved\u00e1n\u00ed, l\u00e1m\u00e1n\u00ed nebo \u017eloutnut\u00ed.<\/p>\n<p data-start=\"481\" data-end=\"583\">Kontrolovan\u00e1 elasticita<br data-start=\"504\" data-end=\"507\" \/>Ide\u00e1ln\u00ed rovnov\u00e1ha mezi pevnost\u00ed a pru\u017enost\u00ed pro komfortn\u00ed a bezpe\u010dn\u00e9 no\u0161en\u00ed.<\/p>\n<p data-start=\"585\" data-end=\"675\">Bez pocitu p\u00e1len\u00ed v lamp\u011b<br data-start=\"610\" data-end=\"613\" \/>Slo\u017een\u00ed vyvinut\u00e9 pro sn\u00ed\u017een\u00ed vn\u00edm\u00e1n\u00ed tepla b\u011bhem polymerizace.<\/p>\n<p data-start=\"677\" data-end=\"825\">Profesion\u00e1ln\u00ed v\u0161estrannost<br data-start=\"703\" data-end=\"706\" \/>Vhodn\u00fd pro prodlou\u017een\u00ed bez pilov\u00e1n\u00ed, rychl\u00e9 refilly, tenk\u00e9 p\u0159ekryt\u00ed, reverzn\u00ed french, pr\u00e1ci se \u0161ablonou i dual formami.<\/p>\n<p data-start=\"827\" data-end=\"923\">Bezpe\u010dn\u00e9 slo\u017een\u00ed bez HEMA a TPO<br data-start=\"858\" data-end=\"861\" \/>Minimalizuje riziko podr\u00e1\u017ed\u011bn\u00ed, vhodn\u00e9 i pro citliv\u00e9 klientky.<\/p>\n<p data-start=\"925\" data-end=\"962\">Dostupn\u00fd ve form\u00e1tech 15 ml a 30 ml<\/p>\n<p data-start=\"964\" data-end=\"986\">Technick\u00e9 vlastnosti<\/p>\n<ul data-start=\"987\" data-end=\"1263\" data-is-last-node=\"\" data-is-only-node=\"\">\n<li data-start=\"987\" data-end=\"1053\">\n<p data-start=\"989\" data-end=\"1053\">Kontrolovan\u00e9 kryt\u00ed: pln\u00e9 uprost\u0159ed a polopr\u016fsvitn\u00e9 po stran\u00e1ch<\/p>\n<\/li>\n<li data-start=\"1054\" data-end=\"1087\">\n<p data-start=\"1056\" data-end=\"1087\">Odoln\u00fd ji\u017e od tlou\u0161\u0165ky 1,5 mm<\/p>\n<\/li>\n<li data-start=\"1088\" data-end=\"1112\">\n<p data-start=\"1090\" data-end=\"1112\">Rychl\u00e9 samovyrovn\u00e1n\u00ed<\/p>\n<\/li>\n<li data-start=\"1113\" data-end=\"1151\">\n<p data-start=\"1115\" data-end=\"1151\">\u00dapln\u00e1 polymerizace: 160\u2013180 sekund<\/p>\n<\/li>\n<li data-start=\"1152\" data-end=\"1191\">\n<p data-start=\"1154\" data-end=\"1191\">Zafixov\u00e1n\u00ed horn\u00edho tvaru: 3 sekundy<\/p>\n<\/li>\n<li data-start=\"1192\" data-end=\"1233\">\n<p data-start=\"1194\" data-end=\"1233\">\u010cas vytvo\u0159en\u00ed C-oblouku: 10\u201315 sekund<\/p>\n<\/li>\n<li data-start=\"1234\" data-end=\"1263\" data-is-last-node=\"\">\n<p data-start=\"1236\" data-end=\"1263\" data-is-last-node=\"\">Elasticita i v tenk\u00e9 vrstv\u011b<\/p>\n<\/li>\n<\/ul>\n<\/div>\n<\/div>\n<\/div>\n<\/div>\n<\/div>\n<\/div>\n<\/article>\n<\/div>\n<h3 data-start=\"1514\" data-end=\"1534\">Zp\u016fsob aplikace:<\/h3>\n<ol data-start=\"1535\" data-end=\"2033\">\n<li data-start=\"1535\" data-end=\"1706\">\n<p data-start=\"1538\" data-end=\"1706\"><strong data-start=\"1538\" data-end=\"1567\">P\u0159\u00edprava p\u0159\u00edrodn\u00edho nehtu<\/strong> \u2013 prove\u010fte mechanickou a chemickou p\u0159\u00edpravu, aplikujte Nail Prep. U problematick\u00fdch neht\u016f doporu\u010dujeme pou\u017e\u00edt tak\u00e9 <strong data-start=\"1683\" data-end=\"1703\">Multibond Primer<\/strong>.<\/p>\n<\/li>\n<li data-start=\"1707\" data-end=\"1790\">\n<p data-start=\"1710\" data-end=\"1790\"><strong data-start=\"1710\" data-end=\"1723\">\u010cir\u00e1 b\u00e1ze<\/strong> \u2013 naneste tenkou vrstvu <strong data-start=\"1748\" data-end=\"1762\">Base Light<\/strong> nebo <strong data-start=\"1768\" data-end=\"1787\">Dream Base Elsa<\/strong>.<\/p>\n<\/li>\n<li data-start=\"1791\" data-end=\"2033\">\n<p data-start=\"1794\" data-end=\"2033\"><strong data-start=\"1794\" data-end=\"1820\">Aplikace Modeling Gelu<\/strong> \u2013 naneste kuli\u010dku gelu na nehet a jemn\u00fdmi pohyby jej rozt\u00e1hn\u011bte od k\u016f\u017ei\u010dky ke \u0161pi\u010dce, vytvo\u0159te rovnom\u011brnou konstrukci a vytvr\u010fte v lamp\u011b. P\u0159i pr\u00e1ci s dual formami doporu\u010dujeme modelovat <strong data-start=\"2007\" data-end=\"2032\">jeden nehet po druh\u00e9m<\/strong>.<\/p>\n<\/li>\n<\/ol>\n<h3 data-start=\"2035\" data-end=\"2055\">Doba polymerace:<\/h3>\n<p data-start=\"2056\" data-end=\"2116\">\u2022 <strong data-start=\"2058\" data-end=\"2075\">LED\/UV lampa:<\/strong> 60 sekund<br data-start=\"2085\" data-end=\"2088\" \/>\u2022 <strong data-start=\"2090\" data-end=\"2103\">UV lampa:<\/strong> 120 sekund<\/p>\n<h3 data-start=\"2118\" data-end=\"2154\">Pin\u010dov\u00e1n\u00ed (tvarov\u00e1n\u00ed C-oblouku):<\/h3>\n<p data-start=\"2155\" data-end=\"2173\">\u2022 <strong data-start=\"2157\" data-end=\"2173\">10\u201320 sekund<\/strong><\/p>\n","protected":false},"excerpt":{"rendered":"<p>Samovyrovn\u00e1vac\u00ed modelovac\u00ed gel z kolekce \u201eBalletti\u201c Balletti Modeling Gel RELEVE ROSE \u00a0je ide\u00e1ln\u00edm \u0159e\u0161en\u00edm pro ty, kte\u0159\u00ed cht\u011bj\u00ed bezchybn\u00e9, z\u00e1\u0159iv\u00e9 a perfektn\u011b strukturovan\u00e9 nehty bez zdlouhav\u00e9ho pilov\u00e1n\u00ed. Jeho jemn\u00fd b\u00e9\u017eovo-broskvov\u00fd odst\u00edn obohacen\u00fd o drobn\u00e9 r\u016f\u017eov\u00e9 t\u0159pytky dod\u00e1v\u00e1 neht\u016fm p\u0159irozenou eleganci a decentn\u00ed sv\u011bteln\u00fd efekt \u2013 ide\u00e1ln\u00ed pro sofistikovanou, romantickou a v\u017edy upravenou manik\u00faru. Pli\u00e9 je [&hellip;]<\/p>\n","protected":false},"featured_media":17497,"comment_status":"open","ping_status":"closed","template":"","meta":[],"pwb-brand":[],"product_brand":[],"product_cat":[656],"product_tag":[],"berocket_brand":[437],"class_list":{"0":"post-17505","1":"product","2":"type-product","3":"status-publish","4":"has-post-thumbnail","6":"product_cat-modeling-gel-trendy-nails","7":"berocket_brand-trendy-nails","9":"first","10":"instock","11":"taxable","12":"shipping-taxable","13":"purchasable","14":"product-type-variable"},"acf":[],"brands":[],"_links":{"self":[{"href":"https:\/\/mikeladzenailstore.com\/sk\/wp-json\/wp\/v2\/product\/17505","targetHints":{"allow":["GET"]}}],"collection":[{"href":"https:\/\/mikeladzenailstore.com\/sk\/wp-json\/wp\/v2\/product"}],"about":[{"href":"https:\/\/mikeladzenailstore.com\/sk\/wp-json\/wp\/v2\/types\/product"}],"replies":[{"embeddable":true,"href":"https:\/\/mikeladzenailstore.com\/sk\/wp-json\/wp\/v2\/comments?post=17505"}],"version-history":[{"count":0,"href":"https:\/\/mikeladzenailstore.com\/sk\/wp-json\/wp\/v2\/product\/17505\/revisions"}],"wp:featuredmedia":[{"embeddable":true,"href":"https:\/\/mikeladzenailstore.com\/sk\/wp-json\/wp\/v2\/media\/17497"}],"wp:attachment":[{"href":"https:\/\/mikeladzenailstore.com\/sk\/wp-json\/wp\/v2\/media?parent=17505"}],"wp:term":[{"taxonomy":"pwb-brand","embeddable":true,"href":"https:\/\/mikeladzenailstore.com\/sk\/wp-json\/wp\/v2\/pwb-brand?post=17505"},{"taxonomy":"product_brand","embeddable":true,"href":"https:\/\/mikeladzenailstore.com\/sk\/wp-json\/wp\/v2\/product_brand?post=17505"},{"taxonomy":"product_cat","embeddable":true,"href":"https:\/\/mikeladzenailstore.com\/sk\/wp-json\/wp\/v2\/product_cat?post=17505"},{"taxonomy":"product_tag","embeddable":true,"href":"https:\/\/mikeladzenailstore.com\/sk\/wp-json\/wp\/v2\/product_tag?post=17505"},{"taxonomy":"berocket_brand","embeddable":true,"href":"https:\/\/mikeladzenailstore.com\/sk\/wp-json\/wp\/v2\/berocket_brand?post=17505"}],"curies":[{"name":"wp","href":"https:\/\/api.w.org\/{rel}","templated":true}]}}