{"id":17641,"date":"2026-02-21T18:18:32","date_gmt":"2026-02-21T18:18:32","guid":{"rendered":"https:\/\/mikeladzenailstore.com\/?post_type=product&#038;p=17641"},"modified":"2026-03-06T21:25:43","modified_gmt":"2026-03-06T21:25:43","slug":"cover-base-stone-trendy-nails","status":"publish","type":"product","link":"https:\/\/mikeladzenailstore.com\/sk\/produkt\/cover-base-stone-trendy-nails\/","title":{"rendered":"COVER BASE STONE Trendy nails"},"content":{"rendered":"<p data-start=\"0\" data-end=\"172\"><strong data-start=\"0\" data-end=\"27\">Crystal Glow Base STone<\/strong>\u00a0je ide\u00e1ln\u00edm \u0159e\u0161en\u00edm pro ty, kte\u0159\u00ed hledaj\u00ed perle\u0165ovou zpev\u0148uj\u00edc\u00ed semipermanentn\u00ed b\u00e1zi spojuj\u00edc\u00ed odolnost, p\u0159irozenost a eleganci v jedin\u00e9m kroku.<\/p>\n<p data-start=\"174\" data-end=\"409\">Je navr\u017eena pro profesion\u00e1lky, kter\u00e9 cht\u011bj\u00ed zpevn\u011bn\u00ed bez pilov\u00e1n\u00ed. Tato samovyrovn\u00e1vac\u00ed b\u00e1ze se st\u0159edn\u011b hustou konzistenc\u00ed se snadno aplikuje, rovnom\u011brn\u011b se vyrovn\u00e1 na povrchu a dod\u00e1 neht\u016fm upraven\u00fd a z\u00e1\u0159iv\u00fd vzhled ji\u017e od prvn\u00ed vrstvy.<\/p>\n<p data-start=\"411\" data-end=\"713\">Tepl\u00fd nude odst\u00edn b\u00e9\u017eovo-p\u00edskov\u00e9 barvy obohacen\u00fd o jemn\u00e9 st\u0159\u00edb\u0159it\u00e9 mikro odlesky zv\u00fdraz\u0148uje p\u0159irozen\u00fd nehet decentn\u00edm shimmer efektem \u2013 ide\u00e1ln\u00ed pro \u010distou, sofistikovanou a nad\u010dasovou manik\u00faru. Kryt\u00ed je modulovateln\u00e9: p\u0159i aplikaci 1\u20132 st\u0159edn\u011b tenk\u00fdch vrstev dok\u00e1\u017ee b\u00e1ze zcela p\u0159ekr\u00fdt nehtovou plot\u00e9nku.<\/p>\n<p data-start=\"715\" data-end=\"831\" data-is-last-node=\"\" data-is-only-node=\"\">Slo\u017een\u00ed bez HEMA a TPO zaji\u0161\u0165uje bezpe\u010dn\u011bj\u0161\u00ed a komfortn\u011bj\u0161\u00ed pou\u017eit\u00ed bez kompromis\u016f v oblasti v\u00fdkonu a dlouh\u00e9 v\u00fddr\u017ee.<\/p>\n<p>Ide\u00e1ln\u011b se hod\u00ed pro lehk\u00e9 vyrovn\u00e1n\u00ed povrchu nehtu nebo jako z\u00e1kladn\u00ed vrstva p\u0159ed prodlu\u017eov\u00e1n\u00edm. D\u00edky vyv\u00e1\u017een\u00e9 elasticit\u011b b\u00e1ze neprask\u00e1 ani se neodchlipuje a zaru\u010duje dlouhou odolnost materi\u00e1lu.<\/p>\n<p>Formule neobsahuje HEMA a TPO, co\u017e ji \u010din\u00ed maxim\u00e1ln\u011b bezpe\u010dnou pro stylisty i klienty se sklonem k alergick\u00fdm reakc\u00edm.<br \/>\nB\u011bhem polymerace m\u016f\u017ee u citliv\u00fdch neht\u016f doj\u00edt k m\u00edrn\u00e9mu pocitu tepla.<\/p>\n<p>V\u00fdhody:<br \/>\n\u2022 Bezpe\u010dn\u00e9 slo\u017een\u00ed bez HEMA a TPO<br \/>\n\u2022 St\u0159edn\u00ed konzistence \u2013 pohodln\u00e1 p\u0159i pr\u00e1ci<br \/>\n\u2022 V\u00fdborn\u00e1 adheze k p\u0159\u00edrodn\u00ed nehtov\u00e9 plot\u00e9nce<br \/>\n\u2022 Elastick\u00e1 \u2013 neprask\u00e1, neodchlipuje se<br \/>\n\u2022 Ide\u00e1ln\u00ed pro vyrovn\u00e1n\u00ed i pod prodlu\u017eov\u00e1n\u00ed<\/p>\n<p>Doba polymerace: 120\u2013180 s v LED lamp\u00e1ch 24 W<\/p>\n<p>&nbsp;<\/p>\n","protected":false},"excerpt":{"rendered":"<p>Crystal Glow Base STone\u00a0je ide\u00e1ln\u00edm \u0159e\u0161en\u00edm pro ty, kte\u0159\u00ed hledaj\u00ed perle\u0165ovou zpev\u0148uj\u00edc\u00ed semipermanentn\u00ed b\u00e1zi spojuj\u00edc\u00ed odolnost, p\u0159irozenost a eleganci v jedin\u00e9m kroku. Je navr\u017eena pro profesion\u00e1lky, kter\u00e9 cht\u011bj\u00ed zpevn\u011bn\u00ed bez pilov\u00e1n\u00ed. Tato samovyrovn\u00e1vac\u00ed b\u00e1ze se st\u0159edn\u011b hustou konzistenc\u00ed se snadno aplikuje, rovnom\u011brn\u011b se vyrovn\u00e1 na povrchu a dod\u00e1 neht\u016fm upraven\u00fd a z\u00e1\u0159iv\u00fd vzhled ji\u017e od [&hellip;]<\/p>\n","protected":false},"featured_media":17644,"comment_status":"closed","ping_status":"closed","template":"","meta":[],"pwb-brand":[],"product_brand":[],"product_cat":[710,476],"product_tag":[],"berocket_brand":[175],"class_list":{"0":"post-17641","1":"product","2":"type-product","3":"status-publish","4":"has-post-thumbnail","6":"product_cat-cover-base-trendy-nails","7":"product_cat-novinky","8":"berocket_brand-trendy-nails","10":"first","11":"instock","12":"taxable","13":"shipping-taxable","14":"purchasable","15":"product-type-variable"},"acf":[],"brands":[],"_links":{"self":[{"href":"https:\/\/mikeladzenailstore.com\/sk\/wp-json\/wp\/v2\/product\/17641","targetHints":{"allow":["GET"]}}],"collection":[{"href":"https:\/\/mikeladzenailstore.com\/sk\/wp-json\/wp\/v2\/product"}],"about":[{"href":"https:\/\/mikeladzenailstore.com\/sk\/wp-json\/wp\/v2\/types\/product"}],"replies":[{"embeddable":true,"href":"https:\/\/mikeladzenailstore.com\/sk\/wp-json\/wp\/v2\/comments?post=17641"}],"version-history":[{"count":0,"href":"https:\/\/mikeladzenailstore.com\/sk\/wp-json\/wp\/v2\/product\/17641\/revisions"}],"wp:featuredmedia":[{"embeddable":true,"href":"https:\/\/mikeladzenailstore.com\/sk\/wp-json\/wp\/v2\/media\/17644"}],"wp:attachment":[{"href":"https:\/\/mikeladzenailstore.com\/sk\/wp-json\/wp\/v2\/media?parent=17641"}],"wp:term":[{"taxonomy":"pwb-brand","embeddable":true,"href":"https:\/\/mikeladzenailstore.com\/sk\/wp-json\/wp\/v2\/pwb-brand?post=17641"},{"taxonomy":"product_brand","embeddable":true,"href":"https:\/\/mikeladzenailstore.com\/sk\/wp-json\/wp\/v2\/product_brand?post=17641"},{"taxonomy":"product_cat","embeddable":true,"href":"https:\/\/mikeladzenailstore.com\/sk\/wp-json\/wp\/v2\/product_cat?post=17641"},{"taxonomy":"product_tag","embeddable":true,"href":"https:\/\/mikeladzenailstore.com\/sk\/wp-json\/wp\/v2\/product_tag?post=17641"},{"taxonomy":"berocket_brand","embeddable":true,"href":"https:\/\/mikeladzenailstore.com\/sk\/wp-json\/wp\/v2\/berocket_brand?post=17641"}],"curies":[{"name":"wp","href":"https:\/\/api.w.org\/{rel}","templated":true}]}}