{"id":17649,"date":"2026-02-21T18:25:43","date_gmt":"2026-02-21T18:25:43","guid":{"rendered":"https:\/\/mikeladzenailstore.com\/?post_type=product&#038;p=17649"},"modified":"2026-03-06T21:25:39","modified_gmt":"2026-03-06T21:25:39","slug":"cover-base-stone-trendy-nails-2","status":"publish","type":"product","link":"https:\/\/mikeladzenailstore.com\/sk\/produkt\/cover-base-stone-trendy-nails-2\/","title":{"rendered":"COVER BASE CORAL Trendy nails"},"content":{"rendered":"<p data-start=\"0\" data-end=\"288\"><strong data-start=\"0\" data-end=\"27\">Crystal Glow Base Coral<\/strong> je zpev\u0148uj\u00edc\u00ed semipermanentn\u00ed b\u00e1ze ide\u00e1ln\u00ed pro ty, kte\u0159\u00ed cht\u011bj\u00ed p\u0159irozen\u00fd, ale z\u00e1rove\u0148 z\u00e1\u0159iv\u00fd efekt a nehty se zdrav\u00fdm a sv\u011b\u017e\u00edm vzhledem. D\u00edky sv\u00e9 zpev\u0148uj\u00edc\u00ed, ale p\u0159izp\u016fsobiv\u00e9 struktu\u0159e podporuje p\u0159\u00edrodn\u00ed nehet bez zat\u00ed\u017een\u00ed a zaji\u0161\u0165uje komfort i dlouhou v\u00fddr\u017e.<\/p>\n<p data-start=\"290\" data-end=\"530\">Jemn\u00fd broskvov\u011b r\u016f\u017eov\u00fd odst\u00edn obohacen\u00fd o decentn\u00ed perle\u0165ov\u00fd lesk vytv\u00e1\u0159\u00ed na nehtu skute\u010dn\u00fd \u201ez\u00e1voj sv\u011btla\u201c \u2013 perfektn\u00ed pro jarn\u00ed, \u010distou a \u017eenskou manik\u00faru. Kryt\u00ed se li\u0161\u00ed podle po\u010dtu nanesen\u00fdch vrstev a m\u016f\u017ee zcela p\u0159ekr\u00fdt nehtovou plot\u00e9nku.<\/p>\n<p data-start=\"532\" data-end=\"640\" data-is-last-node=\"\" data-is-only-node=\"\">Slo\u017een\u00ed bez HEMA a TPO zaru\u010duje bezpe\u010dn\u011bj\u0161\u00ed a komfortn\u011bj\u0161\u00ed pou\u017eit\u00ed bez kompromis\u016f v oblasti v\u00fdkonu a v\u00fddr\u017ee.<\/p>\n<p>Zpev\u0148uj\u00edc\u00ed soak-off semipermanentn\u00ed b\u00e1ze, navr\u017een\u00e1 pro zaji\u0161t\u011bn\u00ed pevnosti, stability a komfortu<br data-start=\"95\" data-end=\"98\" \/>Perle\u0165ov\u00fd fini\u0161 s mikro t\u0159pytkami pro jemn\u00fd a sofistikovan\u00fd lesk<br data-start=\"162\" data-end=\"165\" \/>St\u0159edn\u011b hust\u00e1 samovyrovn\u00e1vac\u00ed konzistence, snadn\u00e1 aplikace a perfektn\u00ed kontrola<br data-start=\"244\" data-end=\"247\" \/>Ide\u00e1ln\u00ed pro zpevn\u011bn\u00ed p\u0159\u00edrodn\u00edho nehtu bez nutnosti pilov\u00e1n\u00ed<br data-start=\"306\" data-end=\"309\" \/>Odst\u00edn nude tepl\u00e1 b\u00e9\u017eov\u00e1 se shimmer efektem, elegantn\u00ed a lichotiv\u00fd<br data-start=\"375\" data-end=\"378\" \/>Kryt\u00ed je modulovateln\u00e9 podle po\u010dtu nanesen\u00fdch vrstev<br data-start=\"430\" data-end=\"433\" \/>Slo\u017een\u00ed bez HEMA a TPO pro bezpe\u010dn\u011bj\u0161\u00ed a komfortn\u011bj\u0161\u00ed pou\u017eit\u00ed<br data-start=\"494\" data-end=\"497\" \/>Doba polymerizace: 120 sekund<br data-start=\"526\" data-end=\"529\" \/>Doporu\u010den\u00e1 aplikace: 1\u20132 st\u0159edn\u011b tenk\u00e9 vrstvy<\/p>\n","protected":false},"excerpt":{"rendered":"<p>Crystal Glow Base Coral je zpev\u0148uj\u00edc\u00ed semipermanentn\u00ed b\u00e1ze ide\u00e1ln\u00ed pro ty, kte\u0159\u00ed cht\u011bj\u00ed p\u0159irozen\u00fd, ale z\u00e1rove\u0148 z\u00e1\u0159iv\u00fd efekt a nehty se zdrav\u00fdm a sv\u011b\u017e\u00edm vzhledem. D\u00edky sv\u00e9 zpev\u0148uj\u00edc\u00ed, ale p\u0159izp\u016fsobiv\u00e9 struktu\u0159e podporuje p\u0159\u00edrodn\u00ed nehet bez zat\u00ed\u017een\u00ed a zaji\u0161\u0165uje komfort i dlouhou v\u00fddr\u017e. Jemn\u00fd broskvov\u011b r\u016f\u017eov\u00fd odst\u00edn obohacen\u00fd o decentn\u00ed perle\u0165ov\u00fd lesk vytv\u00e1\u0159\u00ed na nehtu skute\u010dn\u00fd [&hellip;]<\/p>\n","protected":false},"featured_media":17652,"comment_status":"closed","ping_status":"closed","template":"","meta":[],"pwb-brand":[],"product_brand":[],"product_cat":[710,476],"product_tag":[],"berocket_brand":[175],"class_list":{"0":"post-17649","1":"product","2":"type-product","3":"status-publish","4":"has-post-thumbnail","6":"product_cat-cover-base-trendy-nails","7":"product_cat-novinky","8":"berocket_brand-trendy-nails","10":"first","11":"instock","12":"taxable","13":"shipping-taxable","14":"purchasable","15":"product-type-variable"},"acf":[],"brands":[],"_links":{"self":[{"href":"https:\/\/mikeladzenailstore.com\/sk\/wp-json\/wp\/v2\/product\/17649","targetHints":{"allow":["GET"]}}],"collection":[{"href":"https:\/\/mikeladzenailstore.com\/sk\/wp-json\/wp\/v2\/product"}],"about":[{"href":"https:\/\/mikeladzenailstore.com\/sk\/wp-json\/wp\/v2\/types\/product"}],"replies":[{"embeddable":true,"href":"https:\/\/mikeladzenailstore.com\/sk\/wp-json\/wp\/v2\/comments?post=17649"}],"version-history":[{"count":0,"href":"https:\/\/mikeladzenailstore.com\/sk\/wp-json\/wp\/v2\/product\/17649\/revisions"}],"wp:featuredmedia":[{"embeddable":true,"href":"https:\/\/mikeladzenailstore.com\/sk\/wp-json\/wp\/v2\/media\/17652"}],"wp:attachment":[{"href":"https:\/\/mikeladzenailstore.com\/sk\/wp-json\/wp\/v2\/media?parent=17649"}],"wp:term":[{"taxonomy":"pwb-brand","embeddable":true,"href":"https:\/\/mikeladzenailstore.com\/sk\/wp-json\/wp\/v2\/pwb-brand?post=17649"},{"taxonomy":"product_brand","embeddable":true,"href":"https:\/\/mikeladzenailstore.com\/sk\/wp-json\/wp\/v2\/product_brand?post=17649"},{"taxonomy":"product_cat","embeddable":true,"href":"https:\/\/mikeladzenailstore.com\/sk\/wp-json\/wp\/v2\/product_cat?post=17649"},{"taxonomy":"product_tag","embeddable":true,"href":"https:\/\/mikeladzenailstore.com\/sk\/wp-json\/wp\/v2\/product_tag?post=17649"},{"taxonomy":"berocket_brand","embeddable":true,"href":"https:\/\/mikeladzenailstore.com\/sk\/wp-json\/wp\/v2\/berocket_brand?post=17649"}],"curies":[{"name":"wp","href":"https:\/\/api.w.org\/{rel}","templated":true}]}}