{"id":17857,"date":"2026-02-22T16:06:18","date_gmt":"2026-02-22T16:06:18","guid":{"rendered":"https:\/\/mikeladzenailstore.com\/?post_type=product&#038;p=17857"},"modified":"2026-03-06T21:24:21","modified_gmt":"2026-03-06T21:24:21","slug":"modeling-gel-vibe-trendy-nails","status":"publish","type":"product","link":"https:\/\/mikeladzenailstore.com\/sk\/produkt\/modeling-gel-vibe-trendy-nails\/","title":{"rendered":"Modeling gel VIBE Trendy nails"},"content":{"rendered":"<p data-start=\"0\" data-end=\"145\"><strong data-start=\"0\" data-end=\"15\">Silver Cold<\/strong> je kolekce samovyrovn\u00e1vac\u00edch gel\u016f pro modelaci neht\u016f, navr\u017een\u00e1 pro profesion\u00e1ln\u00ed pou\u017eit\u00ed a vhodn\u00e1 pro v\u0161echny salonn\u00ed techniky.<\/p>\n<p data-start=\"147\" data-end=\"320\">Polopr\u016fhledn\u00e9 gely s chladn\u00fdm multi-odleskov\u00fdm shimmerem vytv\u00e1\u0159ej\u00ed elegantn\u00ed efekt vnit\u0159n\u00edho sv\u011btla, kter\u00fd zv\u00fdraz\u0148uje strukturu nehtu p\u0159i zachov\u00e1n\u00ed p\u0159irozenosti a hloubky.<\/p>\n<p data-start=\"322\" data-end=\"602\">Hlavn\u00ed p\u0159ednost\u00ed <strong data-start=\"339\" data-end=\"354\">Silver Cold<\/strong> je jeho konzistence: m\u011bkk\u00e1, kr\u00e9mov\u00e1, samovyrovn\u00e1vac\u00ed, ale stabiln\u00ed \u2013 nest\u00e9k\u00e1 a b\u011bhem pr\u00e1ce z\u016fst\u00e1v\u00e1 dokonale kontrolovateln\u00fd. Textura byla navr\u017eena tak, aby usnadnila pr\u00e1ci, zrychlila modelaci a zajistila \u010dist\u00fd, modern\u00ed a aktu\u00e1ln\u00ed v\u00fdsledn\u00fd efekt.<\/p>\n<p data-start=\"604\" data-end=\"859\"><strong data-start=\"604\" data-end=\"619\">Silver Cold<\/strong> je extr\u00e9mn\u011b univerz\u00e1ln\u00ed modelovac\u00ed gel, ide\u00e1ln\u00ed pro dual form, nail formy, salonn\u00ed rekonstrukce, refill, korekce a zpevn\u011bn\u00ed neht\u016f. Jedn\u00e1 se o nezbytn\u00fd produkt pro ty, kte\u0159\u00ed hledaj\u00ed spolehliv\u00fd, trendy a v\u00fdkonn\u00fd gel pro ka\u017edodenn\u00ed pou\u017eit\u00ed.<\/p>\n<p data-start=\"861\" data-end=\"1015\"><strong data-start=\"0\" data-end=\"8\" data-is-only-node=\"\">Vibe<\/strong> je sv\u011btle nude b\u00e9\u017eov\u00fd odst\u00edn s chladn\u00fdm shimmerem champagne, obohacen\u00fd o jemn\u00e9 mikro t\u0159pytky, kter\u00e9 vytv\u00e1\u0159ej\u00ed elegantn\u00ed efekt vnit\u0159n\u00edho sv\u011btla.<\/p>\n<p data-start=\"1017\" data-end=\"1130\" data-is-last-node=\"\" data-is-only-node=\"\">Slo\u017een\u00ed bez HEMA a TPO zaji\u0161\u0165uje bezpe\u010dn\u011bj\u0161\u00ed a komfortn\u011bj\u0161\u00ed pou\u017eit\u00ed, ani\u017e by se slevovalo z technick\u00e9 v\u00fdkonnosti.<\/p>\n<div class=\"text-base my-auto mx-auto [--thread-content-margin:--spacing(4)] @w-sm\/main:[--thread-content-margin:--spacing(6)] @w-lg\/main:[--thread-content-margin:--spacing(16)] px-(--thread-content-margin)\">\n<div class=\"[--thread-content-max-width:40rem] @w-lg\/main:[--thread-content-max-width:48rem] mx-auto max-w-(--thread-content-max-width) flex-1 group\/turn-messages focus-visible:outline-hidden relative flex w-full min-w-0 flex-col agent-turn\" tabindex=\"-1\">\n<div class=\"flex max-w-full flex-col grow\">\n<div class=\"min-h-8 text-message relative flex w-full flex-col items-end gap-2 text-start break-words whitespace-normal [.text-message+&amp;]:mt-1\" dir=\"auto\" data-message-author-role=\"assistant\" data-message-id=\"a4bedd76-d2a7-4355-b144-2296180e0b97\" data-message-model-slug=\"gpt-5-mini\">\n<div class=\"flex w-full flex-col gap-1 empty:hidden first:pt-[1px]\">\n<div class=\"markdown prose dark:prose-invert w-full wrap-break-word light markdown-new-styling\">\n<p data-start=\"0\" data-end=\"57\">Samomodeluj\u00edc\u00ed gel pro profesion\u00e1ln\u00ed rekonstrukci neht\u016f<\/p>\n<ul data-start=\"59\" data-end=\"703\">\n<li data-start=\"59\" data-end=\"116\">\n<p data-start=\"61\" data-end=\"116\">Chladn\u00fd shimmer s jemn\u00fdmi multi-odleskov\u00fdmi t\u0159pytkami<\/p>\n<\/li>\n<li data-start=\"117\" data-end=\"222\">\n<p data-start=\"119\" data-end=\"222\">Modulovateln\u00e1 barva: do 0,7 mm polopr\u016fhledn\u00fd efekt, p\u0159i v\u011bt\u0161\u00ed vrstv\u011b p\u0159ekr\u00fdv\u00e1 celou nehtovou plot\u00e9nku<\/p>\n<\/li>\n<li data-start=\"223\" data-end=\"282\">\n<p data-start=\"225\" data-end=\"282\">St\u0159edn\u011b hust\u00e1 konzistence ide\u00e1ln\u00ed pro p\u0159esn\u00e9 modelov\u00e1n\u00ed<\/p>\n<\/li>\n<li data-start=\"283\" data-end=\"338\">\n<p data-start=\"285\" data-end=\"338\">Samovyrovn\u00e1vac\u00ed, vytv\u00e1\u0159\u00ed hladk\u00fd a rovnom\u011brn\u00fd povrch<\/p>\n<\/li>\n<li data-start=\"339\" data-end=\"382\">\n<p data-start=\"341\" data-end=\"382\">Odoln\u00e1 struktura ji\u017e od tlou\u0161\u0165ky 1,5 mm<\/p>\n<\/li>\n<li data-start=\"383\" data-end=\"437\">\n<p data-start=\"385\" data-end=\"437\">Perfektn\u011b udr\u017euje C-oblouk po celou dobu pou\u017e\u00edv\u00e1n\u00ed<\/p>\n<\/li>\n<li data-start=\"438\" data-end=\"483\">\n<p data-start=\"440\" data-end=\"483\">Zaji\u0161\u0165uje p\u0159irozen\u00fd p\u0159echod u l\u016f\u017eka nehtu<\/p>\n<\/li>\n<li data-start=\"484\" data-end=\"551\">\n<p data-start=\"486\" data-end=\"551\">Ide\u00e1ln\u00ed pro dual form, \u0161ablony, refill i kompletn\u00ed rekonstrukce<\/p>\n<\/li>\n<li data-start=\"552\" data-end=\"629\">\n<p data-start=\"554\" data-end=\"629\">Perfektn\u00ed pro salonn\u00ed rekonstrukce, elegantn\u00ed struktury a technick\u00e9 pr\u00e1ce<\/p>\n<\/li>\n<li data-start=\"630\" data-end=\"676\">\n<p data-start=\"632\" data-end=\"676\">Vhodn\u00fd i pro 3D Art a strukturovan\u00fd design<\/p>\n<\/li>\n<li data-start=\"677\" data-end=\"703\">\n<p data-start=\"679\" data-end=\"703\">Slo\u017een\u00ed bez HEMA a TPO<\/p>\n<\/li>\n<\/ul>\n<p data-start=\"705\" data-end=\"733\"><strong data-start=\"705\" data-end=\"731\">Postup a polymerizace:<\/strong><\/p>\n<ul data-start=\"734\" data-end=\"876\">\n<li data-start=\"734\" data-end=\"777\">\n<p data-start=\"736\" data-end=\"777\">Po\u010d\u00e1te\u010dn\u00ed fixace: 3 sekundy (LED lampa)<\/p>\n<\/li>\n<li data-start=\"778\" data-end=\"815\">\n<p data-start=\"780\" data-end=\"815\">Tvarov\u00e1n\u00ed C-oblouku: 15\u201320 sekund<\/p>\n<\/li>\n<li data-start=\"816\" data-end=\"876\">\n<p data-start=\"818\" data-end=\"876\">Kompletn\u00ed polymerizace: 60\u2013120 sekund (dle v\u00fdkonu lampy)<\/p>\n<\/li>\n<\/ul>\n<p data-start=\"878\" data-end=\"904\"><strong data-start=\"878\" data-end=\"902\">Doporu\u010den\u00e9 techniky:<\/strong><\/p>\n<ul data-start=\"905\" data-end=\"1165\" data-is-last-node=\"\" data-is-only-node=\"\">\n<li data-start=\"905\" data-end=\"985\">\n<p data-start=\"907\" data-end=\"985\">Rekonstrukce na \u0161ablon\u011b s n\u00e1sledn\u00fdm p\u0159ekryt\u00edm gel lakem nebo french acquariu<\/p>\n<\/li>\n<li data-start=\"986\" data-end=\"1007\">\n<p data-start=\"988\" data-end=\"1007\">Pr\u00e1ce s dual form<\/p>\n<\/li>\n<li data-start=\"1008\" data-end=\"1056\">\n<p data-start=\"1010\" data-end=\"1056\">Korekce a refill ji\u017e zrekonstruovan\u00fdch neht\u016f<\/p>\n<\/li>\n<li data-start=\"1057\" data-end=\"1082\">\n<p data-start=\"1059\" data-end=\"1082\">Tvorba 3D Art design\u016f<\/p>\n<\/li>\n<li data-start=\"1083\" data-end=\"1165\" data-is-last-node=\"\">\n<p data-start=\"1085\" data-end=\"1165\" data-is-last-node=\"\">Zpevn\u011bn\u00ed p\u0159\u00edrodn\u00edho nehtu (v t\u00e9to technice je nutn\u00e9 pilov\u00e1n\u00ed spodn\u00ed \u010d\u00e1sti nehtu)<\/p>\n<\/li>\n<\/ul>\n<\/div>\n<\/div>\n<\/div>\n<\/div>\n<div class=\"z-0 flex min-h-[46px] justify-start\">\n<div class=\"flex max-w-full flex-col grow\">\n<div class=\"min-h-8 text-message relative flex w-full flex-col items-end gap-2 text-start break-words whitespace-normal [.text-message+&amp;]:mt-1\" dir=\"auto\" data-message-author-role=\"assistant\" data-message-id=\"7a4d904e-b461-4745-bd7e-07a0290b49e8\" data-message-model-slug=\"gpt-5-mini\">\n<div class=\"flex w-full flex-col gap-1 empty:hidden first:pt-[1px]\">\n<div class=\"markdown prose dark:prose-invert w-full wrap-break-word light markdown-new-styling\">\n<p data-start=\"0\" data-end=\"21\"><strong data-start=\"0\" data-end=\"19\">TPO &amp; HEMA FREE<\/strong><\/p>\n<p data-start=\"23\" data-end=\"283\"><strong data-start=\"23\" data-end=\"35\">Slo\u017een\u00ed:<\/strong><br data-start=\"35\" data-end=\"38\" \/>Acrylates Copolymer, (2,2-Dimethyl-1,3-dioxolane-4-yl) Methyl Acrylate, PPG-2 Neopentyl Glycol Diacrylate, Silica Dimethyl Silylate, Mica, Titanium Dioxide (CI 77891), Carbon Black (CI 77266), Di-p-Tolyl(2,4,6-Trimethylbenzoyl) Phosphine Oxide<\/p>\n<p data-start=\"285\" data-end=\"373\"><strong data-start=\"285\" data-end=\"310\">M\u016f\u017ee obsahovat (+\/-):<\/strong><br data-start=\"310\" data-end=\"313\" \/>CI 18965, CI 15510, CI 73360, CI 73385, CI 74160, CI 74260<\/p>\n<p data-start=\"375\" data-end=\"396\"><strong data-start=\"375\" data-end=\"394\">Mo\u017en\u00e9 pigmenty:<\/strong><\/p>\n<ul data-start=\"397\" data-end=\"578\" data-is-last-node=\"\" data-is-only-node=\"\">\n<li data-start=\"397\" data-end=\"425\">\n<p data-start=\"399\" data-end=\"425\">Acid Yellow 2 (CI 18965)<\/p>\n<\/li>\n<li data-start=\"426\" data-end=\"454\">\n<p data-start=\"428\" data-end=\"454\">Acid Orange 7 (CI 15510)<\/p>\n<\/li>\n<li data-start=\"455\" data-end=\"485\">\n<p data-start=\"457\" data-end=\"485\">Pigment Red 181 (CI 73360)<\/p>\n<\/li>\n<li data-start=\"486\" data-end=\"518\">\n<p data-start=\"488\" data-end=\"518\">Pigment Violet 23 (CI 73385)<\/p>\n<\/li>\n<li data-start=\"519\" data-end=\"549\">\n<p data-start=\"521\" data-end=\"549\">Pigment Blue 15 (CI 74160)<\/p>\n<\/li>\n<li data-start=\"550\" data-end=\"578\" data-is-last-node=\"\">\n<p data-start=\"552\" data-end=\"578\" data-is-last-node=\"\">Pigment Green 7 (CI 74260)<\/p>\n<\/li>\n<\/ul>\n<\/div>\n<\/div>\n<\/div>\n<\/div>\n<div class=\"z-0 flex min-h-[46px] justify-start\"><\/div>\n<div class=\"mt-3 w-full empty:hidden\">\n<div class=\"text-center\">\n<div>\n<div class=\"inline-flex border border-gray-100 dark:border-gray-700 rounded-xl\">\n<div class=\"text-token-text-secondary flex items-center justify-center gap-4 px-4 py-2.5 text-sm whitespace-nowrap\"><\/div>\n<\/div>\n<\/div>\n<\/div>\n<\/div>\n<\/div>\n<\/div>\n<\/div>\n","protected":false},"excerpt":{"rendered":"<p>Silver Cold je kolekce samovyrovn\u00e1vac\u00edch gel\u016f pro modelaci neht\u016f, navr\u017een\u00e1 pro profesion\u00e1ln\u00ed pou\u017eit\u00ed a vhodn\u00e1 pro v\u0161echny salonn\u00ed techniky. Polopr\u016fhledn\u00e9 gely s chladn\u00fdm multi-odleskov\u00fdm shimmerem vytv\u00e1\u0159ej\u00ed elegantn\u00ed efekt vnit\u0159n\u00edho sv\u011btla, kter\u00fd zv\u00fdraz\u0148uje strukturu nehtu p\u0159i zachov\u00e1n\u00ed p\u0159irozenosti a hloubky. Hlavn\u00ed p\u0159ednost\u00ed Silver Cold je jeho konzistence: m\u011bkk\u00e1, kr\u00e9mov\u00e1, samovyrovn\u00e1vac\u00ed, ale stabiln\u00ed \u2013 nest\u00e9k\u00e1 a b\u011bhem [&hellip;]<\/p>\n","protected":false},"featured_media":17863,"comment_status":"open","ping_status":"closed","template":"","meta":[],"pwb-brand":[],"product_brand":[],"product_cat":[656],"product_tag":[],"berocket_brand":[437],"class_list":{"0":"post-17857","1":"product","2":"type-product","3":"status-publish","4":"has-post-thumbnail","6":"product_cat-modeling-gel-trendy-nails","7":"berocket_brand-trendy-nails","9":"first","10":"instock","11":"taxable","12":"shipping-taxable","13":"purchasable","14":"product-type-variable"},"acf":[],"brands":[],"_links":{"self":[{"href":"https:\/\/mikeladzenailstore.com\/sk\/wp-json\/wp\/v2\/product\/17857","targetHints":{"allow":["GET"]}}],"collection":[{"href":"https:\/\/mikeladzenailstore.com\/sk\/wp-json\/wp\/v2\/product"}],"about":[{"href":"https:\/\/mikeladzenailstore.com\/sk\/wp-json\/wp\/v2\/types\/product"}],"replies":[{"embeddable":true,"href":"https:\/\/mikeladzenailstore.com\/sk\/wp-json\/wp\/v2\/comments?post=17857"}],"version-history":[{"count":0,"href":"https:\/\/mikeladzenailstore.com\/sk\/wp-json\/wp\/v2\/product\/17857\/revisions"}],"wp:featuredmedia":[{"embeddable":true,"href":"https:\/\/mikeladzenailstore.com\/sk\/wp-json\/wp\/v2\/media\/17863"}],"wp:attachment":[{"href":"https:\/\/mikeladzenailstore.com\/sk\/wp-json\/wp\/v2\/media?parent=17857"}],"wp:term":[{"taxonomy":"pwb-brand","embeddable":true,"href":"https:\/\/mikeladzenailstore.com\/sk\/wp-json\/wp\/v2\/pwb-brand?post=17857"},{"taxonomy":"product_brand","embeddable":true,"href":"https:\/\/mikeladzenailstore.com\/sk\/wp-json\/wp\/v2\/product_brand?post=17857"},{"taxonomy":"product_cat","embeddable":true,"href":"https:\/\/mikeladzenailstore.com\/sk\/wp-json\/wp\/v2\/product_cat?post=17857"},{"taxonomy":"product_tag","embeddable":true,"href":"https:\/\/mikeladzenailstore.com\/sk\/wp-json\/wp\/v2\/product_tag?post=17857"},{"taxonomy":"berocket_brand","embeddable":true,"href":"https:\/\/mikeladzenailstore.com\/sk\/wp-json\/wp\/v2\/berocket_brand?post=17857"}],"curies":[{"name":"wp","href":"https:\/\/api.w.org\/{rel}","templated":true}]}}