{"id":18037,"date":"2026-02-23T08:34:05","date_gmt":"2026-02-23T08:34:05","guid":{"rendered":"https:\/\/mikeladzenailstore.com\/?post_type=product&#038;p=18037"},"modified":"2026-03-26T19:46:47","modified_gmt":"2026-03-26T19:46:47","slug":"kamuflazove-baze-peach-shine-jz-nails-group","status":"publish","type":"product","link":"https:\/\/mikeladzenailstore.com\/sk\/produkt\/kamuflazove-baze-peach-shine-jz-nails-group\/","title":{"rendered":"Kamufl\u00e1\u017aov\u00e9 b\u00e1ze PEACH SHINE JZ NAILS GROUP"},"content":{"rendered":"<div class=\"flex flex-col text-sm pb-25\">\n<article class=\"text-token-text-primary w-full focus:outline-none [--shadow-height:45px] has-data-writing-block:pointer-events-none has-data-writing-block:-mt-(--shadow-height) has-data-writing-block:pt-(--shadow-height) [&amp;:has([data-writing-block])&gt;*]:pointer-events-auto scroll-mt-[calc(var(--header-height)+min(200px,max(70px,20svh)))]\" dir=\"auto\" tabindex=\"-1\" data-turn-id=\"request-69904561-868c-832e-8554-48743448e33d-17\" data-testid=\"conversation-turn-50\" data-scroll-anchor=\"true\" data-turn=\"assistant\">\n<div class=\"text-base my-auto mx-auto pb-10 [--thread-content-margin:--spacing(4)] @w-sm\/main:[--thread-content-margin:--spacing(6)] @w-lg\/main:[--thread-content-margin:--spacing(16)] px-(--thread-content-margin)\">\n<div class=\"[--thread-content-max-width:40rem] @w-lg\/main:[--thread-content-max-width:48rem] mx-auto max-w-(--thread-content-max-width) flex-1 group\/turn-messages focus-visible:outline-hidden relative flex w-full min-w-0 flex-col agent-turn\" tabindex=\"-1\">\n<div class=\"flex max-w-full flex-col grow\">\n<div class=\"min-h-8 text-message relative flex w-full flex-col items-end gap-2 text-start break-words whitespace-normal [.text-message+&amp;]:mt-1\" dir=\"auto\" data-message-author-role=\"assistant\" data-message-id=\"83abfdb3-cd17-47ea-b795-5dff26681fc6\" data-message-model-slug=\"gpt-5-2\">\n<div class=\"flex w-full flex-col gap-1 empty:hidden first:pt-[1px]\">\n<div class=\"markdown prose dark:prose-invert w-full wrap-break-word light markdown-new-styling\">\n<p data-start=\"0\" data-end=\"213\">Kamufl\u00e1\u017en\u00ed b\u00e1ze zna\u010dky <strong data-start=\"23\" data-end=\"41\">JZ NAILS GROUP<\/strong>. Jsou nad\u010dasov\u00e9 a v\u017edy aktu\u00e1ln\u00ed \u2013 bez ohledu na sez\u00f3nu, trendy v nehtov\u00e9 m\u00f3d\u011b \u010di sv\u00e1tky. Ka\u017ed\u00fd odst\u00edn je samostatn\u00fd a pln\u011b dosta\u010duj\u00edc\u00ed. Ka\u017ed\u00fd odst\u00edn je jednodu\u0161e kr\u00e1sn\u00fd.<\/p>\n<p data-start=\"215\" data-end=\"229\">Objem: 15 ml<\/p>\n<p data-start=\"231\" data-end=\"498\"><strong data-start=\"231\" data-end=\"243\">Slo\u017een\u00ed:<\/strong><br data-start=\"243\" data-end=\"246\" \/>Di-HEMA Trimethylhexyl Dicarbamate, HEMA, Isobornyl Methacrylate, Cellulose Acetate Butyrate, Hydroxycyclohexyl Phenyl Ketone, Silica, HEMA Glycol Methacrylate, Calcium Aluminum Borosilicate, PEG-9 Dimethacrylate, Bis(Methacryloyloxyethyl) Phosphate.<\/p>\n<p data-start=\"500\" data-end=\"545\" data-is-last-node=\"\" data-is-only-node=\"\">M\u016f\u017ee obsahovat: CI 77891, CI 15850, CI 77007.<\/p>\n<\/div>\n<\/div>\n<\/div>\n<\/div>\n<div class=\"z-0 flex min-h-[46px] justify-start\"><\/div>\n<div class=\"mt-3 w-full empty:hidden\">\n<div class=\"text-center\"><\/div>\n<\/div>\n<\/div>\n<\/div>\n<\/article>\n<\/div>\n<div class=\"pointer-events-none h-px w-px absolute bottom-0\" aria-hidden=\"true\" data-edge=\"true\"><\/div>\n","protected":false},"excerpt":{"rendered":"<p>Kamufl\u00e1\u017en\u00ed b\u00e1ze zna\u010dky JZ NAILS GROUP. Jsou nad\u010dasov\u00e9 a v\u017edy aktu\u00e1ln\u00ed \u2013 bez ohledu na sez\u00f3nu, trendy v nehtov\u00e9 m\u00f3d\u011b \u010di sv\u00e1tky. Ka\u017ed\u00fd odst\u00edn je samostatn\u00fd a pln\u011b dosta\u010duj\u00edc\u00ed. Ka\u017ed\u00fd odst\u00edn je jednodu\u0161e kr\u00e1sn\u00fd. Objem: 15 ml Slo\u017een\u00ed:Di-HEMA Trimethylhexyl Dicarbamate, HEMA, Isobornyl Methacrylate, Cellulose Acetate Butyrate, Hydroxycyclohexyl Phenyl Ketone, Silica, HEMA Glycol Methacrylate, Calcium Aluminum [&hellip;]<\/p>\n","protected":false},"featured_media":18038,"comment_status":"closed","ping_status":"closed","template":"","meta":[],"pwb-brand":[],"product_brand":[],"product_cat":[709],"product_tag":[],"berocket_brand":[489],"class_list":{"0":"post-18037","1":"product","2":"type-product","3":"status-publish","4":"has-post-thumbnail","6":"product_cat-cover-base-jz-nails-group","7":"berocket_brand-jz-nails-group","9":"first","10":"instock","11":"taxable","12":"shipping-taxable","13":"purchasable","14":"product-type-simple"},"acf":[],"brands":[],"_links":{"self":[{"href":"https:\/\/mikeladzenailstore.com\/sk\/wp-json\/wp\/v2\/product\/18037","targetHints":{"allow":["GET"]}}],"collection":[{"href":"https:\/\/mikeladzenailstore.com\/sk\/wp-json\/wp\/v2\/product"}],"about":[{"href":"https:\/\/mikeladzenailstore.com\/sk\/wp-json\/wp\/v2\/types\/product"}],"replies":[{"embeddable":true,"href":"https:\/\/mikeladzenailstore.com\/sk\/wp-json\/wp\/v2\/comments?post=18037"}],"version-history":[{"count":0,"href":"https:\/\/mikeladzenailstore.com\/sk\/wp-json\/wp\/v2\/product\/18037\/revisions"}],"wp:featuredmedia":[{"embeddable":true,"href":"https:\/\/mikeladzenailstore.com\/sk\/wp-json\/wp\/v2\/media\/18038"}],"wp:attachment":[{"href":"https:\/\/mikeladzenailstore.com\/sk\/wp-json\/wp\/v2\/media?parent=18037"}],"wp:term":[{"taxonomy":"pwb-brand","embeddable":true,"href":"https:\/\/mikeladzenailstore.com\/sk\/wp-json\/wp\/v2\/pwb-brand?post=18037"},{"taxonomy":"product_brand","embeddable":true,"href":"https:\/\/mikeladzenailstore.com\/sk\/wp-json\/wp\/v2\/product_brand?post=18037"},{"taxonomy":"product_cat","embeddable":true,"href":"https:\/\/mikeladzenailstore.com\/sk\/wp-json\/wp\/v2\/product_cat?post=18037"},{"taxonomy":"product_tag","embeddable":true,"href":"https:\/\/mikeladzenailstore.com\/sk\/wp-json\/wp\/v2\/product_tag?post=18037"},{"taxonomy":"berocket_brand","embeddable":true,"href":"https:\/\/mikeladzenailstore.com\/sk\/wp-json\/wp\/v2\/berocket_brand?post=18037"}],"curies":[{"name":"wp","href":"https:\/\/api.w.org\/{rel}","templated":true}]}}