{"id":18053,"date":"2026-02-23T09:17:23","date_gmt":"2026-02-23T09:17:23","guid":{"rendered":"https:\/\/mikeladzenailstore.com\/?post_type=product&#038;p=18053"},"modified":"2026-04-14T17:10:31","modified_gmt":"2026-04-14T17:10:31","slug":"kamuflazove-baze-opal-1-jz-nails-group","status":"publish","type":"product","link":"https:\/\/mikeladzenailstore.com\/sk\/produkt\/kamuflazove-baze-opal-1-jz-nails-group\/","title":{"rendered":"Kamufl\u00e1\u017aov\u00e9 b\u00e1ze OPAL 1 JZ NAILS GROUP"},"content":{"rendered":"<div class=\"flex flex-col text-sm pb-25\">\n<article class=\"text-token-text-primary w-full focus:outline-none [--shadow-height:45px] has-data-writing-block:pointer-events-none has-data-writing-block:-mt-(--shadow-height) has-data-writing-block:pt-(--shadow-height) [&amp;:has([data-writing-block])&gt;*]:pointer-events-auto scroll-mt-[calc(var(--header-height)+min(200px,max(70px,20svh)))]\" dir=\"auto\" tabindex=\"-1\" data-turn-id=\"request-69904561-868c-832e-8554-48743448e33d-17\" data-testid=\"conversation-turn-50\" data-scroll-anchor=\"true\" data-turn=\"assistant\">\n<div class=\"text-base my-auto mx-auto pb-10 [--thread-content-margin:--spacing(4)] @w-sm\/main:[--thread-content-margin:--spacing(6)] @w-lg\/main:[--thread-content-margin:--spacing(16)] px-(--thread-content-margin)\">\n<div class=\"[--thread-content-max-width:40rem] @w-lg\/main:[--thread-content-max-width:48rem] mx-auto max-w-(--thread-content-max-width) flex-1 group\/turn-messages focus-visible:outline-hidden relative flex w-full min-w-0 flex-col agent-turn\" tabindex=\"-1\">\n<div class=\"flex max-w-full flex-col grow\">\n<div class=\"min-h-8 text-message relative flex w-full flex-col items-end gap-2 text-start break-words whitespace-normal [.text-message+&amp;]:mt-1\" dir=\"auto\" data-message-author-role=\"assistant\" data-message-id=\"83abfdb3-cd17-47ea-b795-5dff26681fc6\" data-message-model-slug=\"gpt-5-2\">\n<div class=\"flex w-full flex-col gap-1 empty:hidden first:pt-[1px]\">\n<div class=\"markdown prose dark:prose-invert w-full wrap-break-word light markdown-new-styling\">\n<p>Limitovan\u00e1 s\u00e9rie kamufl\u00e1\u017en\u00edch b\u00e1z\u00ed od JZ Nails Group<\/p>\n<p>Lehk\u00e9 odst\u00edny origin\u00e1ln\u00edch kamufl\u00e1\u017e\u00ed v kombinaci s t\u0159pytkami jsou v\u017edy skv\u011bl\u00fdm \u0159e\u0161en\u00edm pro klientku, kter\u00e1 se nem\u016f\u017ee rozhodnout pro konkr\u00e9tn\u00ed barvu!<\/p>\n<p>Slo\u017een\u00ed: Di-HEMA Trimethylhexyl Dicarbamate, HEMA, Isobornyl Methacrylate, Cellulose Acetate Butyrate, Hydroxycyclohexyl Phenyl Ketone, Silica, Glycol HEMA-Methacrylate, Calcium Aluminum Borosilicate, PEG-9 Dimethacrylate, Bis(Methacryloyloxyethyl) Phosphate.<\/p>\n<p>M\u016f\u017ee obsahovat: CI 77891, CI 15850, CI 77007.<\/p>\n<\/div>\n<\/div>\n<\/div>\n<\/div>\n<\/div>\n<\/div>\n<\/article>\n<\/div>\n<div class=\"pointer-events-none h-px w-px absolute bottom-0\" aria-hidden=\"true\" data-edge=\"true\"><\/div>\n","protected":false},"excerpt":{"rendered":"<p>Limitovan\u00e1 s\u00e9rie kamufl\u00e1\u017en\u00edch b\u00e1z\u00ed od JZ Nails Group Lehk\u00e9 odst\u00edny origin\u00e1ln\u00edch kamufl\u00e1\u017e\u00ed v kombinaci s t\u0159pytkami jsou v\u017edy skv\u011bl\u00fdm \u0159e\u0161en\u00edm pro klientku, kter\u00e1 se nem\u016f\u017ee rozhodnout pro konkr\u00e9tn\u00ed barvu! Slo\u017een\u00ed: Di-HEMA Trimethylhexyl Dicarbamate, HEMA, Isobornyl Methacrylate, Cellulose Acetate Butyrate, Hydroxycyclohexyl Phenyl Ketone, Silica, Glycol HEMA-Methacrylate, Calcium Aluminum Borosilicate, PEG-9 Dimethacrylate, Bis(Methacryloyloxyethyl) Phosphate. M\u016f\u017ee obsahovat: CI [&hellip;]<\/p>\n","protected":false},"featured_media":18163,"comment_status":"closed","ping_status":"closed","template":"","meta":[],"pwb-brand":[],"product_brand":[],"product_cat":[709,702],"product_tag":[],"berocket_brand":[489],"class_list":{"0":"post-18053","1":"product","2":"type-product","3":"status-publish","4":"has-post-thumbnail","6":"product_cat-cover-base-jz-nails-group","7":"product_cat-slevy","8":"berocket_brand-jz-nails-group","10":"first","11":"instock","12":"sale","13":"taxable","14":"shipping-taxable","15":"purchasable","16":"product-type-simple"},"acf":[],"brands":[],"_links":{"self":[{"href":"https:\/\/mikeladzenailstore.com\/sk\/wp-json\/wp\/v2\/product\/18053","targetHints":{"allow":["GET"]}}],"collection":[{"href":"https:\/\/mikeladzenailstore.com\/sk\/wp-json\/wp\/v2\/product"}],"about":[{"href":"https:\/\/mikeladzenailstore.com\/sk\/wp-json\/wp\/v2\/types\/product"}],"replies":[{"embeddable":true,"href":"https:\/\/mikeladzenailstore.com\/sk\/wp-json\/wp\/v2\/comments?post=18053"}],"version-history":[{"count":0,"href":"https:\/\/mikeladzenailstore.com\/sk\/wp-json\/wp\/v2\/product\/18053\/revisions"}],"wp:featuredmedia":[{"embeddable":true,"href":"https:\/\/mikeladzenailstore.com\/sk\/wp-json\/wp\/v2\/media\/18163"}],"wp:attachment":[{"href":"https:\/\/mikeladzenailstore.com\/sk\/wp-json\/wp\/v2\/media?parent=18053"}],"wp:term":[{"taxonomy":"pwb-brand","embeddable":true,"href":"https:\/\/mikeladzenailstore.com\/sk\/wp-json\/wp\/v2\/pwb-brand?post=18053"},{"taxonomy":"product_brand","embeddable":true,"href":"https:\/\/mikeladzenailstore.com\/sk\/wp-json\/wp\/v2\/product_brand?post=18053"},{"taxonomy":"product_cat","embeddable":true,"href":"https:\/\/mikeladzenailstore.com\/sk\/wp-json\/wp\/v2\/product_cat?post=18053"},{"taxonomy":"product_tag","embeddable":true,"href":"https:\/\/mikeladzenailstore.com\/sk\/wp-json\/wp\/v2\/product_tag?post=18053"},{"taxonomy":"berocket_brand","embeddable":true,"href":"https:\/\/mikeladzenailstore.com\/sk\/wp-json\/wp\/v2\/berocket_brand?post=18053"}],"curies":[{"name":"wp","href":"https:\/\/api.w.org\/{rel}","templated":true}]}}