{"id":18523,"date":"2026-03-04T16:41:36","date_gmt":"2026-03-04T16:41:36","guid":{"rendered":"https:\/\/mikeladzenailstore.com\/?post_type=product&#038;p=18523"},"modified":"2026-04-20T09:56:28","modified_gmt":"2026-04-20T09:56:28","slug":"modeling-gel-marshmallow-trendy-nails","status":"publish","type":"product","link":"https:\/\/mikeladzenailstore.com\/sk\/produkt\/modeling-gel-marshmallow-trendy-nails\/","title":{"rendered":"Modeling gel MARSHMALLOW Trendy nails"},"content":{"rendered":"<div class=\"flex flex-col text-sm\">\n<article class=\"text-token-text-primary w-full focus:outline-none [--shadow-height:45px] has-data-writing-block:pointer-events-none has-data-writing-block:-mt-(--shadow-height) has-data-writing-block:pt-(--shadow-height) [&amp;:has([data-writing-block])&gt;*]:pointer-events-auto scroll-mt-[calc(var(--header-height)+min(200px,max(70px,20svh)))]\" dir=\"auto\" tabindex=\"-1\" data-turn-id=\"request-WEB:1729958f-af53-402c-968e-952496e77434-0\" data-testid=\"conversation-turn-2\" data-scroll-anchor=\"true\" data-turn=\"assistant\">\n<div class=\"text-base my-auto mx-auto pb-10 [--thread-content-margin:--spacing(4)] @w-sm\/main:[--thread-content-margin:--spacing(6)] @w-lg\/main:[--thread-content-margin:--spacing(16)] px-(--thread-content-margin)\">\n<div class=\"[--thread-content-max-width:40rem] @w-lg\/main:[--thread-content-max-width:48rem] mx-auto max-w-(--thread-content-max-width) flex-1 group\/turn-messages focus-visible:outline-hidden relative flex w-full min-w-0 flex-col agent-turn\" tabindex=\"-1\">\n<div class=\"flex max-w-full flex-col grow\">\n<div class=\"min-h-8 text-message relative flex w-full flex-col items-end gap-2 text-start break-words whitespace-normal [.text-message+&amp;]:mt-1\" dir=\"auto\" data-message-author-role=\"assistant\" data-message-id=\"b8eb66c2-2678-45c2-83e5-04567b90488a\" data-message-model-slug=\"gpt-5-2\">\n<div class=\"flex w-full flex-col gap-1 empty:hidden first:pt-[1px]\">\n<div class=\"markdown prose dark:prose-invert w-full wrap-break-word light markdown-new-styling\">\n<p data-start=\"0\" data-end=\"204\">Objevte novou \u00farove\u0148 profesion\u00e1ln\u00ed model\u00e1\u017ee neht\u016f s <strong data-start=\"52\" data-end=\"82\">Modeling Gelem Marshmallow<\/strong> \u2013 builder gelem bez HEMA a TPO, navr\u017een\u00fdm pro maxim\u00e1ln\u00ed bezpe\u010dnost, v\u00fdkon a v\u0161estrannost p\u0159i ka\u017edodenn\u00ed pr\u00e1ci v salonu.<\/p>\n<p data-start=\"206\" data-end=\"541\">Jeho st\u0159edn\u011b hust\u00e1 samovyrovn\u00e1vac\u00ed konzistence umo\u017e\u0148uje snadno modelovat strukturu nehtu, zaji\u0161\u0165uje plnou kontrolu p\u0159i aplikaci a dokonale hladk\u00fd povrch s minim\u00e1ln\u00edm pilov\u00e1n\u00edm. Profesion\u00e1ln\u00ed builder gel, kter\u00fd se p\u0159izp\u016fsob\u00ed ka\u017ed\u00e9 technice: zpevn\u011bn\u00ed p\u0159\u00edrodn\u00edho nehtu, refill, rekonstrukce i prodlou\u017een\u00ed na \u0161ablon\u011b nebo s dual formami.<\/p>\n<p data-start=\"543\" data-end=\"770\">Hedv\u00e1bn\u00e1 a stabiln\u00ed textura kop\u00edruje pohyb \u0161t\u011btce, nest\u00e9k\u00e1 a usnad\u0148uje vytv\u00e1\u0159en\u00ed p\u0159esn\u00fdch a odoln\u00fdch architektur. Vyv\u00e1\u017een\u00fd pom\u011br elasticity a pevnosti zaji\u0161\u0165uje struktury, kter\u00e9 jsou lehk\u00e9, ale z\u00e1rove\u0148 pevn\u00e9 a dlouhotrvaj\u00edc\u00ed.<\/p>\n<p data-start=\"772\" data-end=\"960\">Odst\u00edn <strong data-start=\"779\" data-end=\"794\">Marshmallow<\/strong>, jemn\u00e1 ml\u00e9\u010dn\u011b b\u00edl\u00e1, zv\u00fdraz\u0148uje nehtov\u00e9 l\u016f\u017eko m\u011bkk\u00fdm a elegantn\u00edm efektem. Ide\u00e1ln\u00ed pro harmonick\u00fd babyboomer, strukturovan\u00fd french i p\u0159irozen\u00e9, sofistikovan\u00e9 kryt\u00ed.<\/p>\n<p data-start=\"962\" data-end=\"1157\" data-is-last-node=\"\" data-is-only-node=\"\">D\u00edky siln\u00e9 p\u0159ilnavosti a stabilit\u011b struktury se tento profesion\u00e1ln\u00ed builder gel st\u00e1v\u00e1 nepostradateln\u00fdm pomocn\u00edkem pro ka\u017edou nehta\u0159ku, kter\u00e1 chce pracovat p\u0159esn\u011b, rychle a s bezchybn\u00fdm v\u00fdsledkem.<\/p>\n<\/div>\n<\/div>\n<\/div>\n<\/div>\n<\/div>\n<\/div>\n<\/article>\n<\/div>\n","protected":false},"excerpt":{"rendered":"<p>Objevte novou \u00farove\u0148 profesion\u00e1ln\u00ed model\u00e1\u017ee neht\u016f s Modeling Gelem Marshmallow \u2013 builder gelem bez HEMA a TPO, navr\u017een\u00fdm pro maxim\u00e1ln\u00ed bezpe\u010dnost, v\u00fdkon a v\u0161estrannost p\u0159i ka\u017edodenn\u00ed pr\u00e1ci v salonu. Jeho st\u0159edn\u011b hust\u00e1 samovyrovn\u00e1vac\u00ed konzistence umo\u017e\u0148uje snadno modelovat strukturu nehtu, zaji\u0161\u0165uje plnou kontrolu p\u0159i aplikaci a dokonale hladk\u00fd povrch s minim\u00e1ln\u00edm pilov\u00e1n\u00edm. Profesion\u00e1ln\u00ed builder gel, kter\u00fd [&hellip;]<\/p>\n","protected":false},"featured_media":18536,"comment_status":"open","ping_status":"closed","template":"","meta":[],"pwb-brand":[],"product_brand":[],"product_cat":[656],"product_tag":[],"berocket_brand":[437],"class_list":{"0":"post-18523","1":"product","2":"type-product","3":"status-publish","4":"has-post-thumbnail","6":"product_cat-modeling-gel-trendy-nails","7":"berocket_brand-trendy-nails","9":"first","10":"outofstock","11":"taxable","12":"shipping-taxable","13":"purchasable","14":"product-type-variable"},"acf":[],"brands":[],"_links":{"self":[{"href":"https:\/\/mikeladzenailstore.com\/sk\/wp-json\/wp\/v2\/product\/18523","targetHints":{"allow":["GET"]}}],"collection":[{"href":"https:\/\/mikeladzenailstore.com\/sk\/wp-json\/wp\/v2\/product"}],"about":[{"href":"https:\/\/mikeladzenailstore.com\/sk\/wp-json\/wp\/v2\/types\/product"}],"replies":[{"embeddable":true,"href":"https:\/\/mikeladzenailstore.com\/sk\/wp-json\/wp\/v2\/comments?post=18523"}],"version-history":[{"count":2,"href":"https:\/\/mikeladzenailstore.com\/sk\/wp-json\/wp\/v2\/product\/18523\/revisions"}],"predecessor-version":[{"id":21866,"href":"https:\/\/mikeladzenailstore.com\/sk\/wp-json\/wp\/v2\/product\/18523\/revisions\/21866"}],"wp:featuredmedia":[{"embeddable":true,"href":"https:\/\/mikeladzenailstore.com\/sk\/wp-json\/wp\/v2\/media\/18536"}],"wp:attachment":[{"href":"https:\/\/mikeladzenailstore.com\/sk\/wp-json\/wp\/v2\/media?parent=18523"}],"wp:term":[{"taxonomy":"pwb-brand","embeddable":true,"href":"https:\/\/mikeladzenailstore.com\/sk\/wp-json\/wp\/v2\/pwb-brand?post=18523"},{"taxonomy":"product_brand","embeddable":true,"href":"https:\/\/mikeladzenailstore.com\/sk\/wp-json\/wp\/v2\/product_brand?post=18523"},{"taxonomy":"product_cat","embeddable":true,"href":"https:\/\/mikeladzenailstore.com\/sk\/wp-json\/wp\/v2\/product_cat?post=18523"},{"taxonomy":"product_tag","embeddable":true,"href":"https:\/\/mikeladzenailstore.com\/sk\/wp-json\/wp\/v2\/product_tag?post=18523"},{"taxonomy":"berocket_brand","embeddable":true,"href":"https:\/\/mikeladzenailstore.com\/sk\/wp-json\/wp\/v2\/berocket_brand?post=18523"}],"curies":[{"name":"wp","href":"https:\/\/api.w.org\/{rel}","templated":true}]}}