{"id":20693,"date":"2026-04-04T07:00:34","date_gmt":"2026-04-04T07:00:34","guid":{"rendered":"https:\/\/mikeladzenailstore.com\/?post_type=product&#038;p=20693"},"modified":"2026-04-04T07:13:14","modified_gmt":"2026-04-04T07:13:14","slug":"microstop-nadoba-na-dezinfekci-1l","status":"publish","type":"product","link":"https:\/\/mikeladzenailstore.com\/sk\/produkt\/microstop-nadoba-na-dezinfekci-1l\/","title":{"rendered":"Microstop N\u00e1doba na dezinfekci 1L"},"content":{"rendered":"<h2>Popis produktu<\/h2>\n<p><strong>Microstop N\u00e1doba na dezinfekci 1L<\/strong>\u00a0je n\u00e1doba na dezinfekci pro mal\u00e9 n\u00e1pln\u011b.<\/p>\n<ul>\n<li>vyrobena z chemicky odoln\u00e9ho a netoxick\u00e9ho plastu<\/li>\n<li>ne\u017eloutne, proto\u017ee nen\u00ed vystavena ultrafialov\u00e9mu z\u00e1\u0159en\u00ed<\/li>\n<li>vybaven\u00fd perforovan\u00fdm t\u00e1cem pro zlep\u0161en\u00ed cirkulace dezinfek\u010dn\u00edho roztoku<\/li>\n<li>s v\u00edkem, kter\u00e9 ut\u011bs\u0148uje n\u00e1dobu: kapalina se nevypa\u0159uje a d\u00e9le si zachov\u00e1v\u00e1 sv\u00e9 vlastnosti<\/li>\n<\/ul>\n<p><strong>Rozm\u011bry:<\/strong>\u00a0255 x 135 x 85 mm<\/p>\n<p><strong>Objem:<\/strong>\u00a01L<\/p>\n<p><strong>Po\u010det:<\/strong>\u00a01ks<\/p>\n","protected":false},"excerpt":{"rendered":"<p>Popis produktu Microstop N\u00e1doba na dezinfekci 1L\u00a0je n\u00e1doba na dezinfekci pro mal\u00e9 n\u00e1pln\u011b. vyrobena z chemicky odoln\u00e9ho a netoxick\u00e9ho plastu ne\u017eloutne, proto\u017ee nen\u00ed vystavena ultrafialov\u00e9mu z\u00e1\u0159en\u00ed vybaven\u00fd perforovan\u00fdm t\u00e1cem pro zlep\u0161en\u00ed cirkulace dezinfek\u010dn\u00edho roztoku s v\u00edkem, kter\u00e9 ut\u011bs\u0148uje n\u00e1dobu: kapalina se nevypa\u0159uje a d\u00e9le si zachov\u00e1v\u00e1 sv\u00e9 vlastnosti Rozm\u011bry:\u00a0255 x 135 x 85 mm Objem:\u00a01L [&hellip;]<\/p>\n","protected":false},"featured_media":20694,"comment_status":"closed","ping_status":"closed","template":"","meta":[],"pwb-brand":[],"product_brand":[],"product_cat":[728],"product_tag":[],"berocket_brand":[174],"class_list":{"0":"post-20693","1":"product","2":"type-product","3":"status-publish","4":"has-post-thumbnail","6":"product_cat-dezinfekce-a-sterilizace","7":"berocket_brand-microstop","9":"first","10":"outofstock","11":"taxable","12":"shipping-taxable","13":"purchasable","14":"product-type-simple"},"acf":[],"brands":[],"_links":{"self":[{"href":"https:\/\/mikeladzenailstore.com\/sk\/wp-json\/wp\/v2\/product\/20693","targetHints":{"allow":["GET"]}}],"collection":[{"href":"https:\/\/mikeladzenailstore.com\/sk\/wp-json\/wp\/v2\/product"}],"about":[{"href":"https:\/\/mikeladzenailstore.com\/sk\/wp-json\/wp\/v2\/types\/product"}],"replies":[{"embeddable":true,"href":"https:\/\/mikeladzenailstore.com\/sk\/wp-json\/wp\/v2\/comments?post=20693"}],"version-history":[{"count":0,"href":"https:\/\/mikeladzenailstore.com\/sk\/wp-json\/wp\/v2\/product\/20693\/revisions"}],"wp:featuredmedia":[{"embeddable":true,"href":"https:\/\/mikeladzenailstore.com\/sk\/wp-json\/wp\/v2\/media\/20694"}],"wp:attachment":[{"href":"https:\/\/mikeladzenailstore.com\/sk\/wp-json\/wp\/v2\/media?parent=20693"}],"wp:term":[{"taxonomy":"pwb-brand","embeddable":true,"href":"https:\/\/mikeladzenailstore.com\/sk\/wp-json\/wp\/v2\/pwb-brand?post=20693"},{"taxonomy":"product_brand","embeddable":true,"href":"https:\/\/mikeladzenailstore.com\/sk\/wp-json\/wp\/v2\/product_brand?post=20693"},{"taxonomy":"product_cat","embeddable":true,"href":"https:\/\/mikeladzenailstore.com\/sk\/wp-json\/wp\/v2\/product_cat?post=20693"},{"taxonomy":"product_tag","embeddable":true,"href":"https:\/\/mikeladzenailstore.com\/sk\/wp-json\/wp\/v2\/product_tag?post=20693"},{"taxonomy":"berocket_brand","embeddable":true,"href":"https:\/\/mikeladzenailstore.com\/sk\/wp-json\/wp\/v2\/berocket_brand?post=20693"}],"curies":[{"name":"wp","href":"https:\/\/api.w.org\/{rel}","templated":true}]}}