{"id":21178,"date":"2026-04-16T06:39:00","date_gmt":"2026-04-16T06:39:00","guid":{"rendered":"https:\/\/mikeladzenailstore.com\/?post_type=product&#038;p=21178"},"modified":"2026-04-16T06:55:21","modified_gmt":"2026-04-16T06:55:21","slug":"modelaznehtu-pomoci-gelovych-tipu","status":"publish","type":"product","link":"https:\/\/mikeladzenailstore.com\/sk\/produkt\/modelaznehtu-pomoci-gelovych-tipu\/","title":{"rendered":"Modela\u017anehtu pomoci gelov\u00fdch tip\u00fa"},"content":{"rendered":"<p>D\u00edky tomuto video masterclassu se nau\u010d\u00ed\u0161 nejrychlej\u0161\u00ed metodu model\u00e1\u017ee neht\u016f \u2013 tzv. expresn\u00ed model\u00e1\u017e pomoc\u00ed gelov\u00fdch tip\u016f.<\/p>\n<p>Nepot\u0159ebuje\u0161 spodn\u00ed pap\u00edrov\u00e9 \u0161ablony.<br \/>\nNepot\u0159ebuje\u0161 horn\u00ed formy.<br \/>\nSta\u010d\u00ed ti pouze balen\u00ed gelov\u00fdch tip\u016f, b\u00e1ze a gel.<\/p>\n<p>Tvoje klientky budou nad\u0161en\u00e9 z kr\u00e1sn\u00fdch oblouk\u016f, skv\u011bl\u00e9 nositelnosti i estetick\u00e9ho vzhledu.<br \/>\nA hlavn\u011b \u2013 z toho, jak rychl\u00e1 tato metoda je.<\/p>\n<p>Pokud se chce\u0161 nau\u010dit nejrychlej\u0161\u00ed expresn\u00ed metodu model\u00e1\u017ee pomoc\u00ed tip\u016f, po\u0159i\u010f si tento masterclass, kter\u00fd ti z\u016fstane nav\u017edy.<\/p>\n<p>Pokud bude\u0161 m\u00edt jak\u00e9koli dotazy, r\u00e1di ti odpov\u00edme v na\u0161em Instagram Directu.<\/p>\n","protected":false},"excerpt":{"rendered":"<p>D\u00edky tomuto video masterclassu se nau\u010d\u00ed\u0161 nejrychlej\u0161\u00ed metodu model\u00e1\u017ee neht\u016f \u2013 tzv. expresn\u00ed model\u00e1\u017e pomoc\u00ed gelov\u00fdch tip\u016f. Nepot\u0159ebuje\u0161 spodn\u00ed pap\u00edrov\u00e9 \u0161ablony. Nepot\u0159ebuje\u0161 horn\u00ed formy. Sta\u010d\u00ed ti pouze balen\u00ed gelov\u00fdch tip\u016f, b\u00e1ze a gel. Tvoje klientky budou nad\u0161en\u00e9 z kr\u00e1sn\u00fdch oblouk\u016f, skv\u011bl\u00e9 nositelnosti i estetick\u00e9ho vzhledu. A hlavn\u011b \u2013 z toho, jak rychl\u00e1 tato metoda je. [&hellip;]<\/p>\n","protected":false},"featured_media":17453,"comment_status":"closed","ping_status":"closed","template":"","meta":[],"pwb-brand":[],"product_brand":[],"product_cat":[730],"product_tag":[],"berocket_brand":[489],"class_list":{"0":"post-21178","1":"product","2":"type-product","3":"status-publish","4":"has-post-thumbnail","6":"product_cat-video-masterclassy","7":"berocket_brand-jz-nails-group","9":"first","10":"instock","11":"downloadable","12":"taxable","13":"shipping-taxable","14":"purchasable","15":"product-type-simple"},"acf":[],"brands":[],"_links":{"self":[{"href":"https:\/\/mikeladzenailstore.com\/sk\/wp-json\/wp\/v2\/product\/21178","targetHints":{"allow":["GET"]}}],"collection":[{"href":"https:\/\/mikeladzenailstore.com\/sk\/wp-json\/wp\/v2\/product"}],"about":[{"href":"https:\/\/mikeladzenailstore.com\/sk\/wp-json\/wp\/v2\/types\/product"}],"replies":[{"embeddable":true,"href":"https:\/\/mikeladzenailstore.com\/sk\/wp-json\/wp\/v2\/comments?post=21178"}],"version-history":[{"count":0,"href":"https:\/\/mikeladzenailstore.com\/sk\/wp-json\/wp\/v2\/product\/21178\/revisions"}],"wp:featuredmedia":[{"embeddable":true,"href":"https:\/\/mikeladzenailstore.com\/sk\/wp-json\/wp\/v2\/media\/17453"}],"wp:attachment":[{"href":"https:\/\/mikeladzenailstore.com\/sk\/wp-json\/wp\/v2\/media?parent=21178"}],"wp:term":[{"taxonomy":"pwb-brand","embeddable":true,"href":"https:\/\/mikeladzenailstore.com\/sk\/wp-json\/wp\/v2\/pwb-brand?post=21178"},{"taxonomy":"product_brand","embeddable":true,"href":"https:\/\/mikeladzenailstore.com\/sk\/wp-json\/wp\/v2\/product_brand?post=21178"},{"taxonomy":"product_cat","embeddable":true,"href":"https:\/\/mikeladzenailstore.com\/sk\/wp-json\/wp\/v2\/product_cat?post=21178"},{"taxonomy":"product_tag","embeddable":true,"href":"https:\/\/mikeladzenailstore.com\/sk\/wp-json\/wp\/v2\/product_tag?post=21178"},{"taxonomy":"berocket_brand","embeddable":true,"href":"https:\/\/mikeladzenailstore.com\/sk\/wp-json\/wp\/v2\/berocket_brand?post=21178"}],"curies":[{"name":"wp","href":"https:\/\/api.w.org\/{rel}","templated":true}]}}