{"id":21447,"date":"2026-04-16T18:32:25","date_gmt":"2026-04-16T18:32:25","guid":{"rendered":"https:\/\/mikeladzenailstore.com\/?post_type=product&#038;p=21447"},"modified":"2026-04-16T20:51:55","modified_gmt":"2026-04-16T20:51:55","slug":"kartacek-na-oprasovani-nehtu-staleks-expert-01-dbe-01","status":"publish","type":"product","link":"https:\/\/mikeladzenailstore.com\/sk\/produkt\/kartacek-na-oprasovani-nehtu-staleks-expert-01-dbe-01\/","title":{"rendered":"Kart\u00e1\u010dek na opra\u0161ov\u00e1n\u00ed neht\u016f Staleks EXPERT 01 DBE-01"},"content":{"rendered":"<p>Vlastnosti kart\u00e1\u010de:<br \/>\nVyrobeno z odoln\u00e9ho pr\u016fhledn\u00e9ho plastu odoln\u00e9ho proti opot\u0159eben\u00ed.<br \/>\nSyntetick\u00e9 \u0161t\u011btiny optim\u00e1ln\u00ed tuhosti &#8211; \u00fa\u010dinn\u011b \u010dist\u00ed, ani\u017e by po\u0161kodily nehtovou k\u016f\u017ei\u010dku nebo plot\u00e9nku.<br \/>\nPohodln\u00e1 zahnut\u00e1 rukoje\u0165, kter\u00e1 zabra\u0148uje sklouznut\u00ed v ruce.<br \/>\nOpat\u0159eno ochrann\u00fdm uz\u00e1v\u011brem pro hygienick\u00e9 skladov\u00e1n\u00ed, kter\u00fd chr\u00e1n\u00ed \u0161t\u011btiny p\u0159ed deformac\u00ed a usnad\u0148uje p\u0159epravu kart\u00e1\u010dku.<br \/>\nKompaktn\u00ed velikost, ide\u00e1ln\u00ed pro pr\u00e1ci.<br \/>\nSnadno se \u010dist\u00ed a poskytuje dlouhotrvaj\u00edc\u00ed slu\u017ebu.<br \/>\nSizes:<br \/>\nD\u00e9lka \u0161t\u011btin: 17 mm.<br \/>\n\u0160\u00ed\u0159ka kart\u00e1\u010de: 5 cm.<br \/>\nV\u00fd\u0161ka kart\u00e1\u010de: 8 cm.<br \/>\nD\u00e9lka kart\u00e1\u010de: 15 cm.<\/p>\n","protected":false},"excerpt":{"rendered":"<p>Vlastnosti kart\u00e1\u010de: Vyrobeno z odoln\u00e9ho pr\u016fhledn\u00e9ho plastu odoln\u00e9ho proti opot\u0159eben\u00ed. Syntetick\u00e9 \u0161t\u011btiny optim\u00e1ln\u00ed tuhosti &#8211; \u00fa\u010dinn\u011b \u010dist\u00ed, ani\u017e by po\u0161kodily nehtovou k\u016f\u017ei\u010dku nebo plot\u00e9nku. Pohodln\u00e1 zahnut\u00e1 rukoje\u0165, kter\u00e1 zabra\u0148uje sklouznut\u00ed v ruce. Opat\u0159eno ochrann\u00fdm uz\u00e1v\u011brem pro hygienick\u00e9 skladov\u00e1n\u00ed, kter\u00fd chr\u00e1n\u00ed \u0161t\u011btiny p\u0159ed deformac\u00ed a usnad\u0148uje p\u0159epravu kart\u00e1\u010dku. Kompaktn\u00ed velikost, ide\u00e1ln\u00ed pro pr\u00e1ci. Snadno se \u010dist\u00ed [&hellip;]<\/p>\n","protected":false},"featured_media":21448,"comment_status":"closed","ping_status":"closed","template":"","meta":[],"pwb-brand":[],"product_brand":[],"product_cat":[485],"product_tag":[],"berocket_brand":[],"class_list":{"0":"post-21447","1":"product","2":"type-product","3":"status-publish","4":"has-post-thumbnail","6":"product_cat-spotrebni-material-na-jedno-pouziti","8":"first","9":"instock","10":"taxable","11":"shipping-taxable","12":"purchasable","13":"product-type-simple"},"acf":[],"brands":[],"_links":{"self":[{"href":"https:\/\/mikeladzenailstore.com\/sk\/wp-json\/wp\/v2\/product\/21447","targetHints":{"allow":["GET"]}}],"collection":[{"href":"https:\/\/mikeladzenailstore.com\/sk\/wp-json\/wp\/v2\/product"}],"about":[{"href":"https:\/\/mikeladzenailstore.com\/sk\/wp-json\/wp\/v2\/types\/product"}],"replies":[{"embeddable":true,"href":"https:\/\/mikeladzenailstore.com\/sk\/wp-json\/wp\/v2\/comments?post=21447"}],"version-history":[{"count":1,"href":"https:\/\/mikeladzenailstore.com\/sk\/wp-json\/wp\/v2\/product\/21447\/revisions"}],"predecessor-version":[{"id":21450,"href":"https:\/\/mikeladzenailstore.com\/sk\/wp-json\/wp\/v2\/product\/21447\/revisions\/21450"}],"wp:featuredmedia":[{"embeddable":true,"href":"https:\/\/mikeladzenailstore.com\/sk\/wp-json\/wp\/v2\/media\/21448"}],"wp:attachment":[{"href":"https:\/\/mikeladzenailstore.com\/sk\/wp-json\/wp\/v2\/media?parent=21447"}],"wp:term":[{"taxonomy":"pwb-brand","embeddable":true,"href":"https:\/\/mikeladzenailstore.com\/sk\/wp-json\/wp\/v2\/pwb-brand?post=21447"},{"taxonomy":"product_brand","embeddable":true,"href":"https:\/\/mikeladzenailstore.com\/sk\/wp-json\/wp\/v2\/product_brand?post=21447"},{"taxonomy":"product_cat","embeddable":true,"href":"https:\/\/mikeladzenailstore.com\/sk\/wp-json\/wp\/v2\/product_cat?post=21447"},{"taxonomy":"product_tag","embeddable":true,"href":"https:\/\/mikeladzenailstore.com\/sk\/wp-json\/wp\/v2\/product_tag?post=21447"},{"taxonomy":"berocket_brand","embeddable":true,"href":"https:\/\/mikeladzenailstore.com\/sk\/wp-json\/wp\/v2\/berocket_brand?post=21447"}],"curies":[{"name":"wp","href":"https:\/\/api.w.org\/{rel}","templated":true}]}}