{"id":21462,"date":"2026-04-16T18:56:12","date_gmt":"2026-04-16T18:56:12","guid":{"rendered":"https:\/\/mikeladzenailstore.com\/?post_type=product&#038;p=21462"},"modified":"2026-04-16T18:56:40","modified_gmt":"2026-04-16T18:56:40","slug":"staleks-stetec-na-gel-c-06-nbe-06","status":"publish","type":"product","link":"https:\/\/mikeladzenailstore.com\/sk\/produkt\/staleks-stetec-na-gel-c-06-nbe-06\/","title":{"rendered":"Staleks \u0160t\u011btec na gel \u010d. 06 NBE-06"},"content":{"rendered":"<p>Hlavn\u00ed v\u00fdhody:<br \/>\nOv\u00e1ln\u00fd tvar pro rovnom\u011brn\u00e9 nan\u00e1\u0161en\u00ed gelu.<br \/>\n\u0160t\u011btiny ze syntetick\u00fdch vl\u00e1ken zaji\u0161\u0165uj\u00ed vynikaj\u00edc\u00ed pru\u017enost a odolnost.<br \/>\nPohodln\u00fd tvar hlin\u00edkov\u00e9 rukojeti umo\u017e\u0148uje snadn\u00e9 dr\u017een\u00ed a kontrolu p\u0159i pr\u00e1ci.<br \/>\nEfektivn\u00ed pro pr\u00e1ci na v\u011bt\u0161\u00edch ploch\u00e1ch nehtu.<br \/>\nSpecifikace:<br \/>\n\u0160\u00ed\u0159ka \u0161t\u011btin: 6 mm.<br \/>\nD\u00e9lka \u0161t\u011btin: 11 mm.<br \/>\nD\u00e9lka \u0161t\u011bte\u010dku: 18 cm.<\/p>\n","protected":false},"excerpt":{"rendered":"<p>Hlavn\u00ed v\u00fdhody: Ov\u00e1ln\u00fd tvar pro rovnom\u011brn\u00e9 nan\u00e1\u0161en\u00ed gelu. \u0160t\u011btiny ze syntetick\u00fdch vl\u00e1ken zaji\u0161\u0165uj\u00ed vynikaj\u00edc\u00ed pru\u017enost a odolnost. Pohodln\u00fd tvar hlin\u00edkov\u00e9 rukojeti umo\u017e\u0148uje snadn\u00e9 dr\u017een\u00ed a kontrolu p\u0159i pr\u00e1ci. Efektivn\u00ed pro pr\u00e1ci na v\u011bt\u0161\u00edch ploch\u00e1ch nehtu. Specifikace: \u0160\u00ed\u0159ka \u0161t\u011btin: 6 mm. D\u00e9lka \u0161t\u011btin: 11 mm. D\u00e9lka \u0161t\u011bte\u010dku: 18 cm.<\/p>\n","protected":false},"featured_media":21463,"comment_status":"closed","ping_status":"closed","template":"","meta":[],"pwb-brand":[],"product_brand":[],"product_cat":[480,702],"product_tag":[],"berocket_brand":[171],"class_list":{"0":"post-21462","1":"product","2":"type-product","3":"status-publish","4":"has-post-thumbnail","6":"product_cat-nail-brushes","7":"product_cat-slevy","8":"berocket_brand-staleks","10":"first","11":"instock","12":"taxable","13":"shipping-taxable","14":"purchasable","15":"product-type-simple"},"acf":[],"brands":[],"_links":{"self":[{"href":"https:\/\/mikeladzenailstore.com\/sk\/wp-json\/wp\/v2\/product\/21462","targetHints":{"allow":["GET"]}}],"collection":[{"href":"https:\/\/mikeladzenailstore.com\/sk\/wp-json\/wp\/v2\/product"}],"about":[{"href":"https:\/\/mikeladzenailstore.com\/sk\/wp-json\/wp\/v2\/types\/product"}],"replies":[{"embeddable":true,"href":"https:\/\/mikeladzenailstore.com\/sk\/wp-json\/wp\/v2\/comments?post=21462"}],"version-history":[{"count":1,"href":"https:\/\/mikeladzenailstore.com\/sk\/wp-json\/wp\/v2\/product\/21462\/revisions"}],"predecessor-version":[{"id":21466,"href":"https:\/\/mikeladzenailstore.com\/sk\/wp-json\/wp\/v2\/product\/21462\/revisions\/21466"}],"wp:featuredmedia":[{"embeddable":true,"href":"https:\/\/mikeladzenailstore.com\/sk\/wp-json\/wp\/v2\/media\/21463"}],"wp:attachment":[{"href":"https:\/\/mikeladzenailstore.com\/sk\/wp-json\/wp\/v2\/media?parent=21462"}],"wp:term":[{"taxonomy":"pwb-brand","embeddable":true,"href":"https:\/\/mikeladzenailstore.com\/sk\/wp-json\/wp\/v2\/pwb-brand?post=21462"},{"taxonomy":"product_brand","embeddable":true,"href":"https:\/\/mikeladzenailstore.com\/sk\/wp-json\/wp\/v2\/product_brand?post=21462"},{"taxonomy":"product_cat","embeddable":true,"href":"https:\/\/mikeladzenailstore.com\/sk\/wp-json\/wp\/v2\/product_cat?post=21462"},{"taxonomy":"product_tag","embeddable":true,"href":"https:\/\/mikeladzenailstore.com\/sk\/wp-json\/wp\/v2\/product_tag?post=21462"},{"taxonomy":"berocket_brand","embeddable":true,"href":"https:\/\/mikeladzenailstore.com\/sk\/wp-json\/wp\/v2\/berocket_brand?post=21462"}],"curies":[{"name":"wp","href":"https:\/\/api.w.org\/{rel}","templated":true}]}}