{"id":21765,"date":"2026-04-18T16:15:43","date_gmt":"2026-04-18T16:15:43","guid":{"rendered":"https:\/\/mikeladzenailstore.com\/?post_type=product&#038;p=21765"},"modified":"2026-04-18T17:15:57","modified_gmt":"2026-04-18T17:15:57","slug":"barevny-gel-lak-ranunculus-trendy-nails","status":"publish","type":"product","link":"https:\/\/mikeladzenailstore.com\/sk\/produkt\/barevny-gel-lak-ranunculus-trendy-nails\/","title":{"rendered":"Barevny gel lak RANUNCULUS  Trendy nails"},"content":{"rendered":"<p data-start=\"0\" data-end=\"142\"><strong data-start=\"0\" data-end=\"14\">Ranunculus<\/strong> je profesion\u00e1ln\u00ed pastelov\u00fd semipermanentn\u00ed lak navr\u017een\u00fd pro perfektn\u00ed kryt\u00ed, rychlou aplikaci a bezchybn\u00fd p\u0159irozen\u00fd v\u00fdsledek.<\/p>\n<p data-start=\"144\" data-end=\"303\">Jeho jemn\u00fd baby r\u016f\u017eov\u00fd odst\u00edn je nad\u010dasov\u00e1 klasika \u2013 ide\u00e1ln\u00ed pro elegantn\u00ed manik\u00faru, sjednocen\u00ed nehtov\u00e9 plot\u00e9nky i pro nude look, kter\u00fd nikdy nevyjde z m\u00f3dy.<\/p>\n<p data-start=\"305\" data-end=\"448\">Vysoce pigmentovan\u00e9 slo\u017een\u00ed zaji\u0161\u0165uje plnou a rovnom\u011brnou barvu, zat\u00edmco samovyrovn\u00e1vac\u00ed textura umo\u017e\u0148uje snadnou aplikaci bez nedokonalost\u00ed.<\/p>\n<p data-start=\"450\" data-end=\"498\">V\u00fddr\u017e a\u017e 4 t\u00fddny se stabiln\u00ed a z\u00e1\u0159ivou barvou.<\/p>\n<p data-start=\"500\" data-end=\"574\" data-is-last-node=\"\" data-is-only-node=\"\">Slo\u017een\u00ed bez HEMA, Di-HEMA a TPO \u2013 vhodn\u00e9 i pro klientky s citliv\u00fdmi nehty.<\/p>\n<div style=\"width: 464px;\" class=\"wp-video\"><video class=\"wp-video-shortcode\" id=\"video-21765-1\" width=\"464\" height=\"848\" preload=\"metadata\" controls=\"controls\"><source type=\"video\/mp4\" src=\"https:\/\/mikeladzenailstore.com\/wp-content\/uploads\/2026\/04\/video_2026-04-18_18-34-50-1.mp4?_=1\" \/><a href=\"https:\/\/mikeladzenailstore.com\/wp-content\/uploads\/2026\/04\/video_2026-04-18_18-34-50-1.mp4\">https:\/\/mikeladzenailstore.com\/wp-content\/uploads\/2026\/04\/video_2026-04-18_18-34-50-1.mp4<\/a><\/video><\/div>\n","protected":false},"excerpt":{"rendered":"<p>Ranunculus je profesion\u00e1ln\u00ed pastelov\u00fd semipermanentn\u00ed lak navr\u017een\u00fd pro perfektn\u00ed kryt\u00ed, rychlou aplikaci a bezchybn\u00fd p\u0159irozen\u00fd v\u00fdsledek. Jeho jemn\u00fd baby r\u016f\u017eov\u00fd odst\u00edn je nad\u010dasov\u00e1 klasika \u2013 ide\u00e1ln\u00ed pro elegantn\u00ed manik\u00faru, sjednocen\u00ed nehtov\u00e9 plot\u00e9nky i pro nude look, kter\u00fd nikdy nevyjde z m\u00f3dy. Vysoce pigmentovan\u00e9 slo\u017een\u00ed zaji\u0161\u0165uje plnou a rovnom\u011brnou barvu, zat\u00edmco samovyrovn\u00e1vac\u00ed textura umo\u017e\u0148uje snadnou aplikaci [&hellip;]<\/p>\n","protected":false},"featured_media":21791,"comment_status":"closed","ping_status":"closed","template":"","meta":[],"pwb-brand":[],"product_brand":[],"product_cat":[658],"product_tag":[],"berocket_brand":[175],"class_list":{"0":"post-21765","1":"product","2":"type-product","3":"status-publish","4":"has-post-thumbnail","6":"product_cat-gel-polish-trendy-nails","7":"berocket_brand-trendy-nails","9":"first","10":"outofstock","11":"taxable","12":"shipping-taxable","13":"purchasable","14":"product-type-variable"},"acf":[],"brands":[],"_links":{"self":[{"href":"https:\/\/mikeladzenailstore.com\/sk\/wp-json\/wp\/v2\/product\/21765","targetHints":{"allow":["GET"]}}],"collection":[{"href":"https:\/\/mikeladzenailstore.com\/sk\/wp-json\/wp\/v2\/product"}],"about":[{"href":"https:\/\/mikeladzenailstore.com\/sk\/wp-json\/wp\/v2\/types\/product"}],"replies":[{"embeddable":true,"href":"https:\/\/mikeladzenailstore.com\/sk\/wp-json\/wp\/v2\/comments?post=21765"}],"version-history":[{"count":1,"href":"https:\/\/mikeladzenailstore.com\/sk\/wp-json\/wp\/v2\/product\/21765\/revisions"}],"predecessor-version":[{"id":21793,"href":"https:\/\/mikeladzenailstore.com\/sk\/wp-json\/wp\/v2\/product\/21765\/revisions\/21793"}],"wp:featuredmedia":[{"embeddable":true,"href":"https:\/\/mikeladzenailstore.com\/sk\/wp-json\/wp\/v2\/media\/21791"}],"wp:attachment":[{"href":"https:\/\/mikeladzenailstore.com\/sk\/wp-json\/wp\/v2\/media?parent=21765"}],"wp:term":[{"taxonomy":"pwb-brand","embeddable":true,"href":"https:\/\/mikeladzenailstore.com\/sk\/wp-json\/wp\/v2\/pwb-brand?post=21765"},{"taxonomy":"product_brand","embeddable":true,"href":"https:\/\/mikeladzenailstore.com\/sk\/wp-json\/wp\/v2\/product_brand?post=21765"},{"taxonomy":"product_cat","embeddable":true,"href":"https:\/\/mikeladzenailstore.com\/sk\/wp-json\/wp\/v2\/product_cat?post=21765"},{"taxonomy":"product_tag","embeddable":true,"href":"https:\/\/mikeladzenailstore.com\/sk\/wp-json\/wp\/v2\/product_tag?post=21765"},{"taxonomy":"berocket_brand","embeddable":true,"href":"https:\/\/mikeladzenailstore.com\/sk\/wp-json\/wp\/v2\/berocket_brand?post=21765"}],"curies":[{"name":"wp","href":"https:\/\/api.w.org\/{rel}","templated":true}]}}