{"id":21803,"date":"2026-04-18T17:34:30","date_gmt":"2026-04-18T17:34:30","guid":{"rendered":"https:\/\/mikeladzenailstore.com\/?post_type=product&#038;p=21803"},"modified":"2026-04-18T21:33:31","modified_gmt":"2026-04-18T21:33:31","slug":"barevny-gel-lak-hyacinth-trendy-nails","status":"publish","type":"product","link":"https:\/\/mikeladzenailstore.com\/sk\/produkt\/barevny-gel-lak-hyacinth-trendy-nails\/","title":{"rendered":"Barevny gel lak Hyacinth  Trendy nails"},"content":{"rendered":"<div style=\"width: 464px;\" class=\"wp-video\"><video class=\"wp-video-shortcode\" id=\"video-21803-1\" width=\"464\" height=\"848\" preload=\"metadata\" controls=\"controls\"><source type=\"video\/mp4\" src=\"https:\/\/mikeladzenailstore.com\/wp-content\/uploads\/2026\/04\/video_2026-04-18_18-34-30-1.mp4?_=1\" \/><a href=\"https:\/\/mikeladzenailstore.com\/wp-content\/uploads\/2026\/04\/video_2026-04-18_18-34-30-1.mp4\">https:\/\/mikeladzenailstore.com\/wp-content\/uploads\/2026\/04\/video_2026-04-18_18-34-30-1.mp4<\/a><\/video><\/div>\n<p data-start=\"0\" data-end=\"157\">Hyacinth\u00a0je profesion\u00e1ln\u00ed pastelov\u00fd semipermanentn\u00ed lak ide\u00e1ln\u00ed pro ty, kte\u0159\u00ed hledaj\u00ed perfektn\u00ed kryt\u00ed, rychlou aplikaci a maxim\u00e1ln\u00ed rovnom\u011brnost barvy.<\/p>\n<p data-start=\"159\" data-end=\"277\">Jeho jemn\u00fd pist\u00e1ciov\u00fd odst\u00edn vytv\u00e1\u0159\u00ed elegantn\u00ed a modern\u00ed efekt \u2013 perfektn\u00ed pro trendy manik\u00faru i sofistikovan\u00fd look.<\/p>\n<p data-start=\"279\" data-end=\"454\">D\u00edky intenzivn\u00ed pigmentaci zaji\u0161\u0165uje pln\u00fd a rovnom\u011brn\u00fd v\u00fdsledek bez k\u0159\u00eddov\u00e9ho efektu, zat\u00edmco st\u0159edn\u011b hust\u00e1 samovyrovn\u00e1vac\u00ed textura usnad\u0148uje aplikaci a zkracuje dobu pr\u00e1ce.<\/p>\n<p data-start=\"456\" data-end=\"507\">V\u00fddr\u017e a\u017e 4 t\u00fddny bez ztr\u00e1ty intenzity nebo lesku.<\/p>\n<p data-start=\"509\" data-end=\"570\" data-is-last-node=\"\" data-is-only-node=\"\">Slo\u017een\u00ed bez HEMA, Di-HEMA a TPO \u2013 vhodn\u00e9 i pro citliv\u00e9 nehty.<\/p>\n","protected":false},"excerpt":{"rendered":"<p>Hyacinth\u00a0je profesion\u00e1ln\u00ed pastelov\u00fd semipermanentn\u00ed lak ide\u00e1ln\u00ed pro ty, kte\u0159\u00ed hledaj\u00ed perfektn\u00ed kryt\u00ed, rychlou aplikaci a maxim\u00e1ln\u00ed rovnom\u011brnost barvy. Jeho jemn\u00fd pist\u00e1ciov\u00fd odst\u00edn vytv\u00e1\u0159\u00ed elegantn\u00ed a modern\u00ed efekt \u2013 perfektn\u00ed pro trendy manik\u00faru i sofistikovan\u00fd look. D\u00edky intenzivn\u00ed pigmentaci zaji\u0161\u0165uje pln\u00fd a rovnom\u011brn\u00fd v\u00fdsledek bez k\u0159\u00eddov\u00e9ho efektu, zat\u00edmco st\u0159edn\u011b hust\u00e1 samovyrovn\u00e1vac\u00ed textura usnad\u0148uje aplikaci a zkracuje [&hellip;]<\/p>\n","protected":false},"featured_media":21806,"comment_status":"closed","ping_status":"closed","template":"","meta":[],"pwb-brand":[],"product_brand":[],"product_cat":[658],"product_tag":[],"berocket_brand":[175],"class_list":{"0":"post-21803","1":"product","2":"type-product","3":"status-publish","4":"has-post-thumbnail","6":"product_cat-gel-polish-trendy-nails","7":"berocket_brand-trendy-nails","9":"first","10":"outofstock","11":"taxable","12":"shipping-taxable","13":"purchasable","14":"product-type-variable"},"acf":[],"brands":[],"_links":{"self":[{"href":"https:\/\/mikeladzenailstore.com\/sk\/wp-json\/wp\/v2\/product\/21803","targetHints":{"allow":["GET"]}}],"collection":[{"href":"https:\/\/mikeladzenailstore.com\/sk\/wp-json\/wp\/v2\/product"}],"about":[{"href":"https:\/\/mikeladzenailstore.com\/sk\/wp-json\/wp\/v2\/types\/product"}],"replies":[{"embeddable":true,"href":"https:\/\/mikeladzenailstore.com\/sk\/wp-json\/wp\/v2\/comments?post=21803"}],"version-history":[{"count":2,"href":"https:\/\/mikeladzenailstore.com\/sk\/wp-json\/wp\/v2\/product\/21803\/revisions"}],"predecessor-version":[{"id":21831,"href":"https:\/\/mikeladzenailstore.com\/sk\/wp-json\/wp\/v2\/product\/21803\/revisions\/21831"}],"wp:featuredmedia":[{"embeddable":true,"href":"https:\/\/mikeladzenailstore.com\/sk\/wp-json\/wp\/v2\/media\/21806"}],"wp:attachment":[{"href":"https:\/\/mikeladzenailstore.com\/sk\/wp-json\/wp\/v2\/media?parent=21803"}],"wp:term":[{"taxonomy":"pwb-brand","embeddable":true,"href":"https:\/\/mikeladzenailstore.com\/sk\/wp-json\/wp\/v2\/pwb-brand?post=21803"},{"taxonomy":"product_brand","embeddable":true,"href":"https:\/\/mikeladzenailstore.com\/sk\/wp-json\/wp\/v2\/product_brand?post=21803"},{"taxonomy":"product_cat","embeddable":true,"href":"https:\/\/mikeladzenailstore.com\/sk\/wp-json\/wp\/v2\/product_cat?post=21803"},{"taxonomy":"product_tag","embeddable":true,"href":"https:\/\/mikeladzenailstore.com\/sk\/wp-json\/wp\/v2\/product_tag?post=21803"},{"taxonomy":"berocket_brand","embeddable":true,"href":"https:\/\/mikeladzenailstore.com\/sk\/wp-json\/wp\/v2\/berocket_brand?post=21803"}],"curies":[{"name":"wp","href":"https:\/\/api.w.org\/{rel}","templated":true}]}}