{"id":21823,"date":"2026-04-18T21:23:26","date_gmt":"2026-04-18T21:23:26","guid":{"rendered":"https:\/\/mikeladzenailstore.com\/?post_type=product&#038;p=21823"},"modified":"2026-04-18T21:28:55","modified_gmt":"2026-04-18T21:28:55","slug":"barevny-gel-lak-delphinium-trendy-nails","status":"publish","type":"product","link":"https:\/\/mikeladzenailstore.com\/sk\/produkt\/barevny-gel-lak-delphinium-trendy-nails\/","title":{"rendered":"Barevny gel lak Delphinium Trendy nails"},"content":{"rendered":"<p data-start=\"0\" data-end=\"136\"><strong data-start=\"0\" data-end=\"14\">Delphinium<\/strong> je profesion\u00e1ln\u00ed pastelov\u00fd semipermanentn\u00ed lak navr\u017een\u00fd pro rovnom\u011brn\u00e9 kryt\u00ed a bezchybnou aplikaci i u jemn\u00fdch odst\u00edn\u016f.<\/p>\n<p data-start=\"138\" data-end=\"276\">Jeho levandulov\u011b r\u016f\u017eov\u00fd t\u00f3n dod\u00e1v\u00e1 neht\u016fm sofistikovan\u00fd a univerz\u00e1ln\u00ed vzhled \u2013 ide\u00e1ln\u00ed pro elegantn\u00ed manik\u00faru i jemn\u00fd, ale v\u00fdrazn\u00fd look.<\/p>\n<p data-start=\"278\" data-end=\"426\">Vysoce pigmentovan\u00e9 slo\u017een\u00ed zabra\u0148uje \u0161mouh\u00e1m a pr\u016fsvitnosti, zat\u00edmco samovyrovn\u00e1vac\u00ed textura zaji\u0161\u0165uje hladk\u00fd a rovnom\u011brn\u00fd povrch bez nerovnost\u00ed.<\/p>\n<p data-start=\"428\" data-end=\"482\">Dlouh\u00e1 v\u00fddr\u017e a maxim\u00e1ln\u00ed stabilita barvy a\u017e 4 t\u00fddny.<\/p>\n<p data-start=\"484\" data-end=\"563\" data-is-last-node=\"\" data-is-only-node=\"\">Slo\u017een\u00ed bez HEMA, Di-HEMA a TPO \u2013 navr\u017eeno pro vysok\u00fd v\u00fdkon a \u0161etrnost k nehtu.<\/p>\n<div style=\"width: 464px;\" class=\"wp-video\"><video class=\"wp-video-shortcode\" id=\"video-21823-1\" width=\"464\" height=\"848\" preload=\"metadata\" controls=\"controls\"><source type=\"video\/mp4\" src=\"https:\/\/mikeladzenailstore.com\/wp-content\/uploads\/2026\/04\/video_2026-04-18_18-34-57-1.mp4?_=1\" \/><a href=\"https:\/\/mikeladzenailstore.com\/wp-content\/uploads\/2026\/04\/video_2026-04-18_18-34-57-1.mp4\">https:\/\/mikeladzenailstore.com\/wp-content\/uploads\/2026\/04\/video_2026-04-18_18-34-57-1.mp4<\/a><\/video><\/div>\n","protected":false},"excerpt":{"rendered":"<p>Delphinium je profesion\u00e1ln\u00ed pastelov\u00fd semipermanentn\u00ed lak navr\u017een\u00fd pro rovnom\u011brn\u00e9 kryt\u00ed a bezchybnou aplikaci i u jemn\u00fdch odst\u00edn\u016f. Jeho levandulov\u011b r\u016f\u017eov\u00fd t\u00f3n dod\u00e1v\u00e1 neht\u016fm sofistikovan\u00fd a univerz\u00e1ln\u00ed vzhled \u2013 ide\u00e1ln\u00ed pro elegantn\u00ed manik\u00faru i jemn\u00fd, ale v\u00fdrazn\u00fd look. Vysoce pigmentovan\u00e9 slo\u017een\u00ed zabra\u0148uje \u0161mouh\u00e1m a pr\u016fsvitnosti, zat\u00edmco samovyrovn\u00e1vac\u00ed textura zaji\u0161\u0165uje hladk\u00fd a rovnom\u011brn\u00fd povrch bez nerovnost\u00ed. Dlouh\u00e1 [&hellip;]<\/p>\n","protected":false},"featured_media":21826,"comment_status":"closed","ping_status":"closed","template":"","meta":[],"pwb-brand":[],"product_brand":[],"product_cat":[658],"product_tag":[],"berocket_brand":[175],"class_list":{"0":"post-21823","1":"product","2":"type-product","3":"status-publish","4":"has-post-thumbnail","6":"product_cat-gel-polish-trendy-nails","7":"berocket_brand-trendy-nails","9":"first","10":"outofstock","11":"taxable","12":"shipping-taxable","13":"purchasable","14":"product-type-variable"},"acf":[],"brands":[],"_links":{"self":[{"href":"https:\/\/mikeladzenailstore.com\/sk\/wp-json\/wp\/v2\/product\/21823","targetHints":{"allow":["GET"]}}],"collection":[{"href":"https:\/\/mikeladzenailstore.com\/sk\/wp-json\/wp\/v2\/product"}],"about":[{"href":"https:\/\/mikeladzenailstore.com\/sk\/wp-json\/wp\/v2\/types\/product"}],"replies":[{"embeddable":true,"href":"https:\/\/mikeladzenailstore.com\/sk\/wp-json\/wp\/v2\/comments?post=21823"}],"version-history":[{"count":1,"href":"https:\/\/mikeladzenailstore.com\/sk\/wp-json\/wp\/v2\/product\/21823\/revisions"}],"predecessor-version":[{"id":21829,"href":"https:\/\/mikeladzenailstore.com\/sk\/wp-json\/wp\/v2\/product\/21823\/revisions\/21829"}],"wp:featuredmedia":[{"embeddable":true,"href":"https:\/\/mikeladzenailstore.com\/sk\/wp-json\/wp\/v2\/media\/21826"}],"wp:attachment":[{"href":"https:\/\/mikeladzenailstore.com\/sk\/wp-json\/wp\/v2\/media?parent=21823"}],"wp:term":[{"taxonomy":"pwb-brand","embeddable":true,"href":"https:\/\/mikeladzenailstore.com\/sk\/wp-json\/wp\/v2\/pwb-brand?post=21823"},{"taxonomy":"product_brand","embeddable":true,"href":"https:\/\/mikeladzenailstore.com\/sk\/wp-json\/wp\/v2\/product_brand?post=21823"},{"taxonomy":"product_cat","embeddable":true,"href":"https:\/\/mikeladzenailstore.com\/sk\/wp-json\/wp\/v2\/product_cat?post=21823"},{"taxonomy":"product_tag","embeddable":true,"href":"https:\/\/mikeladzenailstore.com\/sk\/wp-json\/wp\/v2\/product_tag?post=21823"},{"taxonomy":"berocket_brand","embeddable":true,"href":"https:\/\/mikeladzenailstore.com\/sk\/wp-json\/wp\/v2\/berocket_brand?post=21823"}],"curies":[{"name":"wp","href":"https:\/\/api.w.org\/{rel}","templated":true}]}}