{"id":21990,"date":"2026-04-27T08:49:26","date_gmt":"2026-04-27T08:49:26","guid":{"rendered":"https:\/\/mikeladzenailstore.com\/?post_type=product&#038;p=21990"},"modified":"2026-04-29T11:10:36","modified_gmt":"2026-04-29T11:10:36","slug":"cat-eye-honey-teddy-trendy-nails","status":"publish","type":"product","link":"https:\/\/mikeladzenailstore.com\/sk\/produkt\/cat-eye-honey-teddy-trendy-nails\/","title":{"rendered":"Cat eye Honey Teddy  Trendy nails"},"content":{"rendered":"<p data-start=\"0\" data-end=\"136\">Cat Eye \u201cHoney Teddy\u201d \u2013 b\u00e9\u017eovo-r\u016f\u017eov\u00fd odst\u00edn s neutr\u00e1ln\u00edm, hedv\u00e1bn\u00fdm shimmerem.<\/p>\n","protected":false},"excerpt":{"rendered":"<p>Cat Eye \u201cHoney Teddy\u201d \u2013 b\u00e9\u017eovo-r\u016f\u017eov\u00fd odst\u00edn s neutr\u00e1ln\u00edm, hedv\u00e1bn\u00fdm shimmerem.<\/p>\n","protected":false},"featured_media":22006,"comment_status":"closed","ping_status":"closed","template":"","meta":[],"pwb-brand":[],"product_brand":[],"product_cat":[658],"product_tag":[],"berocket_brand":[175],"class_list":{"0":"post-21990","1":"product","2":"type-product","3":"status-publish","4":"has-post-thumbnail","6":"product_cat-gel-polish-trendy-nails","7":"berocket_brand-trendy-nails","9":"first","10":"instock","11":"taxable","12":"shipping-taxable","13":"purchasable","14":"product-type-variable"},"acf":[],"brands":[],"_links":{"self":[{"href":"https:\/\/mikeladzenailstore.com\/sk\/wp-json\/wp\/v2\/product\/21990","targetHints":{"allow":["GET"]}}],"collection":[{"href":"https:\/\/mikeladzenailstore.com\/sk\/wp-json\/wp\/v2\/product"}],"about":[{"href":"https:\/\/mikeladzenailstore.com\/sk\/wp-json\/wp\/v2\/types\/product"}],"replies":[{"embeddable":true,"href":"https:\/\/mikeladzenailstore.com\/sk\/wp-json\/wp\/v2\/comments?post=21990"}],"version-history":[{"count":1,"href":"https:\/\/mikeladzenailstore.com\/sk\/wp-json\/wp\/v2\/product\/21990\/revisions"}],"predecessor-version":[{"id":21998,"href":"https:\/\/mikeladzenailstore.com\/sk\/wp-json\/wp\/v2\/product\/21990\/revisions\/21998"}],"wp:featuredmedia":[{"embeddable":true,"href":"https:\/\/mikeladzenailstore.com\/sk\/wp-json\/wp\/v2\/media\/22006"}],"wp:attachment":[{"href":"https:\/\/mikeladzenailstore.com\/sk\/wp-json\/wp\/v2\/media?parent=21990"}],"wp:term":[{"taxonomy":"pwb-brand","embeddable":true,"href":"https:\/\/mikeladzenailstore.com\/sk\/wp-json\/wp\/v2\/pwb-brand?post=21990"},{"taxonomy":"product_brand","embeddable":true,"href":"https:\/\/mikeladzenailstore.com\/sk\/wp-json\/wp\/v2\/product_brand?post=21990"},{"taxonomy":"product_cat","embeddable":true,"href":"https:\/\/mikeladzenailstore.com\/sk\/wp-json\/wp\/v2\/product_cat?post=21990"},{"taxonomy":"product_tag","embeddable":true,"href":"https:\/\/mikeladzenailstore.com\/sk\/wp-json\/wp\/v2\/product_tag?post=21990"},{"taxonomy":"berocket_brand","embeddable":true,"href":"https:\/\/mikeladzenailstore.com\/sk\/wp-json\/wp\/v2\/berocket_brand?post=21990"}],"curies":[{"name":"wp","href":"https:\/\/api.w.org\/{rel}","templated":true}]}}