{"id":22029,"date":"2026-04-27T10:22:10","date_gmt":"2026-04-27T10:22:10","guid":{"rendered":"https:\/\/mikeladzenailstore.com\/?post_type=product&#038;p=22029"},"modified":"2026-04-29T11:05:15","modified_gmt":"2026-04-29T11:05:15","slug":"cat-eye-taupe-teddy-trendy-nails","status":"publish","type":"product","link":"https:\/\/mikeladzenailstore.com\/sk\/produkt\/cat-eye-taupe-teddy-trendy-nails\/","title":{"rendered":"Cat eye Taupe Teddy Trendy nails"},"content":{"rendered":"<p data-start=\"0\" data-end=\"136\">Cat Eye \u201eTaupe Teddy\u201c \u2013 b\u00e9\u017eovo-\u0161ed\u00fd neutr\u00e1ln\u00ed odst\u00edn s hedv\u00e1bn\u00fdm shimmerem.<\/p>\n","protected":false},"excerpt":{"rendered":"<p>Cat Eye \u201eTaupe Teddy\u201c \u2013 b\u00e9\u017eovo-\u0161ed\u00fd neutr\u00e1ln\u00ed odst\u00edn s hedv\u00e1bn\u00fdm shimmerem.<\/p>\n","protected":false},"featured_media":22032,"comment_status":"closed","ping_status":"closed","template":"","meta":[],"pwb-brand":[],"product_brand":[],"product_cat":[658],"product_tag":[],"berocket_brand":[175],"class_list":{"0":"post-22029","1":"product","2":"type-product","3":"status-publish","4":"has-post-thumbnail","6":"product_cat-gel-polish-trendy-nails","7":"berocket_brand-trendy-nails","9":"first","10":"instock","11":"taxable","12":"shipping-taxable","13":"purchasable","14":"product-type-variable"},"acf":[],"brands":[],"_links":{"self":[{"href":"https:\/\/mikeladzenailstore.com\/sk\/wp-json\/wp\/v2\/product\/22029","targetHints":{"allow":["GET"]}}],"collection":[{"href":"https:\/\/mikeladzenailstore.com\/sk\/wp-json\/wp\/v2\/product"}],"about":[{"href":"https:\/\/mikeladzenailstore.com\/sk\/wp-json\/wp\/v2\/types\/product"}],"replies":[{"embeddable":true,"href":"https:\/\/mikeladzenailstore.com\/sk\/wp-json\/wp\/v2\/comments?post=22029"}],"version-history":[{"count":1,"href":"https:\/\/mikeladzenailstore.com\/sk\/wp-json\/wp\/v2\/product\/22029\/revisions"}],"predecessor-version":[{"id":22036,"href":"https:\/\/mikeladzenailstore.com\/sk\/wp-json\/wp\/v2\/product\/22029\/revisions\/22036"}],"wp:featuredmedia":[{"embeddable":true,"href":"https:\/\/mikeladzenailstore.com\/sk\/wp-json\/wp\/v2\/media\/22032"}],"wp:attachment":[{"href":"https:\/\/mikeladzenailstore.com\/sk\/wp-json\/wp\/v2\/media?parent=22029"}],"wp:term":[{"taxonomy":"pwb-brand","embeddable":true,"href":"https:\/\/mikeladzenailstore.com\/sk\/wp-json\/wp\/v2\/pwb-brand?post=22029"},{"taxonomy":"product_brand","embeddable":true,"href":"https:\/\/mikeladzenailstore.com\/sk\/wp-json\/wp\/v2\/product_brand?post=22029"},{"taxonomy":"product_cat","embeddable":true,"href":"https:\/\/mikeladzenailstore.com\/sk\/wp-json\/wp\/v2\/product_cat?post=22029"},{"taxonomy":"product_tag","embeddable":true,"href":"https:\/\/mikeladzenailstore.com\/sk\/wp-json\/wp\/v2\/product_tag?post=22029"},{"taxonomy":"berocket_brand","embeddable":true,"href":"https:\/\/mikeladzenailstore.com\/sk\/wp-json\/wp\/v2\/berocket_brand?post=22029"}],"curies":[{"name":"wp","href":"https:\/\/api.w.org\/{rel}","templated":true}]}}