{"id":5828,"date":"2025-11-15T12:27:54","date_gmt":"2025-11-15T12:27:54","guid":{"rendered":"https:\/\/mikeladzenailstore.com\/p\/ultrabondpantenol-jz-nails-group\/"},"modified":"2026-04-11T07:05:35","modified_gmt":"2026-04-11T07:05:35","slug":"ultrabondpantenol-jz-nails-group","status":"publish","type":"product","link":"https:\/\/mikeladzenailstore.com\/sk\/produkt\/ultrabondpantenol-jz-nails-group\/","title":{"rendered":"Ultrabond+pantenol JZ Nails Group"},"content":{"rendered":"<p>Toto je nov\u00e1 \u00e9ra bezpe\u010dn\u00e9 adheze.<\/p>\n<p>Unik\u00e1tn\u00ed formule na\u0161eho nov\u00e9ho ULTRABOND with PANTHENOL\u2026<\/p>\n<p>Pracuji na tom, aby ka\u017ed\u00fd profesion\u00e1l m\u011bl mo\u017enost pracovat bez n\u00e1sledk\u016f, aby byla zaji\u0161t\u011bna zdrav\u00e1 poko\u017eka a nehtov\u00e1 plot\u00e9nka. A odte\u010f m\u00edt ten ULTRABOND, kter\u00fd lze \u2013 a je t\u0159eba \u2013 nan\u00e1\u0161et v\u017edy.<\/p>\n<p>Je to \u00c9RA ochrany nehtu<\/p>\n<p>Nov\u00e1 formule ULTRABOND od JZ NAILS GROUP \u2013<\/p>\n<p>\u2022 Kompletn\u00ed ochrana nehtu p\u0159ed pop\u00e1leninami<\/p>\n<p>\u2022 Formule obohacen\u00e1 o panthenol a provitaminy B a E<\/p>\n<p>\u2022 Tato primerka zaji\u0161\u0165uje jak plnou ochranu vrstev nehtu, tak i funkci adheze<\/p>\n<p>Doporu\u010deno pro:<\/p>\n<p>V\u0161echny typy gelov\u00fdch syst\u00e9m\u016f<\/p>\n<p>(Gel, polygel, m\u011bkk\u00e9 polymery a v\u0161echny typy z\u00e1kladn\u00edch b\u00e1z\u00ed).<\/p>\n<p>Obsahuje p\u0159\u00edrodn\u00ed antioxidant ze skupiny vitamin\u016f E a panthenol, kter\u00fd chr\u00e1n\u00ed nehtovou plot\u00e9nku i p\u0159ed pop\u00e1leninami.<\/p>\n<p>Pravidla pou\u017eit\u00ed:<\/p>\n<p>Nan\u00e1\u0161ejte na nehtovou plot\u00e9nku bez p\u0159ebytku. Nechte schnout 30 sekund na vzduchu, nebo 10 sekund v LED lamp\u011b, pot\u00e9 pokra\u010dujte v obvykl\u00e9 technice nan\u00e1\u0161en\u00ed materi\u00e1lu.<\/p>\n<p>Doporu\u010dujeme pou\u017e\u00edvat v kombinaci s chemickou p\u0159\u00edpravou od JZ NAILS GROUP.<\/p>\n<p>Slo\u017een\u00ed: Ethyl Acetate, Isopropylidenediphenyl bisoxyhydroxypropyl, methacrylate HEMA, Tocopherol, Panthenol, p-hydroxyanisole, Hydroquinone.<\/p>\n","protected":false},"excerpt":{"rendered":"<p>Toto je nov\u00e1 \u00e9ra bezpe\u010dn\u00e9 adheze. Unik\u00e1tn\u00ed formule na\u0161eho nov\u00e9ho ULTRABOND with PANTHENOL\u2026 Pracuji na tom, aby ka\u017ed\u00fd profesion\u00e1l m\u011bl mo\u017enost pracovat bez n\u00e1sledk\u016f, aby byla zaji\u0161t\u011bna zdrav\u00e1 poko\u017eka a nehtov\u00e1 plot\u00e9nka. A odte\u010f m\u00edt ten ULTRABOND, kter\u00fd lze \u2013 a je t\u0159eba \u2013 nan\u00e1\u0161et v\u017edy. Je to \u00c9RA ochrany nehtu Nov\u00e1 formule ULTRABOND od [&hellip;]<\/p>\n","protected":false},"featured_media":18076,"comment_status":"open","ping_status":"closed","template":"","meta":[],"pwb-brand":[],"product_brand":[],"product_cat":[496,497],"product_tag":[],"berocket_brand":[557],"class_list":{"0":"post-5828","1":"product","2":"type-product","3":"status-publish","4":"has-post-thumbnail","6":"product_cat-bestseller","7":"product_cat-specialni-prostredky","8":"berocket_brand-jz-nails-group","10":"first","11":"instock","12":"taxable","13":"shipping-taxable","14":"purchasable","15":"product-type-simple"},"acf":[],"brands":[],"_links":{"self":[{"href":"https:\/\/mikeladzenailstore.com\/sk\/wp-json\/wp\/v2\/product\/5828","targetHints":{"allow":["GET"]}}],"collection":[{"href":"https:\/\/mikeladzenailstore.com\/sk\/wp-json\/wp\/v2\/product"}],"about":[{"href":"https:\/\/mikeladzenailstore.com\/sk\/wp-json\/wp\/v2\/types\/product"}],"replies":[{"embeddable":true,"href":"https:\/\/mikeladzenailstore.com\/sk\/wp-json\/wp\/v2\/comments?post=5828"}],"version-history":[{"count":0,"href":"https:\/\/mikeladzenailstore.com\/sk\/wp-json\/wp\/v2\/product\/5828\/revisions"}],"wp:featuredmedia":[{"embeddable":true,"href":"https:\/\/mikeladzenailstore.com\/sk\/wp-json\/wp\/v2\/media\/18076"}],"wp:attachment":[{"href":"https:\/\/mikeladzenailstore.com\/sk\/wp-json\/wp\/v2\/media?parent=5828"}],"wp:term":[{"taxonomy":"pwb-brand","embeddable":true,"href":"https:\/\/mikeladzenailstore.com\/sk\/wp-json\/wp\/v2\/pwb-brand?post=5828"},{"taxonomy":"product_brand","embeddable":true,"href":"https:\/\/mikeladzenailstore.com\/sk\/wp-json\/wp\/v2\/product_brand?post=5828"},{"taxonomy":"product_cat","embeddable":true,"href":"https:\/\/mikeladzenailstore.com\/sk\/wp-json\/wp\/v2\/product_cat?post=5828"},{"taxonomy":"product_tag","embeddable":true,"href":"https:\/\/mikeladzenailstore.com\/sk\/wp-json\/wp\/v2\/product_tag?post=5828"},{"taxonomy":"berocket_brand","embeddable":true,"href":"https:\/\/mikeladzenailstore.com\/sk\/wp-json\/wp\/v2\/berocket_brand?post=5828"}],"curies":[{"name":"wp","href":"https:\/\/api.w.org\/{rel}","templated":true}]}}