{"id":6199,"date":"2025-11-15T12:26:59","date_gmt":"2025-11-15T12:26:59","guid":{"rendered":"https:\/\/mikeladzenailstore.com\/p\/polygel-quartz-platinum-no-tpo-no-hema-jz-nails-group-30-ml\/"},"modified":"2025-12-16T17:12:18","modified_gmt":"2025-12-16T17:12:18","slug":"polygel-quartz-platinum-no-tpo-no-hema-jz-nails-group-30-ml","status":"publish","type":"product","link":"https:\/\/mikeladzenailstore.com\/sk\/produkt\/polygel-quartz-platinum-no-tpo-no-hema-jz-nails-group-30-ml\/","title":{"rendered":"Polygel QUARTZ PLATINUM JZ Nails Group"},"content":{"rendered":"<p>Kolekce polygel\u016f QUARTZ vytv\u00e1\u0159\u00ed dekorativn\u00ed efekt p\u0159i modelaci, korekci a pokryt\u00ed neht\u016f. Vytv\u00e1\u0159\u00ed diamantov\u00fd nevt\u00edrav\u00fd lesk. Unik\u00e1tn\u00ed materi\u00e1l je poslu\u0161n\u00fd, rychle schne, nem\u00e1 bublinky a zrn\u00ed\u010dka, nesr\u00e1\u017e\u00ed se, stla\u010duje se a dr\u017e\u00ed klenbu po celou dobu no\u0161en\u00ed. Ka\u017ed\u00fd z odst\u00edn\u016f kolekce m\u00e1 st\u0159edn\u00ed hustotu, drobn\u00e9 perfora\u010dn\u00ed t\u0159pytky nebr\u00e1n\u00ed dokonal\u00e9mu rozlo\u017een\u00ed produktu.<\/p>\n<p>Snadn\u00fd produkt v pilov\u00e1n\u00ed neht\u016f, nerozteka se, m\u00e1 minim\u00e1ln\u00ed \u00farove\u0148 samonivelace. Jeho pracovn\u00ed postup je stejn\u00fd jako u polymern\u00edho vosku. Povinn\u00e9 pou\u017eit\u00ed elastick\u00e9 z\u00e1kladn\u00ed vrstvy na p\u0159\u00edrodn\u00ed nehet.<\/p>\n<p>Pou\u017eit\u00ed :<\/p>\n<p>\u2043 Zpevn\u011bn\u00ed a oprava p\u0159\u00edrodn\u00edch neht\u016f<\/p>\n<p>\u2043 Modelace d\u00e9lky neht\u016f bez pou\u017eit\u00ed forem<\/p>\n<p>\u2043 Klasick\u00e9 prodlu\u017eov\u00e1n\u00ed neht\u016f<\/p>\n<p>\u2043 Obloukov\u00e1 model\u00e1\u017e neht\u016f<\/p>\n<p>\u2043 ART model\u00e1\u017e neht\u016f<\/p>\n<p>\u2043 Korekce neht\u016f<\/p>\n<p>Kombinuj\u00ed se s jak\u00fdmikoli JZ materi\u00e1ly (\u017eel\u00e9 gely, gely, barven\u00e9 gel laky )<\/p>\n<p>-doporu\u010dujeme pou\u017e\u00edvat spole\u010dn\u011b s CLEANSER JZ -Staticita materi\u00e1lu umo\u017e\u0148uje rozlo\u017een\u00ed pro p\u0159ipravenost -Vynikaj\u00edc\u00ed p\u0159ilnavost bez odlupov\u00e1n<\/p>\n<p>-M\u00e1 hust\u00e9 t\u0159\u00edsky a prach, kter\u00fd nen\u00ed tak t\u011bkav\u00fd jako od gel\u016f -Hypoalergenn\u00ed slo\u017een\u00ed<\/p>\n<p>-Rychl\u00e1 a kvalitn\u00ed polymerace 60 sekund v LED\/UV<\/p>\n<p>&#8211; s produktem bude se dob\u0159e a zaj\u00edmav\u00e9 pracovat jak nail artistu se zku\u0161enostmi tak i za\u010d\u00e1te\u010dn\u00edku. Jsou dostupn\u00e9 ve dvou objemech: 15 ml a 30 ml.<\/p>\n","protected":false},"excerpt":{"rendered":"<p>Kolekce polygel\u016f QUARTZ vytv\u00e1\u0159\u00ed dekorativn\u00ed efekt p\u0159i modelaci, korekci a pokryt\u00ed neht\u016f. Vytv\u00e1\u0159\u00ed diamantov\u00fd nevt\u00edrav\u00fd lesk. Unik\u00e1tn\u00ed materi\u00e1l je poslu\u0161n\u00fd, rychle schne, nem\u00e1 bublinky a zrn\u00ed\u010dka, nesr\u00e1\u017e\u00ed se, stla\u010duje se a dr\u017e\u00ed klenbu po celou dobu no\u0161en\u00ed. Ka\u017ed\u00fd z odst\u00edn\u016f kolekce m\u00e1 st\u0159edn\u00ed hustotu, drobn\u00e9 perfora\u010dn\u00ed t\u0159pytky nebr\u00e1n\u00ed dokonal\u00e9mu rozlo\u017een\u00ed produktu. Snadn\u00fd produkt v pilov\u00e1n\u00ed [&hellip;]<\/p>\n","protected":false},"featured_media":5429,"comment_status":"open","ping_status":"closed","template":"","meta":[],"pwb-brand":[],"product_brand":[],"product_cat":[542,611],"product_tag":[],"berocket_brand":[557],"class_list":{"0":"post-6199","1":"product","2":"type-product","3":"status-publish","4":"has-post-thumbnail","6":"product_cat-polygel","7":"product_cat-polygel-jz-nails-group","8":"berocket_brand-jz-nails-group","10":"first","11":"instock","12":"sale","13":"taxable","14":"shipping-taxable","15":"purchasable","16":"product-type-variable"},"acf":[],"brands":[],"_links":{"self":[{"href":"https:\/\/mikeladzenailstore.com\/sk\/wp-json\/wp\/v2\/product\/6199","targetHints":{"allow":["GET"]}}],"collection":[{"href":"https:\/\/mikeladzenailstore.com\/sk\/wp-json\/wp\/v2\/product"}],"about":[{"href":"https:\/\/mikeladzenailstore.com\/sk\/wp-json\/wp\/v2\/types\/product"}],"replies":[{"embeddable":true,"href":"https:\/\/mikeladzenailstore.com\/sk\/wp-json\/wp\/v2\/comments?post=6199"}],"version-history":[{"count":0,"href":"https:\/\/mikeladzenailstore.com\/sk\/wp-json\/wp\/v2\/product\/6199\/revisions"}],"wp:featuredmedia":[{"embeddable":true,"href":"https:\/\/mikeladzenailstore.com\/sk\/wp-json\/wp\/v2\/media\/5429"}],"wp:attachment":[{"href":"https:\/\/mikeladzenailstore.com\/sk\/wp-json\/wp\/v2\/media?parent=6199"}],"wp:term":[{"taxonomy":"pwb-brand","embeddable":true,"href":"https:\/\/mikeladzenailstore.com\/sk\/wp-json\/wp\/v2\/pwb-brand?post=6199"},{"taxonomy":"product_brand","embeddable":true,"href":"https:\/\/mikeladzenailstore.com\/sk\/wp-json\/wp\/v2\/product_brand?post=6199"},{"taxonomy":"product_cat","embeddable":true,"href":"https:\/\/mikeladzenailstore.com\/sk\/wp-json\/wp\/v2\/product_cat?post=6199"},{"taxonomy":"product_tag","embeddable":true,"href":"https:\/\/mikeladzenailstore.com\/sk\/wp-json\/wp\/v2\/product_tag?post=6199"},{"taxonomy":"berocket_brand","embeddable":true,"href":"https:\/\/mikeladzenailstore.com\/sk\/wp-json\/wp\/v2\/berocket_brand?post=6199"}],"curies":[{"name":"wp","href":"https:\/\/api.w.org\/{rel}","templated":true}]}}