{"id":6208,"date":"2025-11-15T12:26:54","date_gmt":"2025-11-15T12:26:54","guid":{"rendered":"https:\/\/mikeladzenailstore.com\/p\/cleanser-solution-jz-nails-group-250-ml\/"},"modified":"2026-03-04T17:54:37","modified_gmt":"2026-03-04T17:54:37","slug":"cleanser-solution-jz-nails-group-250-ml","status":"publish","type":"product","link":"https:\/\/mikeladzenailstore.com\/sk\/produkt\/cleanser-solution-jz-nails-group-250-ml\/","title":{"rendered":"Cleanser solution JZ Nails Group 250 ml"},"content":{"rendered":"<p>\u010cisti\u010d (Cleanser) JZ Nails Group \u2013 Objem 250 ml<\/p>\n<\/p>\n<p>Univerz\u00e1ln\u00ed produkt!<\/p>\n<p>Ide\u00e1ln\u00ed pro odstran\u011bn\u00ed disperzn\u00ed vrstvy i pro p\u00e9\u010di o \u0161t\u011btce. Je hypoalergenn\u00ed, nezp\u016fsobuje podr\u00e1\u017ed\u011bn\u00ed ani alergick\u00e9 reakce, proto\u017ee neobsahuje rozpou\u0161t\u011bdla ani aceton.<\/p>\n<\/p>\n<p>M\u00e1 antiseptick\u00e9 vlastnosti. Perfektn\u011b se hod\u00ed pro pr\u00e1ci s akrylgelem a polygelov\u00fdmi materi\u00e1ly, ani\u017e by naru\u0161oval jejich vlastnosti.<\/p>\n<\/p>\n<p>Slo\u017een\u00ed:<\/p>\n<p>Isopropyl Alcohol, Aqua (Water), Parfum (Fragrance), Benzethonium Chloride, Iodopropynyl Butylcarbamate, Benzyl Salicylate, Benzyl Alcohol, Linalool.<\/p>\n","protected":false},"excerpt":{"rendered":"<p>\u010cisti\u010d (Cleanser) JZ Nails Group \u2013 Objem 250 ml Univerz\u00e1ln\u00ed produkt! Ide\u00e1ln\u00ed pro odstran\u011bn\u00ed disperzn\u00ed vrstvy i pro p\u00e9\u010di o \u0161t\u011btce. Je hypoalergenn\u00ed, nezp\u016fsobuje podr\u00e1\u017ed\u011bn\u00ed ani alergick\u00e9 reakce, proto\u017ee neobsahuje rozpou\u0161t\u011bdla ani aceton. M\u00e1 antiseptick\u00e9 vlastnosti. Perfektn\u011b se hod\u00ed pro pr\u00e1ci s akrylgelem a polygelov\u00fdmi materi\u00e1ly, ani\u017e by naru\u0161oval jejich vlastnosti. Slo\u017een\u00ed: Isopropyl Alcohol, Aqua [&hellip;]<\/p>\n","protected":false},"featured_media":5426,"comment_status":"open","ping_status":"closed","template":"","meta":[],"pwb-brand":[],"product_brand":[],"product_cat":[497],"product_tag":[],"berocket_brand":[557],"class_list":{"0":"post-6208","1":"product","2":"type-product","3":"status-publish","4":"has-post-thumbnail","6":"product_cat-specialni-prostredky","7":"berocket_brand-jz-nails-group","9":"first","10":"instock","11":"taxable","12":"shipping-taxable","13":"purchasable","14":"product-type-simple"},"acf":[],"brands":[],"_links":{"self":[{"href":"https:\/\/mikeladzenailstore.com\/sk\/wp-json\/wp\/v2\/product\/6208","targetHints":{"allow":["GET"]}}],"collection":[{"href":"https:\/\/mikeladzenailstore.com\/sk\/wp-json\/wp\/v2\/product"}],"about":[{"href":"https:\/\/mikeladzenailstore.com\/sk\/wp-json\/wp\/v2\/types\/product"}],"replies":[{"embeddable":true,"href":"https:\/\/mikeladzenailstore.com\/sk\/wp-json\/wp\/v2\/comments?post=6208"}],"version-history":[{"count":0,"href":"https:\/\/mikeladzenailstore.com\/sk\/wp-json\/wp\/v2\/product\/6208\/revisions"}],"wp:featuredmedia":[{"embeddable":true,"href":"https:\/\/mikeladzenailstore.com\/sk\/wp-json\/wp\/v2\/media\/5426"}],"wp:attachment":[{"href":"https:\/\/mikeladzenailstore.com\/sk\/wp-json\/wp\/v2\/media?parent=6208"}],"wp:term":[{"taxonomy":"pwb-brand","embeddable":true,"href":"https:\/\/mikeladzenailstore.com\/sk\/wp-json\/wp\/v2\/pwb-brand?post=6208"},{"taxonomy":"product_brand","embeddable":true,"href":"https:\/\/mikeladzenailstore.com\/sk\/wp-json\/wp\/v2\/product_brand?post=6208"},{"taxonomy":"product_cat","embeddable":true,"href":"https:\/\/mikeladzenailstore.com\/sk\/wp-json\/wp\/v2\/product_cat?post=6208"},{"taxonomy":"product_tag","embeddable":true,"href":"https:\/\/mikeladzenailstore.com\/sk\/wp-json\/wp\/v2\/product_tag?post=6208"},{"taxonomy":"berocket_brand","embeddable":true,"href":"https:\/\/mikeladzenailstore.com\/sk\/wp-json\/wp\/v2\/berocket_brand?post=6208"}],"curies":[{"name":"wp","href":"https:\/\/api.w.org\/{rel}","templated":true}]}}