{"id":6902,"date":"2025-11-26T09:12:26","date_gmt":"2025-11-26T09:12:26","guid":{"rendered":"https:\/\/mikeladzenailstore.com\/p\/builder-gel-hard-silk-nude-trendy-nails-15-ml-2\/"},"modified":"2026-03-07T19:32:42","modified_gmt":"2026-03-07T19:32:42","slug":"builder-gel-hard-silk-nude-trendy-nails-15-ml-2","status":"publish","type":"product","link":"https:\/\/mikeladzenailstore.com\/sk\/produkt\/builder-gel-hard-silk-nude-trendy-nails-15-ml-2\/","title":{"rendered":"Builder hard gel SILK NUDE Trendy nails"},"content":{"rendered":"<p data-start=\"73\" data-end=\"162\"><strong data-start=\"73\" data-end=\"113\">Stavebn\u00ed gel v lahvi\u010dce se \u0161t\u011bte\u010dkem<\/strong><br data-start=\"113\" data-end=\"116\" \/>Praktick\u00fd jako b\u00e1ze, v\u00fdkonn\u00fd jako builder gel.<\/p>\n<p data-start=\"164\" data-end=\"697\">\u2022 Kr\u00e9mov\u00e1 a tekut\u00e1 textura, st\u0159edn\u00ed hustota<br data-start=\"207\" data-end=\"210\" \/>\u2022 Samovyrovn\u00e1vac\u00ed konzistence, kter\u00e1 nest\u00e9k\u00e1<br data-start=\"254\" data-end=\"257\" \/>\u2022 Ide\u00e1ln\u00ed pro refill, tenk\u00e9 potahy, modelaci i prodlu\u017eov\u00e1n\u00ed<br data-start=\"316\" data-end=\"319\" \/>\u2022 V\u00fdborn\u00e1 stabilita p\u0159i pr\u00e1ci i b\u011bhem polymerace<br data-start=\"367\" data-end=\"370\" \/>\u2022 Leskl\u00fd a rovnom\u011brn\u00fd finish ji\u017e p\u0159ed aplikac\u00ed topu<br data-start=\"421\" data-end=\"424\" \/>\u2022 Extr\u00e9mn\u011b odoln\u00fd a z\u00e1rove\u0148 flexibiln\u00ed \u2014 vhodn\u00fd i pro st\u0159edn\u011b dlouh\u00e9 a\u017e dlouh\u00e9 nehty<br data-start=\"508\" data-end=\"511\" \/>\u2022 V\u00fddr\u017e v\u00edce ne\u017e 4 t\u00fddny bez odchlipov\u00e1n\u00ed a prasklin<br data-start=\"563\" data-end=\"566\" \/>\u2022 Rychl\u00e1 polymerace: <strong data-start=\"587\" data-end=\"610\">60 s LED \/ 120 s UV<\/strong><br data-start=\"610\" data-end=\"613\" \/>\u2022 <strong data-start=\"615\" data-end=\"633\">Bez HEMA a TPO<\/strong> \u2014 \u0161etrn\u00fd i pro citliv\u00e9 klientky<br data-start=\"665\" data-end=\"668\" \/>\u2022 Dostupn\u00fd v balen\u00ed <strong data-start=\"688\" data-end=\"697\">15 ml<\/strong><\/p>\n<p data-start=\"699\" data-end=\"1000\">D\u00edky balen\u00ed v lahvi\u010dce se \u0161t\u011bte\u010dkem je ide\u00e1ln\u00ed pro ty, kte\u0159\u00ed cht\u011bj\u00ed zrychlit pr\u00e1ci bez kompromis\u016f v p\u0159esnosti. Samovyrovn\u00e1vac\u00ed konzistence umo\u017e\u0148uje dos\u00e1hnout hladk\u00e9ho a rovn\u00e9ho povrchu <strong data-start=\"884\" data-end=\"909\">bez nutnosti pilov\u00e1n\u00ed<\/strong>. Perfektn\u00ed volba jak pro rychl\u00e9 refilly, tak pro elegantn\u00ed konstrukce s kr\u00e1snou C-k\u0159ivkou.<\/p>\n<p data-start=\"1002\" data-end=\"1147\">Nav\u00edc je gel formulov\u00e1n <strong data-start=\"1026\" data-end=\"1044\">bez HEMA a TPO<\/strong>, co\u017e zaji\u0161\u0165uje vy\u0161\u0161\u00ed bezpe\u010dnost i pro klientky s citliv\u00fdmi nehty nebo se sklonem k alergick\u00fdm reakc\u00edm.<\/p>\n","protected":false},"excerpt":{"rendered":"<p>Stavebn\u00ed gel v lahvi\u010dce se \u0161t\u011bte\u010dkemPraktick\u00fd jako b\u00e1ze, v\u00fdkonn\u00fd jako builder gel. \u2022 Kr\u00e9mov\u00e1 a tekut\u00e1 textura, st\u0159edn\u00ed hustota\u2022 Samovyrovn\u00e1vac\u00ed konzistence, kter\u00e1 nest\u00e9k\u00e1\u2022 Ide\u00e1ln\u00ed pro refill, tenk\u00e9 potahy, modelaci i prodlu\u017eov\u00e1n\u00ed\u2022 V\u00fdborn\u00e1 stabilita p\u0159i pr\u00e1ci i b\u011bhem polymerace\u2022 Leskl\u00fd a rovnom\u011brn\u00fd finish ji\u017e p\u0159ed aplikac\u00ed topu\u2022 Extr\u00e9mn\u011b odoln\u00fd a z\u00e1rove\u0148 flexibiln\u00ed \u2014 vhodn\u00fd i pro [&hellip;]<\/p>\n","protected":false},"featured_media":6734,"comment_status":"closed","ping_status":"closed","template":"","meta":[],"pwb-brand":[],"product_brand":[],"product_cat":[554,496,621],"product_tag":[],"berocket_brand":[437],"class_list":{"0":"post-6902","1":"product","2":"type-product","3":"status-publish","4":"has-post-thumbnail","6":"product_cat-gel-in-a-bottle","7":"product_cat-bestseller","8":"product_cat-builer-gel-trendy-nails","9":"berocket_brand-trendy-nails","11":"first","12":"instock","13":"taxable","14":"shipping-taxable","15":"purchasable","16":"product-type-variable"},"acf":[],"brands":[],"_links":{"self":[{"href":"https:\/\/mikeladzenailstore.com\/sk\/wp-json\/wp\/v2\/product\/6902","targetHints":{"allow":["GET"]}}],"collection":[{"href":"https:\/\/mikeladzenailstore.com\/sk\/wp-json\/wp\/v2\/product"}],"about":[{"href":"https:\/\/mikeladzenailstore.com\/sk\/wp-json\/wp\/v2\/types\/product"}],"replies":[{"embeddable":true,"href":"https:\/\/mikeladzenailstore.com\/sk\/wp-json\/wp\/v2\/comments?post=6902"}],"version-history":[{"count":0,"href":"https:\/\/mikeladzenailstore.com\/sk\/wp-json\/wp\/v2\/product\/6902\/revisions"}],"wp:featuredmedia":[{"embeddable":true,"href":"https:\/\/mikeladzenailstore.com\/sk\/wp-json\/wp\/v2\/media\/6734"}],"wp:attachment":[{"href":"https:\/\/mikeladzenailstore.com\/sk\/wp-json\/wp\/v2\/media?parent=6902"}],"wp:term":[{"taxonomy":"pwb-brand","embeddable":true,"href":"https:\/\/mikeladzenailstore.com\/sk\/wp-json\/wp\/v2\/pwb-brand?post=6902"},{"taxonomy":"product_brand","embeddable":true,"href":"https:\/\/mikeladzenailstore.com\/sk\/wp-json\/wp\/v2\/product_brand?post=6902"},{"taxonomy":"product_cat","embeddable":true,"href":"https:\/\/mikeladzenailstore.com\/sk\/wp-json\/wp\/v2\/product_cat?post=6902"},{"taxonomy":"product_tag","embeddable":true,"href":"https:\/\/mikeladzenailstore.com\/sk\/wp-json\/wp\/v2\/product_tag?post=6902"},{"taxonomy":"berocket_brand","embeddable":true,"href":"https:\/\/mikeladzenailstore.com\/sk\/wp-json\/wp\/v2\/berocket_brand?post=6902"}],"curies":[{"name":"wp","href":"https:\/\/api.w.org\/{rel}","templated":true}]}}