{"id":6915,"date":"2025-11-26T09:04:58","date_gmt":"2025-11-26T09:04:58","guid":{"rendered":"https:\/\/mikeladzenailstore.com\/p\/builder-gel-hard-ice-milk-trendy-nails-15-ml-2\/"},"modified":"2026-04-15T17:23:43","modified_gmt":"2026-04-15T17:23:43","slug":"builder-gel-hard-ice-milk-trendy-nails-15-ml-2","status":"publish","type":"product","link":"https:\/\/mikeladzenailstore.com\/sk\/produkt\/builder-gel-hard-ice-milk-trendy-nails-15-ml-2\/","title":{"rendered":"Builder hard gel ICE MILK Trendy nails"},"content":{"rendered":"<p data-start=\"31\" data-end=\"281\"><strong data-start=\"31\" data-end=\"43\">Ice Milk<\/strong> je <strong data-start=\"47\" data-end=\"78\">HARD builder gel v lahvi\u010dce<\/strong> s chladn\u00fdm ml\u00e9\u010dn\u00fdm efektem, ide\u00e1ln\u00ed pro \u010dist\u00e9, minimalistick\u00e9 a maxim\u00e1ln\u011b sofistikovan\u00e9 manik\u00fary. Jemn\u00fd modr\u00fd podt\u00f3n dod\u00e1v\u00e1 ledov\u00fd, modern\u00ed vzhled a je perfektn\u00ed pro p\u0159irozen\u00e9 kryt\u00ed i z\u00e1\u0159iv\u00e9 konstrukce.<\/p>\n<p data-start=\"283\" data-end=\"478\">St\u0159edn\u011b tekut\u00e1, samonivela\u010dn\u00ed textura zaji\u0161\u0165uje plynulou aplikaci bez zat\u00e9k\u00e1n\u00ed a dokonale zachov\u00e1v\u00e1 architekturu nehtu. D\u00edky vysok\u00e9 struktur\u00e1ln\u00ed odolnosti je vhodn\u00fd i pro del\u0161\u00ed nebo pru\u017en\u00e9 nehty.<\/p>\n<p data-start=\"480\" data-end=\"587\"><strong data-start=\"480\" data-end=\"512\">HEMA-free a TPO-free formule<\/strong>, \u0161etrn\u00e1 a bezpe\u010dn\u00e1 i pro citliv\u00e9 klientky nebo ty se sklonem k podr\u00e1\u017ed\u011bn\u00ed.<\/p>\n<p data-start=\"480\" data-end=\"587\">\n<p data-start=\"105\" data-end=\"283\"><strong data-start=\"105\" data-end=\"145\">Stavebn\u00ed gel v lahvi\u010dce se \u0161t\u011bte\u010dkem<\/strong> \u2013 praktick\u00fd jako b\u00e1ze, v\u00fdkonn\u00fd jako builder.<br data-start=\"190\" data-end=\"193\" \/>Kr\u00e9mov\u00e1 a z\u00e1rove\u0148 tekut\u00e1 textura se st\u0159edn\u00ed, samonivela\u010dn\u00ed konzistenc\u00ed, kter\u00e1 <strong data-start=\"271\" data-end=\"282\">nest\u00e9k\u00e1<\/strong>.<\/p>\n<p data-start=\"285\" data-end=\"411\">Ide\u00e1ln\u00ed pro <strong data-start=\"297\" data-end=\"307\">refill<\/strong>, tenk\u00e9 kryt\u00ed, <strong data-start=\"322\" data-end=\"355\">modelaci i prodlu\u017eov\u00e1n\u00ed neht\u016f<\/strong>.<br data-start=\"356\" data-end=\"359\" \/>Vynikaj\u00edc\u00ed stabilita p\u0159i pr\u00e1ci i b\u011bhem polymerizace.<\/p>\n<p data-start=\"413\" data-end=\"555\">Zaji\u0161\u0165uje <strong data-start=\"423\" data-end=\"453\">leskl\u00fd a rovnom\u011brn\u00fd finish<\/strong> ji\u017e p\u0159ed aplikac\u00ed topu.<br data-start=\"477\" data-end=\"480\" \/>Extr\u00e9mn\u011b <strong data-start=\"489\" data-end=\"512\">odoln\u00fd a flexibiln\u00ed<\/strong> \u2013 vhodn\u00fd i pro <strong data-start=\"528\" data-end=\"554\">st\u0159edn\u00ed a\u017e del\u0161\u00ed d\u00e9lky<\/strong>.<\/p>\n<p data-start=\"557\" data-end=\"755\">\u2714 V\u00fddr\u017e <strong data-start=\"565\" data-end=\"585\">v\u00edce ne\u017e 4 t\u00fddny<\/strong> bez odchlipov\u00e1n\u00ed a prasklin<br data-start=\"613\" data-end=\"616\" \/>\u2714 Rychl\u00e1 polymerizace: <strong data-start=\"639\" data-end=\"662\">60 s LED \/ 120 s UV<\/strong><br data-start=\"662\" data-end=\"665\" \/>\u2714 <strong data-start=\"667\" data-end=\"691\">HEMA-free &amp; TPO-free<\/strong> \u2013 \u0161etrn\u00fd i pro citliv\u00e9 klientky<br data-start=\"723\" data-end=\"726\" \/>\u2714 Dostupn\u00fd v balen\u00ed <strong data-start=\"746\" data-end=\"755\">15 ml<\/strong><\/p>\n<p data-start=\"757\" data-end=\"1054\">D\u00edky balen\u00ed v lahvi\u010dce se \u0161t\u011bte\u010dkem je ide\u00e1ln\u00ed pro ty, kte\u0159\u00ed cht\u011bj\u00ed <strong data-start=\"825\" data-end=\"866\">urychlit pr\u00e1ci bez ztr\u00e1ty preciznosti<\/strong>. Samonivela\u010dn\u00ed konzistence umo\u017e\u0148uje dos\u00e1hnout <strong data-start=\"913\" data-end=\"965\">hladk\u00e9ho a rovn\u00e9ho povrchu bez nutnosti pilov\u00e1n\u00ed<\/strong>. Perfektn\u00ed jak pro rychl\u00e9 refilly, tak pro elegantn\u00ed struktury s v\u00fdraznou <strong data-start=\"1040\" data-end=\"1053\">C k\u0159ivkou<\/strong>.<\/p>\n<p data-start=\"1056\" data-end=\"1194\">Nav\u00edc je slo\u017een\u00ed <strong data-start=\"1073\" data-end=\"1091\">bez HEMA a TPO<\/strong>, co\u017e zaji\u0161\u0165uje vy\u0161\u0161\u00ed bezpe\u010dnost i pro klientky s citliv\u00fdmi nehty nebo se sklonem k alergick\u00fdm reakc\u00edm.<\/p>\n","protected":false},"excerpt":{"rendered":"<p>Ice Milk je HARD builder gel v lahvi\u010dce s chladn\u00fdm ml\u00e9\u010dn\u00fdm efektem, ide\u00e1ln\u00ed pro \u010dist\u00e9, minimalistick\u00e9 a maxim\u00e1ln\u011b sofistikovan\u00e9 manik\u00fary. Jemn\u00fd modr\u00fd podt\u00f3n dod\u00e1v\u00e1 ledov\u00fd, modern\u00ed vzhled a je perfektn\u00ed pro p\u0159irozen\u00e9 kryt\u00ed i z\u00e1\u0159iv\u00e9 konstrukce. St\u0159edn\u011b tekut\u00e1, samonivela\u010dn\u00ed textura zaji\u0161\u0165uje plynulou aplikaci bez zat\u00e9k\u00e1n\u00ed a dokonale zachov\u00e1v\u00e1 architekturu nehtu. D\u00edky vysok\u00e9 struktur\u00e1ln\u00ed odolnosti je [&hellip;]<\/p>\n","protected":false},"featured_media":6736,"comment_status":"closed","ping_status":"closed","template":"","meta":[],"pwb-brand":[],"product_brand":[],"product_cat":[621],"product_tag":[],"berocket_brand":[437],"class_list":{"0":"post-6915","1":"product","2":"type-product","3":"status-publish","4":"has-post-thumbnail","6":"product_cat-builer-gel-trendy-nails","7":"berocket_brand-trendy-nails","9":"first","10":"instock","11":"taxable","12":"shipping-taxable","13":"purchasable","14":"product-type-simple"},"acf":[],"brands":[],"_links":{"self":[{"href":"https:\/\/mikeladzenailstore.com\/sk\/wp-json\/wp\/v2\/product\/6915","targetHints":{"allow":["GET"]}}],"collection":[{"href":"https:\/\/mikeladzenailstore.com\/sk\/wp-json\/wp\/v2\/product"}],"about":[{"href":"https:\/\/mikeladzenailstore.com\/sk\/wp-json\/wp\/v2\/types\/product"}],"replies":[{"embeddable":true,"href":"https:\/\/mikeladzenailstore.com\/sk\/wp-json\/wp\/v2\/comments?post=6915"}],"version-history":[{"count":1,"href":"https:\/\/mikeladzenailstore.com\/sk\/wp-json\/wp\/v2\/product\/6915\/revisions"}],"predecessor-version":[{"id":20901,"href":"https:\/\/mikeladzenailstore.com\/sk\/wp-json\/wp\/v2\/product\/6915\/revisions\/20901"}],"wp:featuredmedia":[{"embeddable":true,"href":"https:\/\/mikeladzenailstore.com\/sk\/wp-json\/wp\/v2\/media\/6736"}],"wp:attachment":[{"href":"https:\/\/mikeladzenailstore.com\/sk\/wp-json\/wp\/v2\/media?parent=6915"}],"wp:term":[{"taxonomy":"pwb-brand","embeddable":true,"href":"https:\/\/mikeladzenailstore.com\/sk\/wp-json\/wp\/v2\/pwb-brand?post=6915"},{"taxonomy":"product_brand","embeddable":true,"href":"https:\/\/mikeladzenailstore.com\/sk\/wp-json\/wp\/v2\/product_brand?post=6915"},{"taxonomy":"product_cat","embeddable":true,"href":"https:\/\/mikeladzenailstore.com\/sk\/wp-json\/wp\/v2\/product_cat?post=6915"},{"taxonomy":"product_tag","embeddable":true,"href":"https:\/\/mikeladzenailstore.com\/sk\/wp-json\/wp\/v2\/product_tag?post=6915"},{"taxonomy":"berocket_brand","embeddable":true,"href":"https:\/\/mikeladzenailstore.com\/sk\/wp-json\/wp\/v2\/berocket_brand?post=6915"}],"curies":[{"name":"wp","href":"https:\/\/api.w.org\/{rel}","templated":true}]}}