{"id":6945,"date":"2025-11-15T12:26:48","date_gmt":"2025-11-15T12:26:48","guid":{"rendered":"https:\/\/mikeladzenailstore.com\/p\/matny-top-coat-jz-nails-group-15-ml\/"},"modified":"2025-12-26T10:09:02","modified_gmt":"2025-12-26T10:09:02","slug":"matny-top-coat-jz-nails-group-15-ml","status":"publish","type":"product","link":"https:\/\/mikeladzenailstore.com\/sk\/produkt\/matny-top-coat-jz-nails-group-15-ml\/","title":{"rendered":"Matn\u00fd top coat JZ Nails Group 15 ml"},"content":{"rendered":"<p>FOG \u2013 jen p\u0159\u00edroda dok\u00e1\u017ee vytvo\u0159it jedine\u010dn\u00e9 a neopakovateln\u00e9 d\u00edlo\u2026<\/p>\n<p>Rovnom\u011brn\u00e1 matn\u00e1 mlha, jemn\u00e1 a z\u00e1rove\u0148 chladn\u00e1. Tajemn\u00e1, ale okouzluj\u00edc\u00ed svou kr\u00e1sou.<\/p>\n<p>\u2728 FOG \u2013 tenk\u00fd z\u00e1voj mlhy<\/p>\n<p>Matn\u00fd TOP bez v\u00fdpotku:<\/p>\n<p>\u2022 Tenk\u00e1 aplikace bez \u201elysinek\u201c<\/p>\n<p>\u2022 Bez \u017eloutnut\u00ed<\/p>\n<p>\u2022 Nepohlcuje barvu<\/p>\n<p>\u2022 Rovnom\u011brn\u00fd sametov\u00fd efekt<\/p>\n<p>\u2022 \u00dapln\u00e9 vytvrzen\u00ed: 90 s<\/p>\n","protected":false},"excerpt":{"rendered":"<p>FOG \u2013 jen p\u0159\u00edroda dok\u00e1\u017ee vytvo\u0159it jedine\u010dn\u00e9 a neopakovateln\u00e9 d\u00edlo\u2026 Rovnom\u011brn\u00e1 matn\u00e1 mlha, jemn\u00e1 a z\u00e1rove\u0148 chladn\u00e1. Tajemn\u00e1, ale okouzluj\u00edc\u00ed svou kr\u00e1sou. \u2728 FOG \u2013 tenk\u00fd z\u00e1voj mlhy Matn\u00fd TOP bez v\u00fdpotku: \u2022 Tenk\u00e1 aplikace bez \u201elysinek\u201c \u2022 Bez \u017eloutnut\u00ed \u2022 Nepohlcuje barvu \u2022 Rovnom\u011brn\u00fd sametov\u00fd efekt \u2022 \u00dapln\u00e9 vytvrzen\u00ed: 90 s<\/p>\n","protected":false},"featured_media":5424,"comment_status":"open","ping_status":"closed","template":"","meta":[],"pwb-brand":[],"product_brand":[],"product_cat":[168,241],"product_tag":[],"berocket_brand":[557],"class_list":{"0":"post-6945","1":"product","2":"type-product","3":"status-publish","4":"has-post-thumbnail","6":"product_cat-baze-a-topy-pro-manikuru-pedikuru","7":"product_cat-base-jz-nails-group","8":"berocket_brand-jz-nails-group","10":"first","11":"outofstock","12":"taxable","13":"shipping-taxable","14":"purchasable","15":"product-type-simple"},"acf":[],"brands":[],"_links":{"self":[{"href":"https:\/\/mikeladzenailstore.com\/sk\/wp-json\/wp\/v2\/product\/6945","targetHints":{"allow":["GET"]}}],"collection":[{"href":"https:\/\/mikeladzenailstore.com\/sk\/wp-json\/wp\/v2\/product"}],"about":[{"href":"https:\/\/mikeladzenailstore.com\/sk\/wp-json\/wp\/v2\/types\/product"}],"replies":[{"embeddable":true,"href":"https:\/\/mikeladzenailstore.com\/sk\/wp-json\/wp\/v2\/comments?post=6945"}],"version-history":[{"count":0,"href":"https:\/\/mikeladzenailstore.com\/sk\/wp-json\/wp\/v2\/product\/6945\/revisions"}],"wp:featuredmedia":[{"embeddable":true,"href":"https:\/\/mikeladzenailstore.com\/sk\/wp-json\/wp\/v2\/media\/5424"}],"wp:attachment":[{"href":"https:\/\/mikeladzenailstore.com\/sk\/wp-json\/wp\/v2\/media?parent=6945"}],"wp:term":[{"taxonomy":"pwb-brand","embeddable":true,"href":"https:\/\/mikeladzenailstore.com\/sk\/wp-json\/wp\/v2\/pwb-brand?post=6945"},{"taxonomy":"product_brand","embeddable":true,"href":"https:\/\/mikeladzenailstore.com\/sk\/wp-json\/wp\/v2\/product_brand?post=6945"},{"taxonomy":"product_cat","embeddable":true,"href":"https:\/\/mikeladzenailstore.com\/sk\/wp-json\/wp\/v2\/product_cat?post=6945"},{"taxonomy":"product_tag","embeddable":true,"href":"https:\/\/mikeladzenailstore.com\/sk\/wp-json\/wp\/v2\/product_tag?post=6945"},{"taxonomy":"berocket_brand","embeddable":true,"href":"https:\/\/mikeladzenailstore.com\/sk\/wp-json\/wp\/v2\/berocket_brand?post=6945"}],"curies":[{"name":"wp","href":"https:\/\/api.w.org\/{rel}","templated":true}]}}