{"id":6948,"date":"2025-11-15T12:26:48","date_gmt":"2025-11-15T12:26:48","guid":{"rendered":"https:\/\/mikeladzenailstore.com\/p\/nail-prep-dehydrator-new-formula-jz-nails-group\/"},"modified":"2026-02-01T13:31:03","modified_gmt":"2026-02-01T13:31:03","slug":"nail-prep-dehydrator-new-formula-jz-nails-group","status":"publish","type":"product","link":"https:\/\/mikeladzenailstore.com\/sk\/produkt\/nail-prep-dehydrator-new-formula-jz-nails-group\/","title":{"rendered":"Nail prep &#8211; dehydrator \u201cNew formula\u201d JZ Nails Group"},"content":{"rendered":"<p>Nail Prep JZ Nails Group<\/p>\n<\/p>\n<p>Nail Prep \u2013 odma\u0161\u0165ova\u010d a dehydrat\u00e1tor!<\/p>\n<p>Pou\u017e\u00edv\u00e1 se k povrchov\u00e9mu odma\u0161t\u011bn\u00ed a o\u010di\u0161t\u011bn\u00ed p\u0159\u00edrodn\u00edch i um\u011bl\u00fdch neht\u016f.<\/p>\n<p>Je nezbytn\u00fd pro p\u0159\u00edpravu p\u0159\u00edrodn\u00edch neht\u016f p\u0159ed aplikac\u00ed gel\u016f, akryl\u016f a gel lak\u016f.<\/p>\n<\/p>\n<p>Zaji\u0161\u0165uje kvalitn\u00ed p\u0159ilnavost mezi nehtovou plot\u00e9nkou a materi\u00e1lem.<\/p>\n<p>\u2757\ufe0fNenahrazuje primer ani ultrabond.<\/p>\n<\/p>\n<p>Slo\u017een\u00ed:<\/p>\n<p>Isopropyl Alcohol, Ethyl Acetate, Isobutyl Acetate.<\/p>\n","protected":false},"excerpt":{"rendered":"<p>Nail Prep JZ Nails Group Nail Prep \u2013 odma\u0161\u0165ova\u010d a dehydrat\u00e1tor! Pou\u017e\u00edv\u00e1 se k povrchov\u00e9mu odma\u0161t\u011bn\u00ed a o\u010di\u0161t\u011bn\u00ed p\u0159\u00edrodn\u00edch i um\u011bl\u00fdch neht\u016f. Je nezbytn\u00fd pro p\u0159\u00edpravu p\u0159\u00edrodn\u00edch neht\u016f p\u0159ed aplikac\u00ed gel\u016f, akryl\u016f a gel lak\u016f. Zaji\u0161\u0165uje kvalitn\u00ed p\u0159ilnavost mezi nehtovou plot\u00e9nkou a materi\u00e1lem. \u2757\ufe0fNenahrazuje primer ani ultrabond. Slo\u017een\u00ed: Isopropyl Alcohol, Ethyl Acetate, Isobutyl Acetate.<\/p>\n","protected":false},"featured_media":5425,"comment_status":"open","ping_status":"closed","template":"","meta":[],"pwb-brand":[],"product_brand":[],"product_cat":[496,497],"product_tag":[],"berocket_brand":[557],"class_list":{"0":"post-6948","1":"product","2":"type-product","3":"status-publish","4":"has-post-thumbnail","6":"product_cat-bestseller","7":"product_cat-specialni-prostredky","8":"berocket_brand-jz-nails-group","10":"first","11":"instock","12":"taxable","13":"shipping-taxable","14":"purchasable","15":"product-type-simple"},"acf":[],"brands":[],"_links":{"self":[{"href":"https:\/\/mikeladzenailstore.com\/sk\/wp-json\/wp\/v2\/product\/6948","targetHints":{"allow":["GET"]}}],"collection":[{"href":"https:\/\/mikeladzenailstore.com\/sk\/wp-json\/wp\/v2\/product"}],"about":[{"href":"https:\/\/mikeladzenailstore.com\/sk\/wp-json\/wp\/v2\/types\/product"}],"replies":[{"embeddable":true,"href":"https:\/\/mikeladzenailstore.com\/sk\/wp-json\/wp\/v2\/comments?post=6948"}],"version-history":[{"count":0,"href":"https:\/\/mikeladzenailstore.com\/sk\/wp-json\/wp\/v2\/product\/6948\/revisions"}],"wp:featuredmedia":[{"embeddable":true,"href":"https:\/\/mikeladzenailstore.com\/sk\/wp-json\/wp\/v2\/media\/5425"}],"wp:attachment":[{"href":"https:\/\/mikeladzenailstore.com\/sk\/wp-json\/wp\/v2\/media?parent=6948"}],"wp:term":[{"taxonomy":"pwb-brand","embeddable":true,"href":"https:\/\/mikeladzenailstore.com\/sk\/wp-json\/wp\/v2\/pwb-brand?post=6948"},{"taxonomy":"product_brand","embeddable":true,"href":"https:\/\/mikeladzenailstore.com\/sk\/wp-json\/wp\/v2\/product_brand?post=6948"},{"taxonomy":"product_cat","embeddable":true,"href":"https:\/\/mikeladzenailstore.com\/sk\/wp-json\/wp\/v2\/product_cat?post=6948"},{"taxonomy":"product_tag","embeddable":true,"href":"https:\/\/mikeladzenailstore.com\/sk\/wp-json\/wp\/v2\/product_tag?post=6948"},{"taxonomy":"berocket_brand","embeddable":true,"href":"https:\/\/mikeladzenailstore.com\/sk\/wp-json\/wp\/v2\/berocket_brand?post=6948"}],"curies":[{"name":"wp","href":"https:\/\/api.w.org\/{rel}","templated":true}]}}