{"id":6969,"date":"2025-11-15T12:26:32","date_gmt":"2025-11-15T12:26:32","guid":{"rendered":"https:\/\/mikeladzenailstore.com\/p\/iq-podo-peeling-step-3-jz-nails-group\/"},"modified":"2025-11-15T12:26:32","modified_gmt":"2025-11-15T12:26:32","slug":"iq-podo-peeling-step-3-jz-nails-group","status":"publish","type":"product","link":"https:\/\/mikeladzenailstore.com\/sk\/produkt\/iq-podo-peeling-step-3-jz-nails-group\/","title":{"rendered":"IQ Podo Peeling Step 3 JZ Nails Group"},"content":{"rendered":"<p>SOAP    <\/p>\n<p>K\u016f\u017ee nohou vy\u017eaduje ka\u017edodenn\u00ed p\u00e9\u010di:<\/p>\n<p>  Hygiena<\/p>\n<p>  Zm\u011bk\u010den\u00ed<\/p>\n<p>  Ochrana<\/p>\n<p>1\ufe0f\u20e3 Tento krok m\u016f\u017ee v posledn\u00ed f\u00e1zi doplnit proceduru IQ PODO.<\/p>\n<p>Nebo<\/p>\n<p>2\ufe0f\u20e3B\u00fdt zcela nez\u00e1vislou slo\u017ekou a nahradit keratotick\u00e9 \u010dinidlo pro n\u00e1slednou hydrataci!<\/p>\n<p>  Slo\u017een\u00ed je bohat\u00e9 na enzymy obohacen\u00e9 o arganov\u00fd olej a bambuck\u00e9 m\u00e1slo, mucin, kter\u00fd aktivuje produkci vlastn\u00edch kolagenov\u00fdch vl\u00e1ken. Cel\u00fd komplex slo\u017een\u00ed urychluje regeneraci, podporuje hojen\u00ed po\u0161kozen\u00fdch oblast\u00ed poko\u017eky.<\/p>\n<p>Doporu\u010deno pro diabetickou nohu, nohu s xer\u00f3zou, hyperkerat\u00f3zou (2-3x t\u00fddn\u011b )<\/p>\n<\/p>\n<p>Aplikujte 2-3 kapky ATOPI KERATOLYTIC JZ na \u010distou a ubrouskem navlh\u010denou ple\u0165, <\/p>\n<p>p\u0159idejte SOAP PEELING, mas\u00e1\u017en\u00edmi pohyby rozet\u0159ete hmotu na k\u016f\u017ei chodidla (1-2). <\/p>\n<p>Zb\u00fdvaj\u00edc\u00ed \u010d\u00e1stice peelingu odstra\u0148te vlhk\u00fdm ubrouskem. Na p\u0159\u00e1n\u00ed m\u016f\u017eete pou\u017e\u00edt rozpra\u0161ova\u010d s teplou vodou  . H2O je \u00fa\u010dinn\u00fdm vodi\u010dem arganov\u00e9ho oleje do hlub\u0161\u00edch vrstev k\u016f\u017ee. Zp\u016fsobuje akumulaci prodlou\u017een\u00e9ho p\u016fsoben\u00ed . <\/p>\n<p>Objem: 380 ml<\/p>\n","protected":false},"excerpt":{"rendered":"<p>SOAP K\u016f\u017ee nohou vy\u017eaduje ka\u017edodenn\u00ed p\u00e9\u010di: Hygiena Zm\u011bk\u010den\u00ed Ochrana 1\ufe0f\u20e3 Tento krok m\u016f\u017ee v posledn\u00ed f\u00e1zi doplnit proceduru IQ PODO. Nebo 2\ufe0f\u20e3B\u00fdt zcela nez\u00e1vislou slo\u017ekou a nahradit keratotick\u00e9 \u010dinidlo pro n\u00e1slednou hydrataci! Slo\u017een\u00ed je bohat\u00e9 na enzymy obohacen\u00e9 o arganov\u00fd olej a bambuck\u00e9 m\u00e1slo, mucin, kter\u00fd aktivuje produkci vlastn\u00edch kolagenov\u00fdch vl\u00e1ken. Cel\u00fd komplex slo\u017een\u00ed urychluje [&hellip;]<\/p>\n","protected":false},"featured_media":5414,"comment_status":"open","ping_status":"closed","template":"","meta":[],"pwb-brand":[],"product_brand":[],"product_cat":[205],"product_tag":[],"berocket_brand":[557],"class_list":{"0":"post-6969","1":"product","2":"type-product","3":"status-publish","4":"has-post-thumbnail","6":"product_cat-pedikura","7":"berocket_brand-jz-nails-group","9":"first","10":"outofstock","11":"taxable","12":"shipping-taxable","13":"purchasable","14":"product-type-simple"},"acf":[],"brands":[],"_links":{"self":[{"href":"https:\/\/mikeladzenailstore.com\/sk\/wp-json\/wp\/v2\/product\/6969","targetHints":{"allow":["GET"]}}],"collection":[{"href":"https:\/\/mikeladzenailstore.com\/sk\/wp-json\/wp\/v2\/product"}],"about":[{"href":"https:\/\/mikeladzenailstore.com\/sk\/wp-json\/wp\/v2\/types\/product"}],"replies":[{"embeddable":true,"href":"https:\/\/mikeladzenailstore.com\/sk\/wp-json\/wp\/v2\/comments?post=6969"}],"version-history":[{"count":0,"href":"https:\/\/mikeladzenailstore.com\/sk\/wp-json\/wp\/v2\/product\/6969\/revisions"}],"wp:featuredmedia":[{"embeddable":true,"href":"https:\/\/mikeladzenailstore.com\/sk\/wp-json\/wp\/v2\/media\/5414"}],"wp:attachment":[{"href":"https:\/\/mikeladzenailstore.com\/sk\/wp-json\/wp\/v2\/media?parent=6969"}],"wp:term":[{"taxonomy":"pwb-brand","embeddable":true,"href":"https:\/\/mikeladzenailstore.com\/sk\/wp-json\/wp\/v2\/pwb-brand?post=6969"},{"taxonomy":"product_brand","embeddable":true,"href":"https:\/\/mikeladzenailstore.com\/sk\/wp-json\/wp\/v2\/product_brand?post=6969"},{"taxonomy":"product_cat","embeddable":true,"href":"https:\/\/mikeladzenailstore.com\/sk\/wp-json\/wp\/v2\/product_cat?post=6969"},{"taxonomy":"product_tag","embeddable":true,"href":"https:\/\/mikeladzenailstore.com\/sk\/wp-json\/wp\/v2\/product_tag?post=6969"},{"taxonomy":"berocket_brand","embeddable":true,"href":"https:\/\/mikeladzenailstore.com\/sk\/wp-json\/wp\/v2\/berocket_brand?post=6969"}],"curies":[{"name":"wp","href":"https:\/\/api.w.org\/{rel}","templated":true}]}}