{"id":6972,"date":"2025-11-15T12:26:32","date_gmt":"2025-11-15T12:26:32","guid":{"rendered":"https:\/\/mikeladzenailstore.com\/p\/lotion-iq-podo-step-2\/"},"modified":"2026-03-02T19:55:19","modified_gmt":"2026-03-02T19:55:19","slug":"lotion-iq-podo-step-2","status":"publish","type":"product","link":"https:\/\/mikeladzenailstore.com\/sk\/produkt\/lotion-iq-podo-step-2\/","title":{"rendered":"Lotion IQ Podo Step 2"},"content":{"rendered":"<p>IQ PODO a STEP 2 v sad\u011b to je v\u00fd\u017eivn\u00fd kr\u00e9m s ureou 5% a arganov\u00fdm olejem  . M\u00e1 vy\u017eivuj\u00edc\u00ed a zklid\u0148uj\u00edc\u00ed \u00fa\u010dinek, d\u00edky n\u00edzk\u00e9 hmotnosti molekul oleje a enzym\u016f pom\u00e1h\u00e1 hydratovat hlub\u0161\u00ed vrstvy epidermis. D\u00edky alantoinu a arganov\u00e9mu oleji chr\u00e1n\u00ed a tonizuje, obnovuje po\u0161kozen\u00e9 mezibun\u011b\u010dn\u00e9 membr\u00e1ny. Polynasycen\u00e9 kyseliny ve slo\u017een\u00ed OMEGA 3 a OMEGA 6 dod\u00e1vaj\u00ed elasticitu, p\u016fsob\u00ed jako antioxidanty a podporuj\u00ed transepiderm\u00e1ln\u00ed H2O bari\u00e9ru.<\/p>\n<p>Vlastnosti:<\/p>\n<p>\u2714\ufe0fzlep\u0161uje vzhled poko\u017eky nohou ji\u017e od prvn\u00edho pou\u017eit\u00ed a m\u00e1 prodlou\u017een\u00fd \u00fa\u010dinek.<\/p>\n<p>\u2714\ufe0f zklid\u0148uje dr\u00e1\u017ediv\u00e9 \u010d\u00e1sti a zabra\u0148uje vzniku nov\u00fdch<\/p>\n<p>\u2714\ufe0f rychle se vst\u0159eb\u00e1v\u00e1 a nezanech\u00e1v\u00e1 mastn\u00fd film (NEOBSAHUJE MINER\u00c1LN\u00cd OLEJE A PARABENY)<\/p>\n<p>\u2714\ufe0fvhodn\u00e9 pro v\u0161echny typy pleti<\/p>\n<p>\u2714\ufe0fide\u00e1ln\u00ed \u0159e\u0161en\u00ed pro dom\u00e1c\u00ed pou\u017eit\u00ed p\u0159i xer\u00f3ze<\/p>\n<p>\u2714\ufe0fdoporu\u010dujeme pro diabetick\u00e9 nohy<\/p>\n<p>\u2714\ufe0fpro osoby star\u0161\u00ed 3 let <\/p>\n<p>Bez vonn\u00fdch l\u00e1tek, vosk\u016f, miner\u00e1ln\u00edch olej\u016f<\/p>\n<p>VEGAN  <\/p>\n","protected":false},"excerpt":{"rendered":"<p>IQ PODO a STEP 2 v sad\u011b to je v\u00fd\u017eivn\u00fd kr\u00e9m s ureou 5% a arganov\u00fdm olejem . M\u00e1 vy\u017eivuj\u00edc\u00ed a zklid\u0148uj\u00edc\u00ed \u00fa\u010dinek, d\u00edky n\u00edzk\u00e9 hmotnosti molekul oleje a enzym\u016f pom\u00e1h\u00e1 hydratovat hlub\u0161\u00ed vrstvy epidermis. D\u00edky alantoinu a arganov\u00e9mu oleji chr\u00e1n\u00ed a tonizuje, obnovuje po\u0161kozen\u00e9 mezibun\u011b\u010dn\u00e9 membr\u00e1ny. Polynasycen\u00e9 kyseliny ve slo\u017een\u00ed OMEGA 3 a OMEGA [&hellip;]<\/p>\n","protected":false},"featured_media":5415,"comment_status":"open","ping_status":"closed","template":"","meta":[],"pwb-brand":[],"product_brand":[],"product_cat":[205],"product_tag":[],"berocket_brand":[557],"class_list":{"0":"post-6972","1":"product","2":"type-product","3":"status-publish","4":"has-post-thumbnail","6":"product_cat-pedikura","7":"berocket_brand-jz-nails-group","9":"first","10":"instock","11":"taxable","12":"shipping-taxable","13":"purchasable","14":"product-type-simple"},"acf":[],"brands":[],"_links":{"self":[{"href":"https:\/\/mikeladzenailstore.com\/sk\/wp-json\/wp\/v2\/product\/6972","targetHints":{"allow":["GET"]}}],"collection":[{"href":"https:\/\/mikeladzenailstore.com\/sk\/wp-json\/wp\/v2\/product"}],"about":[{"href":"https:\/\/mikeladzenailstore.com\/sk\/wp-json\/wp\/v2\/types\/product"}],"replies":[{"embeddable":true,"href":"https:\/\/mikeladzenailstore.com\/sk\/wp-json\/wp\/v2\/comments?post=6972"}],"version-history":[{"count":0,"href":"https:\/\/mikeladzenailstore.com\/sk\/wp-json\/wp\/v2\/product\/6972\/revisions"}],"wp:featuredmedia":[{"embeddable":true,"href":"https:\/\/mikeladzenailstore.com\/sk\/wp-json\/wp\/v2\/media\/5415"}],"wp:attachment":[{"href":"https:\/\/mikeladzenailstore.com\/sk\/wp-json\/wp\/v2\/media?parent=6972"}],"wp:term":[{"taxonomy":"pwb-brand","embeddable":true,"href":"https:\/\/mikeladzenailstore.com\/sk\/wp-json\/wp\/v2\/pwb-brand?post=6972"},{"taxonomy":"product_brand","embeddable":true,"href":"https:\/\/mikeladzenailstore.com\/sk\/wp-json\/wp\/v2\/product_brand?post=6972"},{"taxonomy":"product_cat","embeddable":true,"href":"https:\/\/mikeladzenailstore.com\/sk\/wp-json\/wp\/v2\/product_cat?post=6972"},{"taxonomy":"product_tag","embeddable":true,"href":"https:\/\/mikeladzenailstore.com\/sk\/wp-json\/wp\/v2\/product_tag?post=6972"},{"taxonomy":"berocket_brand","embeddable":true,"href":"https:\/\/mikeladzenailstore.com\/sk\/wp-json\/wp\/v2\/berocket_brand?post=6972"}],"curies":[{"name":"wp","href":"https:\/\/api.w.org\/{rel}","templated":true}]}}