{"id":7281,"date":"2025-11-15T12:14:11","date_gmt":"2025-11-15T12:14:11","guid":{"rendered":"https:\/\/mikeladzenailstore.com\/p\/cloud-010-jz-nails-group-8-ml\/"},"modified":"2026-03-27T07:52:24","modified_gmt":"2026-03-27T07:52:24","slug":"cloud-010-jz-nails-group-8-ml","status":"publish","type":"product","link":"https:\/\/mikeladzenailstore.com\/sk\/produkt\/cloud-010-jz-nails-group-8-ml\/","title":{"rendered":"010 Cloud JZ Nails Group"},"content":{"rendered":"<p data-start=\"73\" data-end=\"263\"><strong data-start=\"73\" data-end=\"88\">Gel laky JZ<\/strong>\u00a0p\u0159edstavuj\u00ed\u00a0<strong data-start=\"101\" data-end=\"130\">vysokou evropskou kvalitu<\/strong>\u00a0a \u0161pi\u010dkov\u00e9 pigmenty. Jsou to\u00a0<strong data-start=\"160\" data-end=\"214\">vysoce pigmentovan\u00e9 gel laky se st\u0159edn\u00ed viskozitou<\/strong>, kter\u00e9 tvo\u0159\u00ed\u00a0<strong data-start=\"228\" data-end=\"262\">hybrid gelov\u00e9 barvy a gel laku<\/strong>.<\/p>\n<p data-start=\"265\" data-end=\"289\">D\u00edky pou\u017eit\u00fdm pigment\u016fm:<\/p>\n<ul data-start=\"290\" data-end=\"389\">\n<li data-start=\"290\" data-end=\"318\">\n<p data-start=\"292\" data-end=\"318\">barva\u00a0<strong data-start=\"298\" data-end=\"315\">nesedimentuje<\/strong>,<\/p>\n<\/li>\n<li data-start=\"319\" data-end=\"348\">\n<p data-start=\"321\" data-end=\"348\"><strong data-start=\"321\" data-end=\"345\">perfektn\u011b polymeruje<\/strong>,<\/p>\n<\/li>\n<li data-start=\"349\" data-end=\"389\">\n<p data-start=\"351\" data-end=\"389\">umo\u017e\u0148uje\u00a0<strong data-start=\"360\" data-end=\"388\">kryt\u00ed ji\u017e v jedn\u00e9 vrstv\u011b<\/strong>.<\/p>\n<\/li>\n<\/ul>\n<p data-start=\"391\" data-end=\"455\">Neobsahuj\u00ed\u00a0<strong data-start=\"402\" data-end=\"435\">aromatick\u00e9 l\u00e1tky ani aldehydy<\/strong>.<br data-start=\"436\" data-end=\"439\" \/>Objem:\u00a0<strong data-start=\"446\" data-end=\"455\">10 ml<\/strong><\/p>\n<h3 data-start=\"457\" data-end=\"472\">Polymerace:<\/h3>\n<p data-start=\"473\" data-end=\"559\">\u2022\u00a0<strong data-start=\"475\" data-end=\"495\">30\u201360 s \/ 365 nm<\/strong><br data-start=\"495\" data-end=\"498\" \/>(v z\u00e1vislosti na hustot\u011b pigmentu a tlou\u0161\u0165ce nanesen\u00e9 vrstvy)<\/p>\n<h3 data-start=\"561\" data-end=\"580\">Slo\u017een\u00ed (INCI):<\/h3>\n<p data-start=\"581\" data-end=\"798\">Aliphatic Urethane Methacrylate, 4-tert-Butylcyclohexyl Acrylate, Cellulose Acetate Butyrate, PPG-5 Methacrylate, Ethyl Acetate, Ethyl Trimethylbenzoyl Phenylphosphinate, Silica, Butyl Acetate, Benzophenone-12, BHT.<\/p>\n<p data-start=\"800\" data-end=\"947\"><strong data-start=\"800\" data-end=\"825\">M\u016f\u017ee obsahovat (+\/\u2013):<\/strong><br data-start=\"825\" data-end=\"828\" \/>CI 15850, CI 19140, CI 77491, CI 77499, CI 77891, CI 73360, CI 77510, CI 77007, CI 42090, CI 15880, CI 77742, CI 12085.<\/p>\n","protected":false},"excerpt":{"rendered":"[video width=\"1080\" height=\"1920\" mp4=\"https:\/\/mikeladzenailstore.com\/wp-content\/uploads\/2025\/11\/IMG_7329.mp4\"][\/video]\n","protected":false},"featured_media":5369,"comment_status":"open","ping_status":"closed","template":"","meta":[],"pwb-brand":[],"product_brand":[],"product_cat":[676],"product_tag":[],"berocket_brand":[557],"class_list":{"0":"post-7281","1":"product","2":"type-product","3":"status-publish","4":"has-post-thumbnail","6":"product_cat-gel-polish-jz-nails-group","7":"berocket_brand-jz-nails-group","9":"first","10":"instock","11":"taxable","12":"shipping-taxable","13":"purchasable","14":"product-type-simple"},"acf":[],"brands":[],"_links":{"self":[{"href":"https:\/\/mikeladzenailstore.com\/sk\/wp-json\/wp\/v2\/product\/7281","targetHints":{"allow":["GET"]}}],"collection":[{"href":"https:\/\/mikeladzenailstore.com\/sk\/wp-json\/wp\/v2\/product"}],"about":[{"href":"https:\/\/mikeladzenailstore.com\/sk\/wp-json\/wp\/v2\/types\/product"}],"replies":[{"embeddable":true,"href":"https:\/\/mikeladzenailstore.com\/sk\/wp-json\/wp\/v2\/comments?post=7281"}],"version-history":[{"count":0,"href":"https:\/\/mikeladzenailstore.com\/sk\/wp-json\/wp\/v2\/product\/7281\/revisions"}],"wp:featuredmedia":[{"embeddable":true,"href":"https:\/\/mikeladzenailstore.com\/sk\/wp-json\/wp\/v2\/media\/5369"}],"wp:attachment":[{"href":"https:\/\/mikeladzenailstore.com\/sk\/wp-json\/wp\/v2\/media?parent=7281"}],"wp:term":[{"taxonomy":"pwb-brand","embeddable":true,"href":"https:\/\/mikeladzenailstore.com\/sk\/wp-json\/wp\/v2\/pwb-brand?post=7281"},{"taxonomy":"product_brand","embeddable":true,"href":"https:\/\/mikeladzenailstore.com\/sk\/wp-json\/wp\/v2\/product_brand?post=7281"},{"taxonomy":"product_cat","embeddable":true,"href":"https:\/\/mikeladzenailstore.com\/sk\/wp-json\/wp\/v2\/product_cat?post=7281"},{"taxonomy":"product_tag","embeddable":true,"href":"https:\/\/mikeladzenailstore.com\/sk\/wp-json\/wp\/v2\/product_tag?post=7281"},{"taxonomy":"berocket_brand","embeddable":true,"href":"https:\/\/mikeladzenailstore.com\/sk\/wp-json\/wp\/v2\/berocket_brand?post=7281"}],"curies":[{"name":"wp","href":"https:\/\/api.w.org\/{rel}","templated":true}]}}