{"id":7308,"date":"2025-11-15T12:13:59","date_gmt":"2025-11-15T12:13:59","guid":{"rendered":"https:\/\/mikeladzenailstore.com\/p\/base-easy-hema-free-jz-nails-group-15-ml\/"},"modified":"2026-01-12T18:10:25","modified_gmt":"2026-01-12T18:10:25","slug":"base-easy-hema-free-jz-nails-group-15-ml","status":"publish","type":"product","link":"https:\/\/mikeladzenailstore.com\/sk\/produkt\/base-easy-hema-free-jz-nails-group-15-ml\/","title":{"rendered":"Base Easy Hema free JZ Nails Group 15 ml"},"content":{"rendered":"<p>B\u00e1ze \u201eEasy\u201c \u2013 tvoje jednoduch\u00e9 a bezpe\u010dn\u00e9 \u0159e\u0161en\u00ed!<\/p>\n<p>Soak Off b\u00e1ze se 7 free formul\u00ed.<\/p>\n<p>\u2728 Vlastnosti:<\/p>\n<p>\u2022 Elastick\u00e1, neutr\u00e1ln\u00ed, se st\u0159edn\u00ed viskozitou.<\/p>\n<p>\u2022 Vhodn\u00e1 pro v\u0161echny typy povlak\u016f, nezat\u011b\u017euje nehtovou plot\u00e9nku.<\/p>\n<p>\u2022 Ur\u010den\u00e1 pro vyrovn\u00e1n\u00ed povrchu p\u0159\u00edrodn\u00edch neht\u016f.<\/p>\n<p>\u2022 Kompatibiln\u00ed se v\u0161emi barevn\u00fdmi a vrchn\u00edmi povlaky.<\/p>\n<p>Doporu\u010den\u00e1 d\u00e9lka neht\u016f pro pou\u017eit\u00ed: XS, S, M<\/p>\n<p>\u23f1 \u010cas polymerace: 60 sekund<\/p>\n","protected":false},"excerpt":{"rendered":"<p>B\u00e1ze \u201eEasy\u201c \u2013 tvoje jednoduch\u00e9 a bezpe\u010dn\u00e9 \u0159e\u0161en\u00ed! Soak Off b\u00e1ze se 7 free formul\u00ed. \u2728 Vlastnosti: \u2022 Elastick\u00e1, neutr\u00e1ln\u00ed, se st\u0159edn\u00ed viskozitou. \u2022 Vhodn\u00e1 pro v\u0161echny typy povlak\u016f, nezat\u011b\u017euje nehtovou plot\u00e9nku. \u2022 Ur\u010den\u00e1 pro vyrovn\u00e1n\u00ed povrchu p\u0159\u00edrodn\u00edch neht\u016f. \u2022 Kompatibiln\u00ed se v\u0161emi barevn\u00fdmi a vrchn\u00edmi povlaky. Doporu\u010den\u00e1 d\u00e9lka neht\u016f pro pou\u017eit\u00ed: XS, S, M [&hellip;]<\/p>\n","protected":false},"featured_media":5358,"comment_status":"open","ping_status":"closed","template":"","meta":[],"pwb-brand":[],"product_brand":[],"product_cat":[241],"product_tag":[],"berocket_brand":[557],"class_list":{"0":"post-7308","1":"product","2":"type-product","3":"status-publish","4":"has-post-thumbnail","6":"product_cat-base-jz-nails-group","7":"berocket_brand-jz-nails-group","9":"first","10":"instock","11":"taxable","12":"shipping-taxable","13":"purchasable","14":"product-type-simple"},"acf":[],"brands":[],"_links":{"self":[{"href":"https:\/\/mikeladzenailstore.com\/sk\/wp-json\/wp\/v2\/product\/7308","targetHints":{"allow":["GET"]}}],"collection":[{"href":"https:\/\/mikeladzenailstore.com\/sk\/wp-json\/wp\/v2\/product"}],"about":[{"href":"https:\/\/mikeladzenailstore.com\/sk\/wp-json\/wp\/v2\/types\/product"}],"replies":[{"embeddable":true,"href":"https:\/\/mikeladzenailstore.com\/sk\/wp-json\/wp\/v2\/comments?post=7308"}],"version-history":[{"count":0,"href":"https:\/\/mikeladzenailstore.com\/sk\/wp-json\/wp\/v2\/product\/7308\/revisions"}],"wp:featuredmedia":[{"embeddable":true,"href":"https:\/\/mikeladzenailstore.com\/sk\/wp-json\/wp\/v2\/media\/5358"}],"wp:attachment":[{"href":"https:\/\/mikeladzenailstore.com\/sk\/wp-json\/wp\/v2\/media?parent=7308"}],"wp:term":[{"taxonomy":"pwb-brand","embeddable":true,"href":"https:\/\/mikeladzenailstore.com\/sk\/wp-json\/wp\/v2\/pwb-brand?post=7308"},{"taxonomy":"product_brand","embeddable":true,"href":"https:\/\/mikeladzenailstore.com\/sk\/wp-json\/wp\/v2\/product_brand?post=7308"},{"taxonomy":"product_cat","embeddable":true,"href":"https:\/\/mikeladzenailstore.com\/sk\/wp-json\/wp\/v2\/product_cat?post=7308"},{"taxonomy":"product_tag","embeddable":true,"href":"https:\/\/mikeladzenailstore.com\/sk\/wp-json\/wp\/v2\/product_tag?post=7308"},{"taxonomy":"berocket_brand","embeddable":true,"href":"https:\/\/mikeladzenailstore.com\/sk\/wp-json\/wp\/v2\/berocket_brand?post=7308"}],"curies":[{"name":"wp","href":"https:\/\/api.w.org\/{rel}","templated":true}]}}