{"id":7515,"date":"2025-11-15T12:12:25","date_gmt":"2025-11-15T12:12:25","guid":{"rendered":"https:\/\/mikeladzenailstore.com\/p\/gel-tips-1-jz-nails-group-550-kusu\/"},"modified":"2026-01-15T13:56:45","modified_gmt":"2026-01-15T13:56:45","slug":"gel-tips-1-jz-nails-group-550-kusu","status":"publish","type":"product","link":"https:\/\/mikeladzenailstore.com\/sk\/produkt\/gel-tips-1-jz-nails-group-550-kusu\/","title":{"rendered":"Gel tips Salonn\u00ed mandle JZ Nails Group 550 kusu"},"content":{"rendered":"<p>Gel tips<\/p>\n<p>&#8211; univerz\u00e1ln\u00ed, elastick\u00e9 polymerov\u00e9 tipy \u00a0s perforovan\u00fdmi kontaktn\u00edmi oblastmi, poskytuji nejlep\u0161\u00ed p\u0159ilnavost k materi\u00e1lu v technologii TIP. \u00a0D\u00e1 se<br \/>\npracovat s jak\u00fdmkoliv druhem<br \/>\npokryt\u00ed : gel lak, gel,<br \/>\npolygel, akryl.<\/p>\n<p>Fixujte na 2 sekundy.<br \/>\nV p\u0159\u00edpad\u011b pot\u0159eby pou\u017eijte plastov\u00fd dr\u017e\u00e1k.<br \/>\nPolymerace v UV\/LED lamp\u011b &#8211; 60 sec.<\/p>\n","protected":false},"excerpt":{"rendered":"<p>Gel tips &#8211; univerz\u00e1ln\u00ed, elastick\u00e9 polymerov\u00e9 tipy \u00a0s perforovan\u00fdmi kontaktn\u00edmi oblastmi, poskytuji nejlep\u0161\u00ed p\u0159ilnavost k materi\u00e1lu v technologii TIP. \u00a0D\u00e1 se pracovat s jak\u00fdmkoliv druhem pokryt\u00ed : gel lak, gel, polygel, akryl. Fixujte na 2 sekundy. V p\u0159\u00edpad\u011b pot\u0159eby pou\u017eijte plastov\u00fd dr\u017e\u00e1k. Polymerace v UV\/LED lamp\u011b &#8211; 60 sec.<\/p>\n","protected":false},"featured_media":5278,"comment_status":"open","ping_status":"closed","template":"","meta":[],"pwb-brand":[],"product_brand":[],"product_cat":[295,196],"product_tag":[],"berocket_brand":[],"class_list":{"0":"post-7515","1":"product","2":"type-product","3":"status-publish","4":"has-post-thumbnail","6":"product_cat-gelove-tipy","7":"product_cat-modelaznehtu","9":"first","10":"instock","11":"taxable","12":"shipping-taxable","13":"purchasable","14":"product-type-simple"},"acf":[],"brands":[],"_links":{"self":[{"href":"https:\/\/mikeladzenailstore.com\/sk\/wp-json\/wp\/v2\/product\/7515","targetHints":{"allow":["GET"]}}],"collection":[{"href":"https:\/\/mikeladzenailstore.com\/sk\/wp-json\/wp\/v2\/product"}],"about":[{"href":"https:\/\/mikeladzenailstore.com\/sk\/wp-json\/wp\/v2\/types\/product"}],"replies":[{"embeddable":true,"href":"https:\/\/mikeladzenailstore.com\/sk\/wp-json\/wp\/v2\/comments?post=7515"}],"version-history":[{"count":0,"href":"https:\/\/mikeladzenailstore.com\/sk\/wp-json\/wp\/v2\/product\/7515\/revisions"}],"wp:featuredmedia":[{"embeddable":true,"href":"https:\/\/mikeladzenailstore.com\/sk\/wp-json\/wp\/v2\/media\/5278"}],"wp:attachment":[{"href":"https:\/\/mikeladzenailstore.com\/sk\/wp-json\/wp\/v2\/media?parent=7515"}],"wp:term":[{"taxonomy":"pwb-brand","embeddable":true,"href":"https:\/\/mikeladzenailstore.com\/sk\/wp-json\/wp\/v2\/pwb-brand?post=7515"},{"taxonomy":"product_brand","embeddable":true,"href":"https:\/\/mikeladzenailstore.com\/sk\/wp-json\/wp\/v2\/product_brand?post=7515"},{"taxonomy":"product_cat","embeddable":true,"href":"https:\/\/mikeladzenailstore.com\/sk\/wp-json\/wp\/v2\/product_cat?post=7515"},{"taxonomy":"product_tag","embeddable":true,"href":"https:\/\/mikeladzenailstore.com\/sk\/wp-json\/wp\/v2\/product_tag?post=7515"},{"taxonomy":"berocket_brand","embeddable":true,"href":"https:\/\/mikeladzenailstore.com\/sk\/wp-json\/wp\/v2\/berocket_brand?post=7515"}],"curies":[{"name":"wp","href":"https:\/\/api.w.org\/{rel}","templated":true}]}}