{"id":7548,"date":"2025-11-15T12:12:14","date_gmt":"2025-11-15T12:12:14","guid":{"rendered":"https:\/\/mikeladzenailstore.com\/p\/builder-gel-cover-3-no-tpo-no-hema-jz-nails-group-30-ml\/"},"modified":"2026-03-26T20:12:13","modified_gmt":"2026-03-26T20:12:13","slug":"builder-gel-cover-3-no-tpo-no-hema-jz-nails-group-30-ml","status":"publish","type":"product","link":"https:\/\/mikeladzenailstore.com\/sk\/produkt\/builder-gel-cover-3-no-tpo-no-hema-jz-nails-group-30-ml\/","title":{"rendered":"Builder gel COVER 3 Nails Group"},"content":{"rendered":"<p data-start=\"64\" data-end=\"341\"><strong data-start=\"64\" data-end=\"85\"><a href=\"https:\/\/mikeladzenailstore.com\/wp-content\/uploads\/2025\/11\/IMG_4250.mov\">IMG_4250<\/a><\/strong><\/p>\n<p data-start=\"64\" data-end=\"341\"><strong data-start=\"64\" data-end=\"85\">Builder COVER gel<\/strong> \u2013 <strong data-start=\"88\" data-end=\"129\">t\u0159\u00edf\u00e1zov\u00fd struktur\u00e1ln\u00ed kamufl\u00e1\u017en\u00ed gel<\/strong> v neutr\u00e1ln\u00edm <strong data-start=\"143\" data-end=\"163\">pudrov\u00e9m odst\u00ednu<\/strong>.<br data-start=\"164\" data-end=\"167\" \/>M\u00e1 <strong data-start=\"170\" data-end=\"191\">st\u0159edn\u00ed viskozitu<\/strong>, je <strong data-start=\"196\" data-end=\"210\">tixotropn\u00ed<\/strong> a disponuje funkc\u00ed <strong data-start=\"230\" data-end=\"249\">samovyrovn\u00e1v\u00e1n\u00ed<\/strong>. Je vhodn\u00fd pro <strong data-start=\"265\" data-end=\"290\">techniky bez pilov\u00e1n\u00ed<\/strong> a pro tvorbu <strong data-start=\"304\" data-end=\"340\">permanentn\u00ed francouzsk\u00e9 manik\u00fary<\/strong>.<\/p>\n<p data-start=\"343\" data-end=\"566\">P\u0159i vysok\u00e9 \u00farovni dovednost\u00ed v modela\u010dn\u00edch technik\u00e1ch je ide\u00e1ln\u00ed tak\u00e9 pro <strong data-start=\"417\" data-end=\"462\">vytv\u00e1\u0159en\u00ed prodlu\u017eovac\u00edho okraje (bordury)<\/strong> a <strong data-start=\"465\" data-end=\"493\">sout\u011b\u017en\u00ed french manik\u00faru<\/strong>. D\u00edky <strong data-start=\"500\" data-end=\"545\">minim\u00e1ln\u00edmu mno\u017estv\u00ed nan\u00e1\u0161en\u00e9ho materi\u00e1lu<\/strong> neztr\u00e1c\u00ed pigmentaci.<\/p>\n<p data-start=\"568\" data-end=\"634\">Po polymeraci se vyzna\u010duje <strong data-start=\"595\" data-end=\"633\">vysokou odolnost\u00ed proti opot\u0159eben\u00ed<\/strong>.<\/p>\n<p data-start=\"636\" data-end=\"736\">\ud83d\udc49 <strong data-start=\"639\" data-end=\"690\">Vy\u017eaduje \u010dirou podkladovou vrstvu a fin\u00e1ln\u00ed top<\/strong>, jeliko\u017e je sou\u010d\u00e1st\u00ed <strong data-start=\"712\" data-end=\"735\">t\u0159\u00edf\u00e1zov\u00e9ho syst\u00e9mu<\/strong>.<\/p>\n<h3 data-start=\"738\" data-end=\"753\">Polymerace:<\/h3>\n<p data-start=\"754\" data-end=\"811\">\u2022 <strong data-start=\"756\" data-end=\"769\">LED \/ UV:<\/strong> 60\u2013120 s<br data-start=\"778\" data-end=\"781\" \/>\u2022 <strong data-start=\"783\" data-end=\"800\">Vlnov\u00e1 d\u00e9lka:<\/strong> 395\u2013405 nm<\/p>\n<h3 data-start=\"813\" data-end=\"832\">Slo\u017een\u00ed (INCI):<\/h3>\n<p data-start=\"833\" data-end=\"1100\">Urethane Acrylate, Di-HEMA Trimethylhexyl Dicarbamate, Isobornyl Methacrylate, Hydroxycyclohexyl Phenyl Ketone, Ethyl Trimethylbenzoyl Phenylphosphinate, PEG-9 Dimethacrylate, CI 77891, CI 42090, CI 15850, CI 77492, CI 77742, CI 77510, p-Hydroxyanisole, Hydroquinone.<\/p>\n","protected":false},"excerpt":{"rendered":"<p>IMG_4250 Builder COVER gel \u2013 t\u0159\u00edf\u00e1zov\u00fd struktur\u00e1ln\u00ed kamufl\u00e1\u017en\u00ed gel v neutr\u00e1ln\u00edm pudrov\u00e9m odst\u00ednu.M\u00e1 st\u0159edn\u00ed viskozitu, je tixotropn\u00ed a disponuje funkc\u00ed samovyrovn\u00e1v\u00e1n\u00ed. Je vhodn\u00fd pro techniky bez pilov\u00e1n\u00ed a pro tvorbu permanentn\u00ed francouzsk\u00e9 manik\u00fary. P\u0159i vysok\u00e9 \u00farovni dovednost\u00ed v modela\u010dn\u00edch technik\u00e1ch je ide\u00e1ln\u00ed tak\u00e9 pro vytv\u00e1\u0159en\u00ed prodlu\u017eovac\u00edho okraje (bordury) a sout\u011b\u017en\u00ed french manik\u00faru. D\u00edky minim\u00e1ln\u00edmu mno\u017estv\u00ed [&hellip;]<\/p>\n","protected":false},"featured_media":5271,"comment_status":"open","ping_status":"closed","template":"","meta":[],"pwb-brand":[],"product_brand":[],"product_cat":[576],"product_tag":[],"berocket_brand":[557],"class_list":{"0":"post-7548","1":"product","2":"type-product","3":"status-publish","4":"has-post-thumbnail","6":"product_cat-builder-gel-jz-nails-group","7":"berocket_brand-jz-nails-group","9":"first","10":"instock","11":"taxable","12":"shipping-taxable","13":"purchasable","14":"product-type-variable"},"acf":[],"brands":[],"_links":{"self":[{"href":"https:\/\/mikeladzenailstore.com\/sk\/wp-json\/wp\/v2\/product\/7548","targetHints":{"allow":["GET"]}}],"collection":[{"href":"https:\/\/mikeladzenailstore.com\/sk\/wp-json\/wp\/v2\/product"}],"about":[{"href":"https:\/\/mikeladzenailstore.com\/sk\/wp-json\/wp\/v2\/types\/product"}],"replies":[{"embeddable":true,"href":"https:\/\/mikeladzenailstore.com\/sk\/wp-json\/wp\/v2\/comments?post=7548"}],"version-history":[{"count":0,"href":"https:\/\/mikeladzenailstore.com\/sk\/wp-json\/wp\/v2\/product\/7548\/revisions"}],"wp:featuredmedia":[{"embeddable":true,"href":"https:\/\/mikeladzenailstore.com\/sk\/wp-json\/wp\/v2\/media\/5271"}],"wp:attachment":[{"href":"https:\/\/mikeladzenailstore.com\/sk\/wp-json\/wp\/v2\/media?parent=7548"}],"wp:term":[{"taxonomy":"pwb-brand","embeddable":true,"href":"https:\/\/mikeladzenailstore.com\/sk\/wp-json\/wp\/v2\/pwb-brand?post=7548"},{"taxonomy":"product_brand","embeddable":true,"href":"https:\/\/mikeladzenailstore.com\/sk\/wp-json\/wp\/v2\/product_brand?post=7548"},{"taxonomy":"product_cat","embeddable":true,"href":"https:\/\/mikeladzenailstore.com\/sk\/wp-json\/wp\/v2\/product_cat?post=7548"},{"taxonomy":"product_tag","embeddable":true,"href":"https:\/\/mikeladzenailstore.com\/sk\/wp-json\/wp\/v2\/product_tag?post=7548"},{"taxonomy":"berocket_brand","embeddable":true,"href":"https:\/\/mikeladzenailstore.com\/sk\/wp-json\/wp\/v2\/berocket_brand?post=7548"}],"curies":[{"name":"wp","href":"https:\/\/api.w.org\/{rel}","templated":true}]}}