{"id":7569,"date":"2025-11-15T12:12:01","date_gmt":"2025-11-15T12:12:01","guid":{"rendered":"https:\/\/mikeladzenailstore.com\/p\/base-expert-ruber-no-tpo-no-hema-jz-nails-group-15-ml\/"},"modified":"2026-03-26T20:30:01","modified_gmt":"2026-03-26T20:30:01","slug":"base-expert-ruber-no-tpo-no-hema-jz-nails-group-15-ml","status":"publish","type":"product","link":"https:\/\/mikeladzenailstore.com\/sk\/produkt\/base-expert-ruber-no-tpo-no-hema-jz-nails-group-15-ml\/","title":{"rendered":"Base Expert (rubber)  JZ Nails Group 15 ml"},"content":{"rendered":"<p>B\u00e1ze \u201eExpert\u201c<\/p>\n<p>Expert na elastick\u00e9 povrchov\u00e9 \u00fapravy se zv\u00fd\u0161enou adhez\u00ed. Je elastick\u00e1, m\u00edrn\u011b kysel\u00e1 a d\u00edky sv\u00fdm adhezivn\u00edm vlastnostem zaji\u0161\u0165uje t\u011bsn\u00e9 vakuov\u00e9 pokryt\u00ed s v\u00fddr\u017e\u00ed 3\u20134 t\u00fddny.<\/p>\n<p>\u2705 M\u00e1 zv\u00fd\u0161enou odolnost v\u016f\u010di mechanick\u00e9mu zat\u00ed\u017een\u00ed.<\/p>\n<p>\u2705 Kompatibiln\u00ed se v\u0161emi barevn\u00fdmi a vrchn\u00edmi povlaky.<\/p>\n<p>\u2705 Doporu\u010den\u00e1 d\u00e9lka nehtu pro pou\u017eit\u00ed: XS, S, M, L.<\/p>\n<p>\u2705 \u010cas po\u010d\u00e1te\u010dn\u00ed polymerace: 15 s \/ 24W.<\/p>\n<p>\u2705 \u00dapln\u00e1 polymerace: 90 s \/ 48W.<\/p>\n<p>\u2705 Vhodn\u00e1 pro v\u0161echny typy nehtov\u00fdch plot\u00e9nek.<\/p>\n<p>\u26a0\ufe0f Ur\u010deno pouze pro zku\u0161en\u00e9 nehtov\u00e9 design\u00e9ry!<\/p>\n","protected":false},"excerpt":{"rendered":"<p>B\u00e1ze \u201eExpert\u201c Expert na elastick\u00e9 povrchov\u00e9 \u00fapravy se zv\u00fd\u0161enou adhez\u00ed. Je elastick\u00e1, m\u00edrn\u011b kysel\u00e1 a d\u00edky sv\u00fdm adhezivn\u00edm vlastnostem zaji\u0161\u0165uje t\u011bsn\u00e9 vakuov\u00e9 pokryt\u00ed s v\u00fddr\u017e\u00ed 3\u20134 t\u00fddny. \u2705 M\u00e1 zv\u00fd\u0161enou odolnost v\u016f\u010di mechanick\u00e9mu zat\u00ed\u017een\u00ed. \u2705 Kompatibiln\u00ed se v\u0161emi barevn\u00fdmi a vrchn\u00edmi povlaky. \u2705 Doporu\u010den\u00e1 d\u00e9lka nehtu pro pou\u017eit\u00ed: XS, S, M, L. \u2705 \u010cas po\u010d\u00e1te\u010dn\u00ed [&hellip;]<\/p>\n","protected":false},"featured_media":5259,"comment_status":"open","ping_status":"closed","template":"","meta":[],"pwb-brand":[],"product_brand":[],"product_cat":[241,496],"product_tag":[],"berocket_brand":[557],"class_list":{"0":"post-7569","1":"product","2":"type-product","3":"status-publish","4":"has-post-thumbnail","6":"product_cat-base-jz-nails-group","7":"product_cat-bestseller","8":"berocket_brand-jz-nails-group","10":"first","11":"instock","12":"taxable","13":"shipping-taxable","14":"purchasable","15":"product-type-simple"},"acf":[],"brands":[],"_links":{"self":[{"href":"https:\/\/mikeladzenailstore.com\/sk\/wp-json\/wp\/v2\/product\/7569","targetHints":{"allow":["GET"]}}],"collection":[{"href":"https:\/\/mikeladzenailstore.com\/sk\/wp-json\/wp\/v2\/product"}],"about":[{"href":"https:\/\/mikeladzenailstore.com\/sk\/wp-json\/wp\/v2\/types\/product"}],"replies":[{"embeddable":true,"href":"https:\/\/mikeladzenailstore.com\/sk\/wp-json\/wp\/v2\/comments?post=7569"}],"version-history":[{"count":0,"href":"https:\/\/mikeladzenailstore.com\/sk\/wp-json\/wp\/v2\/product\/7569\/revisions"}],"wp:featuredmedia":[{"embeddable":true,"href":"https:\/\/mikeladzenailstore.com\/sk\/wp-json\/wp\/v2\/media\/5259"}],"wp:attachment":[{"href":"https:\/\/mikeladzenailstore.com\/sk\/wp-json\/wp\/v2\/media?parent=7569"}],"wp:term":[{"taxonomy":"pwb-brand","embeddable":true,"href":"https:\/\/mikeladzenailstore.com\/sk\/wp-json\/wp\/v2\/pwb-brand?post=7569"},{"taxonomy":"product_brand","embeddable":true,"href":"https:\/\/mikeladzenailstore.com\/sk\/wp-json\/wp\/v2\/product_brand?post=7569"},{"taxonomy":"product_cat","embeddable":true,"href":"https:\/\/mikeladzenailstore.com\/sk\/wp-json\/wp\/v2\/product_cat?post=7569"},{"taxonomy":"product_tag","embeddable":true,"href":"https:\/\/mikeladzenailstore.com\/sk\/wp-json\/wp\/v2\/product_tag?post=7569"},{"taxonomy":"berocket_brand","embeddable":true,"href":"https:\/\/mikeladzenailstore.com\/sk\/wp-json\/wp\/v2\/berocket_brand?post=7569"}],"curies":[{"name":"wp","href":"https:\/\/api.w.org\/{rel}","templated":true}]}}