{"id":7572,"date":"2025-11-15T12:12:01","date_gmt":"2025-11-15T12:12:01","guid":{"rendered":"https:\/\/mikeladzenailstore.com\/p\/builder-gel-cover-2-no-tpo-no-hema-jz-nails-group-50-ml\/"},"modified":"2025-11-15T12:12:01","modified_gmt":"2025-11-15T12:12:01","slug":"builder-gel-cover-2-no-tpo-no-hema-jz-nails-group-50-ml","status":"publish","type":"product","link":"https:\/\/mikeladzenailstore.com\/sk\/produkt\/builder-gel-cover-2-no-tpo-no-hema-jz-nails-group-50-ml\/","title":{"rendered":"Builder gel &#8222;Cover 2\u201d no TPO\/no hema JZ Nails Group 50 ml"},"content":{"rendered":"<p>Builder gel je nejtvrd\u0161\u00ed z t\u011bch tvrd\u00fdch.  Ide\u00e1ln\u00ed materi\u00e1l pro zpevn\u011bn\u00ed a modelaci neht\u016f i v technice &#8222;Bez pilov\u00e1n\u00ed neht\u016f &#8222;.  Krimpov\u00e1n\u00ed 20\u201330 sek. N\u00edzkoteplotn\u00ed.  Polymerace 60-90 sek v LED\/UV 365 nm.<\/p>\n<\/p>\n<p>Slo\u017een\u00ed:<\/p>\n<p>DI-HEMA TRIMETHYLHEXYL DICARBAMATE, ISOBORNYL METHACRYLATE, PEG-9 TRIMETHYLOLPROPANE TRIACRYLATE, HYDROXYCYCLO HEXYL PHENYL KETONE, SILICA, BENZOYL ISOPROPANOL, PEG9 DIMETHACRYLATE. +\/- (M\u016e\u017dE OBSAHOVAT): CI 77891 (TITANIUM DIOXIDE), CI 77491 (IRON OXIDES), CI 77492 (IRON OXIDES), CI 47005.<\/p>\n","protected":false},"excerpt":{"rendered":"<p>Builder gel je nejtvrd\u0161\u00ed z t\u011bch tvrd\u00fdch. Ide\u00e1ln\u00ed materi\u00e1l pro zpevn\u011bn\u00ed a modelaci neht\u016f i v technice &#8222;Bez pilov\u00e1n\u00ed neht\u016f &#8222;. Krimpov\u00e1n\u00ed 20\u201330 sek. N\u00edzkoteplotn\u00ed. Polymerace 60-90 sek v LED\/UV 365 nm. Slo\u017een\u00ed: DI-HEMA TRIMETHYLHEXYL DICARBAMATE, ISOBORNYL METHACRYLATE, PEG-9 TRIMETHYLOLPROPANE TRIACRYLATE, HYDROXYCYCLO HEXYL PHENYL KETONE, SILICA, BENZOYL ISOPROPANOL, PEG9 DIMETHACRYLATE. +\/- (M\u016e\u017dE OBSAHOVAT): CI 77891 [&hellip;]<\/p>\n","protected":false},"featured_media":0,"comment_status":"open","ping_status":"closed","template":"","meta":[],"pwb-brand":[],"product_brand":[],"product_cat":[168],"product_tag":[],"berocket_brand":[],"class_list":{"0":"post-7572","1":"product","2":"type-product","3":"status-publish","5":"product_cat-baze-a-topy-pro-manikuru-pedikuru","7":"first","8":"instock","9":"taxable","10":"shipping-taxable","11":"purchasable","12":"product-type-simple"},"acf":[],"brands":[],"_links":{"self":[{"href":"https:\/\/mikeladzenailstore.com\/sk\/wp-json\/wp\/v2\/product\/7572","targetHints":{"allow":["GET"]}}],"collection":[{"href":"https:\/\/mikeladzenailstore.com\/sk\/wp-json\/wp\/v2\/product"}],"about":[{"href":"https:\/\/mikeladzenailstore.com\/sk\/wp-json\/wp\/v2\/types\/product"}],"replies":[{"embeddable":true,"href":"https:\/\/mikeladzenailstore.com\/sk\/wp-json\/wp\/v2\/comments?post=7572"}],"version-history":[{"count":0,"href":"https:\/\/mikeladzenailstore.com\/sk\/wp-json\/wp\/v2\/product\/7572\/revisions"}],"wp:attachment":[{"href":"https:\/\/mikeladzenailstore.com\/sk\/wp-json\/wp\/v2\/media?parent=7572"}],"wp:term":[{"taxonomy":"pwb-brand","embeddable":true,"href":"https:\/\/mikeladzenailstore.com\/sk\/wp-json\/wp\/v2\/pwb-brand?post=7572"},{"taxonomy":"product_brand","embeddable":true,"href":"https:\/\/mikeladzenailstore.com\/sk\/wp-json\/wp\/v2\/product_brand?post=7572"},{"taxonomy":"product_cat","embeddable":true,"href":"https:\/\/mikeladzenailstore.com\/sk\/wp-json\/wp\/v2\/product_cat?post=7572"},{"taxonomy":"product_tag","embeddable":true,"href":"https:\/\/mikeladzenailstore.com\/sk\/wp-json\/wp\/v2\/product_tag?post=7572"},{"taxonomy":"berocket_brand","embeddable":true,"href":"https:\/\/mikeladzenailstore.com\/sk\/wp-json\/wp\/v2\/berocket_brand?post=7572"}],"curies":[{"name":"wp","href":"https:\/\/api.w.org\/{rel}","templated":true}]}}