{"id":7617,"date":"2025-11-15T12:10:50","date_gmt":"2025-11-15T12:10:50","guid":{"rendered":"https:\/\/mikeladzenailstore.com\/p\/fungicide-jz-nails-group\/"},"modified":"2026-01-12T17:24:57","modified_gmt":"2026-01-12T17:24:57","slug":"fungicide-jz-nails-group","status":"publish","type":"product","link":"https:\/\/mikeladzenailstore.com\/sk\/produkt\/fungicide-jz-nails-group\/","title":{"rendered":"Fungicide JZ Nails Group"},"content":{"rendered":"<p>Antifung\u00e1ln\u00ed prost\u0159edek&nbsp;<\/p>\n<p>Rychl\u00e1 pomoc a podpora!<br \/>&nbsp;Prost\u0159edek pro obnovu a ochranu neht\u016f p\u0159ed pl\u00eds\u0148ov\u00fdmi infekcemi, prevenci onychol\u00fdzy, zvlh\u010den\u00ed poko\u017eky d\u00edky funkci kyseliny ml\u00e9\u010dn\u00e9 a tak\u00e9 \u00fa\u010dinn\u00e9 antiseptick\u00e9 a fungicidn\u00ed schopnosti kyseliny borit\u00e9.<\/p>\n<p>&nbsp;<\/p>\n<p>Funkce:<\/p>\n<p>antimykotick\u00e0<\/p>\n<p>\u010distic\u00ed<\/p>\n<p>protiz\u00e1n\u011btliv\u00e1<\/p>\n<p>hydrata\u010dn\u00ed<\/p>\n<p>l\u00e9\u010debna<\/p>\n","protected":false},"excerpt":{"rendered":"<p>Antifung\u00e1ln\u00ed prost\u0159edek&nbsp; Rychl\u00e1 pomoc a podpora!&nbsp;Prost\u0159edek pro obnovu a ochranu neht\u016f p\u0159ed pl\u00eds\u0148ov\u00fdmi infekcemi, prevenci onychol\u00fdzy, zvlh\u010den\u00ed poko\u017eky d\u00edky funkci kyseliny ml\u00e9\u010dn\u00e9 a tak\u00e9 \u00fa\u010dinn\u00e9 antiseptick\u00e9 a fungicidn\u00ed schopnosti kyseliny borit\u00e9. &nbsp; Funkce: antimykotick\u00e0 \u010distic\u00ed protiz\u00e1n\u011btliv\u00e1 hydrata\u010dn\u00ed l\u00e9\u010debna<\/p>\n","protected":false},"featured_media":5244,"comment_status":"open","ping_status":"closed","template":"","meta":[],"pwb-brand":[],"product_brand":[],"product_cat":[205],"product_tag":[],"berocket_brand":[557],"class_list":{"0":"post-7617","1":"product","2":"type-product","3":"status-publish","4":"has-post-thumbnail","6":"product_cat-pedikura","7":"berocket_brand-jz-nails-group","9":"first","10":"instock","11":"taxable","12":"shipping-taxable","13":"purchasable","14":"product-type-simple"},"acf":[],"brands":[],"_links":{"self":[{"href":"https:\/\/mikeladzenailstore.com\/sk\/wp-json\/wp\/v2\/product\/7617","targetHints":{"allow":["GET"]}}],"collection":[{"href":"https:\/\/mikeladzenailstore.com\/sk\/wp-json\/wp\/v2\/product"}],"about":[{"href":"https:\/\/mikeladzenailstore.com\/sk\/wp-json\/wp\/v2\/types\/product"}],"replies":[{"embeddable":true,"href":"https:\/\/mikeladzenailstore.com\/sk\/wp-json\/wp\/v2\/comments?post=7617"}],"version-history":[{"count":0,"href":"https:\/\/mikeladzenailstore.com\/sk\/wp-json\/wp\/v2\/product\/7617\/revisions"}],"wp:featuredmedia":[{"embeddable":true,"href":"https:\/\/mikeladzenailstore.com\/sk\/wp-json\/wp\/v2\/media\/5244"}],"wp:attachment":[{"href":"https:\/\/mikeladzenailstore.com\/sk\/wp-json\/wp\/v2\/media?parent=7617"}],"wp:term":[{"taxonomy":"pwb-brand","embeddable":true,"href":"https:\/\/mikeladzenailstore.com\/sk\/wp-json\/wp\/v2\/pwb-brand?post=7617"},{"taxonomy":"product_brand","embeddable":true,"href":"https:\/\/mikeladzenailstore.com\/sk\/wp-json\/wp\/v2\/product_brand?post=7617"},{"taxonomy":"product_cat","embeddable":true,"href":"https:\/\/mikeladzenailstore.com\/sk\/wp-json\/wp\/v2\/product_cat?post=7617"},{"taxonomy":"product_tag","embeddable":true,"href":"https:\/\/mikeladzenailstore.com\/sk\/wp-json\/wp\/v2\/product_tag?post=7617"},{"taxonomy":"berocket_brand","embeddable":true,"href":"https:\/\/mikeladzenailstore.com\/sk\/wp-json\/wp\/v2\/berocket_brand?post=7617"}],"curies":[{"name":"wp","href":"https:\/\/api.w.org\/{rel}","templated":true}]}}