{"id":7620,"date":"2025-11-15T12:10:50","date_gmt":"2025-11-15T12:10:50","guid":{"rendered":"https:\/\/mikeladzenailstore.com\/p\/polygel-glass-no-tpo-no-hema-jz-nails-group-50-ml\/"},"modified":"2025-11-15T12:10:50","modified_gmt":"2025-11-15T12:10:50","slug":"polygel-glass-no-tpo-no-hema-jz-nails-group-50-ml","status":"publish","type":"product","link":"https:\/\/mikeladzenailstore.com\/sk\/produkt\/polygel-glass-no-tpo-no-hema-jz-nails-group-50-ml\/","title":{"rendered":"Polygel &#8222;Glass&#8220; no TPO\/no hema JZ Nails Group 50 ml"},"content":{"rendered":"<p>V\u0161echny nejlep\u0161\u00ed vlastnosti v jedn\u00e9 jedin\u00e9 formuli!<\/p>\n<p>Leh\u010d\u00ed, pevn\u011bj\u0161\u00ed a pru\u017en\u011bj\u0161\u00ed ne\u017e jak\u00fdkoliv akryl nebo gel v nehtov\u00e9m pr\u016fmyslu.<\/p>\n<p>Co um\u00ed tento unik\u00e1tn\u00ed produkt:<\/p>\n<p>\u2013 Zpev\u0148uje nehtovou plot\u00e9nku d\u00edky sv\u00e9 elastick\u00e9 struktu\u0159e<\/p>\n<p>\u2013 Vhodn\u00fd pro prodlu\u017eov\u00e1n\u00ed na tipech, klasick\u00fdch i horn\u00edch form\u00e1ch<\/p>\n<p>\u2013 Umo\u017e\u0148uje modelovat jakoukoliv rychlost\u00ed \u2013 podle pohodl\u00ed manik\u00e9rky<\/p>\n<p>\u2013 Po nanesen\u00ed se nerozl\u00e9v\u00e1 ani samovyrovn\u00e1v\u00e1, ide\u00e1ln\u00ed pro precizn\u00ed pr\u00e1ci<\/p>\n<p>\u2013 Pr\u00e1ce s minim\u00e1ln\u00edm mno\u017estv\u00edm materi\u00e1lu<\/p>\n<p>\u2013 Lze m\u00edchat s pigmentovan\u00fdmi nebo t\u0159pytiv\u00fdmi gely pro po\u017eadovan\u00fd odst\u00edn<\/p>\n<p>\u2013 Bez perforac\u00ed<\/p>\n<p>\u2013 Skv\u011bl\u00e1 p\u0159ilnavost a p\u0159irozen\u00fd vzhled pigmentu<\/p>\n<p>\u2013 Hypoalergenn\u00ed slo\u017een\u00ed<\/p>\n<p>\u2013 Polymerizace: LED\/UV \u2013 90 s \/ 2 min<\/p>\n<p>\u2013 B\u011bhem vytvrzov\u00e1n\u00ed nezp\u016fsobuje p\u00e1len\u00ed<\/p>\n<p>Objemy: 30 ml a 50 ml<\/p>\n<p>Dostupn\u00e9 skladem<\/p>\n<p>Slo\u017een\u00ed:<\/p>\n<p>ACRYLATES COPOLYMER, DI-HEMA TRIMETHYLHEXYL DICARBAMATE, ISOPROPYLIDENEDIPHENOL PEG-2 DIMETHACRYLATE, TRIMETHYLOLPROPANE TRIMETHACRYLATE, TRIPHENYLPHOSPHINE, TRIMETHYLBENZOYL DIPHENYLPHOSPHINE OXIDE, BENZOYL ISOPROPANOL, PEG-9 DIMETHACRYLATE<\/p>\n<p>+\/- m\u016f\u017ee obsahovat: CI 77891 (oxid titani\u010dit\u00fd), CI 77491 (oxid \u017eelezit\u00fd), CI 60725 (violet 2)<\/p>\n","protected":false},"excerpt":{"rendered":"<p>V\u0161echny nejlep\u0161\u00ed vlastnosti v jedn\u00e9 jedin\u00e9 formuli! Leh\u010d\u00ed, pevn\u011bj\u0161\u00ed a pru\u017en\u011bj\u0161\u00ed ne\u017e jak\u00fdkoliv akryl nebo gel v nehtov\u00e9m pr\u016fmyslu. Co um\u00ed tento unik\u00e1tn\u00ed produkt: \u2013 Zpev\u0148uje nehtovou plot\u00e9nku d\u00edky sv\u00e9 elastick\u00e9 struktu\u0159e \u2013 Vhodn\u00fd pro prodlu\u017eov\u00e1n\u00ed na tipech, klasick\u00fdch i horn\u00edch form\u00e1ch \u2013 Umo\u017e\u0148uje modelovat jakoukoliv rychlost\u00ed \u2013 podle pohodl\u00ed manik\u00e9rky \u2013 Po nanesen\u00ed se [&hellip;]<\/p>\n","protected":false},"featured_media":0,"comment_status":"open","ping_status":"closed","template":"","meta":[],"pwb-brand":[],"product_brand":[],"product_cat":[168],"product_tag":[],"berocket_brand":[],"class_list":{"0":"post-7620","1":"product","2":"type-product","3":"status-publish","5":"product_cat-baze-a-topy-pro-manikuru-pedikuru","7":"first","8":"instock","9":"taxable","10":"shipping-taxable","11":"purchasable","12":"product-type-simple"},"acf":[],"brands":[],"_links":{"self":[{"href":"https:\/\/mikeladzenailstore.com\/sk\/wp-json\/wp\/v2\/product\/7620","targetHints":{"allow":["GET"]}}],"collection":[{"href":"https:\/\/mikeladzenailstore.com\/sk\/wp-json\/wp\/v2\/product"}],"about":[{"href":"https:\/\/mikeladzenailstore.com\/sk\/wp-json\/wp\/v2\/types\/product"}],"replies":[{"embeddable":true,"href":"https:\/\/mikeladzenailstore.com\/sk\/wp-json\/wp\/v2\/comments?post=7620"}],"version-history":[{"count":0,"href":"https:\/\/mikeladzenailstore.com\/sk\/wp-json\/wp\/v2\/product\/7620\/revisions"}],"wp:attachment":[{"href":"https:\/\/mikeladzenailstore.com\/sk\/wp-json\/wp\/v2\/media?parent=7620"}],"wp:term":[{"taxonomy":"pwb-brand","embeddable":true,"href":"https:\/\/mikeladzenailstore.com\/sk\/wp-json\/wp\/v2\/pwb-brand?post=7620"},{"taxonomy":"product_brand","embeddable":true,"href":"https:\/\/mikeladzenailstore.com\/sk\/wp-json\/wp\/v2\/product_brand?post=7620"},{"taxonomy":"product_cat","embeddable":true,"href":"https:\/\/mikeladzenailstore.com\/sk\/wp-json\/wp\/v2\/product_cat?post=7620"},{"taxonomy":"product_tag","embeddable":true,"href":"https:\/\/mikeladzenailstore.com\/sk\/wp-json\/wp\/v2\/product_tag?post=7620"},{"taxonomy":"berocket_brand","embeddable":true,"href":"https:\/\/mikeladzenailstore.com\/sk\/wp-json\/wp\/v2\/berocket_brand?post=7620"}],"curies":[{"name":"wp","href":"https:\/\/api.w.org\/{rel}","templated":true}]}}