{"id":7635,"date":"2025-11-15T12:10:39","date_gmt":"2025-11-15T12:10:39","guid":{"rendered":"https:\/\/mikeladzenailstore.com\/p\/cover-base-opal-02-no-tpo-no-hema-jz-nails-group-15-ml\/"},"modified":"2026-01-03T18:55:10","modified_gmt":"2026-01-03T18:55:10","slug":"cover-base-opal-02-no-tpo-no-hema-jz-nails-group-15-ml","status":"publish","type":"product","link":"https:\/\/mikeladzenailstore.com\/sk\/produkt\/cover-base-opal-02-no-tpo-no-hema-jz-nails-group-15-ml\/","title":{"rendered":"Cover base OPAL 02  JZ Nails Group"},"content":{"rendered":"<p>Limitovan\u00e1 edice kamufl\u00e1\u017en\u00edch b\u00e1z\u00ed od JZ Nails Group!<\/p>\n<p>Jemn\u00e9 odst\u00edny origin\u00e1ln\u00edch kamufl\u00e1\u017e\u00ed v kombinaci s t\u0159pytkami \u2014 v\u017edy skv\u011bl\u00e9 \u0159e\u0161en\u00ed pro klientku, kter\u00e1 se nem\u016f\u017ee rozhodnout pro konkr\u00e9tn\u00ed barvu!<\/p>\n<p>\u2728\u00a0Lehk\u00fd efekt<\/p>\n<p>\u2728\u00a0Elegantn\u00ed t\u0159pyt<\/p>\n<p>\u2728\u00a0Univerz\u00e1ln\u00ed \u0434\u043b\u044f ka\u017ed\u00e9 p\u0159\u00edle\u017eitosti<\/p>\n<p>Slo\u017een\u00ed:<\/p>\n<p>DI-HEMA TRIMETHYLHEXYL DICARBAMATE, HEMA, ISOBORNYL METHACRYLATE, CELLULOSE ACETATE BUTYRATE, HYDROXYCYCLOHEXYL PHENYL KETONE, GLYCOL HEMA-METHACRYLATE, SILICA, BIS(METHACRYLOYLOXYETHYL) PHOSPHATE, PEG-9 DIMETHACRYLATE.<\/p>\n<p>+\/- (m\u016f\u017ee obsahovat): CI 77891 (oxid titani\u010dit\u00fd), CI 15850 (\u010derven\u00e1 7), CI 77007 (ultramariny).<\/p>\n","protected":false},"excerpt":{"rendered":"<p>Limitovan\u00e1 edice kamufl\u00e1\u017en\u00edch b\u00e1z\u00ed od JZ Nails Group! Jemn\u00e9 odst\u00edny origin\u00e1ln\u00edch kamufl\u00e1\u017e\u00ed v kombinaci s t\u0159pytkami \u2014 v\u017edy skv\u011bl\u00e9 \u0159e\u0161en\u00ed pro klientku, kter\u00e1 se nem\u016f\u017ee rozhodnout pro konkr\u00e9tn\u00ed barvu! \u2728\u00a0Lehk\u00fd efekt \u2728\u00a0Elegantn\u00ed t\u0159pyt \u2728\u00a0Univerz\u00e1ln\u00ed \u0434\u043b\u044f ka\u017ed\u00e9 p\u0159\u00edle\u017eitosti Slo\u017een\u00ed: DI-HEMA TRIMETHYLHEXYL DICARBAMATE, HEMA, ISOBORNYL METHACRYLATE, CELLULOSE ACETATE BUTYRATE, HYDROXYCYCLOHEXYL PHENYL KETONE, GLYCOL HEMA-METHACRYLATE, SILICA, BIS(METHACRYLOYLOXYETHYL) PHOSPHATE, [&hellip;]<\/p>\n","protected":false},"featured_media":0,"comment_status":"open","ping_status":"closed","template":"","meta":[],"pwb-brand":[],"product_brand":[],"product_cat":[704],"product_tag":[],"berocket_brand":[],"class_list":{"0":"post-7635","1":"product","2":"type-product","3":"status-publish","5":"product_cat-slevy","7":"first","8":"instock","9":"taxable","10":"shipping-taxable","11":"purchasable","12":"product-type-simple"},"acf":[],"brands":[],"_links":{"self":[{"href":"https:\/\/mikeladzenailstore.com\/sk\/wp-json\/wp\/v2\/product\/7635","targetHints":{"allow":["GET"]}}],"collection":[{"href":"https:\/\/mikeladzenailstore.com\/sk\/wp-json\/wp\/v2\/product"}],"about":[{"href":"https:\/\/mikeladzenailstore.com\/sk\/wp-json\/wp\/v2\/types\/product"}],"replies":[{"embeddable":true,"href":"https:\/\/mikeladzenailstore.com\/sk\/wp-json\/wp\/v2\/comments?post=7635"}],"version-history":[{"count":0,"href":"https:\/\/mikeladzenailstore.com\/sk\/wp-json\/wp\/v2\/product\/7635\/revisions"}],"wp:attachment":[{"href":"https:\/\/mikeladzenailstore.com\/sk\/wp-json\/wp\/v2\/media?parent=7635"}],"wp:term":[{"taxonomy":"pwb-brand","embeddable":true,"href":"https:\/\/mikeladzenailstore.com\/sk\/wp-json\/wp\/v2\/pwb-brand?post=7635"},{"taxonomy":"product_brand","embeddable":true,"href":"https:\/\/mikeladzenailstore.com\/sk\/wp-json\/wp\/v2\/product_brand?post=7635"},{"taxonomy":"product_cat","embeddable":true,"href":"https:\/\/mikeladzenailstore.com\/sk\/wp-json\/wp\/v2\/product_cat?post=7635"},{"taxonomy":"product_tag","embeddable":true,"href":"https:\/\/mikeladzenailstore.com\/sk\/wp-json\/wp\/v2\/product_tag?post=7635"},{"taxonomy":"berocket_brand","embeddable":true,"href":"https:\/\/mikeladzenailstore.com\/sk\/wp-json\/wp\/v2\/berocket_brand?post=7635"}],"curies":[{"name":"wp","href":"https:\/\/api.w.org\/{rel}","templated":true}]}}