{"id":7648,"date":"2025-11-15T12:10:39","date_gmt":"2025-11-15T12:10:39","guid":{"rendered":"https:\/\/mikeladzenailstore.com\/p\/cover-base-pink-pearl-no-tpo-no-hema-15-ml-jz-nails-group\/"},"modified":"2026-01-03T18:54:27","modified_gmt":"2026-01-03T18:54:27","slug":"cover-base-pink-pearl-no-tpo-no-hema-15-ml-jz-nails-group","status":"publish","type":"product","link":"https:\/\/mikeladzenailstore.com\/sk\/produkt\/cover-base-pink-pearl-no-tpo-no-hema-15-ml-jz-nails-group\/","title":{"rendered":"Cover base PINK PEARL  JZ Nails Group"},"content":{"rendered":"<p>Kamufl\u00e1\u017en\u00ed b\u00e1ze JZ NAILS GROUP<\/p>\n<p>Nad\u010dasov\u00e1 klasika, kter\u00e1 bude v\u017edy v m\u00f3d\u011b!<\/p>\n<p>Nez\u00e1le\u017e\u00ed na ro\u010dn\u00edm obdob\u00ed, aktu\u00e1ln\u00edch trendech nebo sv\u00e1tc\u00edch \u2013 tyto b\u00e1ze jsou v\u017edy skv\u011blou volbou.<\/p>\n<p>Ka\u017ed\u00fd odst\u00edn je samostatn\u011b kr\u00e1sn\u00fd a plnohodnotn\u00fd.<\/p>\n<p>Objem: 15 ml<\/p>\n<p>Ide\u00e1ln\u00ed pro p\u0159irozen\u00fd vzhled i jemn\u00e9 stylizace<\/p>\n<p>Slo\u017een\u00ed:<\/p>\n<p>DI-HEMA TRIMETHYLHEXYL DICARBAMATE, HEMA, ISOBORNYL METHACRYLATE, CELLULOSE ACETATE BUTYRATE, HYDROXYCYCLOHEXYL PHENYL KETONE, \u00a0GLYCOL HEMA-METHACRYLATE, SILICA, BIS(METHACRYLOYLOXYETHYL) PHOSPHATE, PEG-9 DIMETHACRYLATE.<\/p>\n<p>+\/- (m\u016f\u017ee obsahovat): CI 77891 (oxid titani\u010dit\u00fd), CI 15850 (\u010derven\u00e1 7), CI 77007 (ultramariny).<\/p>\n","protected":false},"excerpt":{"rendered":"<p>Kamufl\u00e1\u017en\u00ed b\u00e1ze JZ NAILS GROUP Nad\u010dasov\u00e1 klasika, kter\u00e1 bude v\u017edy v m\u00f3d\u011b! Nez\u00e1le\u017e\u00ed na ro\u010dn\u00edm obdob\u00ed, aktu\u00e1ln\u00edch trendech nebo sv\u00e1tc\u00edch \u2013 tyto b\u00e1ze jsou v\u017edy skv\u011blou volbou. Ka\u017ed\u00fd odst\u00edn je samostatn\u011b kr\u00e1sn\u00fd a plnohodnotn\u00fd. Objem: 15 ml Ide\u00e1ln\u00ed pro p\u0159irozen\u00fd vzhled i jemn\u00e9 stylizace Slo\u017een\u00ed: DI-HEMA TRIMETHYLHEXYL DICARBAMATE, HEMA, ISOBORNYL METHACRYLATE, CELLULOSE ACETATE BUTYRATE, HYDROXYCYCLOHEXYL [&hellip;]<\/p>\n","protected":false},"featured_media":0,"comment_status":"open","ping_status":"closed","template":"","meta":[],"pwb-brand":[],"product_brand":[],"product_cat":[704],"product_tag":[],"berocket_brand":[],"class_list":{"0":"post-7648","1":"product","2":"type-product","3":"status-publish","5":"product_cat-slevy","7":"first","8":"instock","9":"taxable","10":"shipping-taxable","11":"purchasable","12":"product-type-simple"},"acf":[],"brands":[],"_links":{"self":[{"href":"https:\/\/mikeladzenailstore.com\/sk\/wp-json\/wp\/v2\/product\/7648","targetHints":{"allow":["GET"]}}],"collection":[{"href":"https:\/\/mikeladzenailstore.com\/sk\/wp-json\/wp\/v2\/product"}],"about":[{"href":"https:\/\/mikeladzenailstore.com\/sk\/wp-json\/wp\/v2\/types\/product"}],"replies":[{"embeddable":true,"href":"https:\/\/mikeladzenailstore.com\/sk\/wp-json\/wp\/v2\/comments?post=7648"}],"version-history":[{"count":0,"href":"https:\/\/mikeladzenailstore.com\/sk\/wp-json\/wp\/v2\/product\/7648\/revisions"}],"wp:attachment":[{"href":"https:\/\/mikeladzenailstore.com\/sk\/wp-json\/wp\/v2\/media?parent=7648"}],"wp:term":[{"taxonomy":"pwb-brand","embeddable":true,"href":"https:\/\/mikeladzenailstore.com\/sk\/wp-json\/wp\/v2\/pwb-brand?post=7648"},{"taxonomy":"product_brand","embeddable":true,"href":"https:\/\/mikeladzenailstore.com\/sk\/wp-json\/wp\/v2\/product_brand?post=7648"},{"taxonomy":"product_cat","embeddable":true,"href":"https:\/\/mikeladzenailstore.com\/sk\/wp-json\/wp\/v2\/product_cat?post=7648"},{"taxonomy":"product_tag","embeddable":true,"href":"https:\/\/mikeladzenailstore.com\/sk\/wp-json\/wp\/v2\/product_tag?post=7648"},{"taxonomy":"berocket_brand","embeddable":true,"href":"https:\/\/mikeladzenailstore.com\/sk\/wp-json\/wp\/v2\/berocket_brand?post=7648"}],"curies":[{"name":"wp","href":"https:\/\/api.w.org\/{rel}","templated":true}]}}