{"id":7693,"date":"2025-11-15T12:10:21","date_gmt":"2025-11-15T12:10:21","guid":{"rendered":"https:\/\/mikeladzenailstore.com\/p\/hrube-freza-o-60-staleks\/"},"modified":"2026-01-11T13:09:06","modified_gmt":"2026-01-11T13:09:06","slug":"hrube-freza-o-60-staleks","status":"publish","type":"product","link":"https:\/\/mikeladzenailstore.com\/sk\/produkt\/hrube-freza-o-60-staleks\/","title":{"rendered":"Fr\u00e9za Karbid Staleks &#8211; Ku\u017eel 6 x 14 mm &#8211; zelena"},"content":{"rendered":"<p>N\u00e1zev: V\u00e1lec 6 mm x 14 mm &#8211; rozm\u011bry hlavy fr\u00e9zy<br \/>\nBarevn\u00e9 ozna\u010den\u00ed: zelena<br \/>\nVysoce kvalitn\u00ed kovov\u00fd materi\u00e1l<\/p>\n<p>Vhodn\u00e9 na:<br \/>\n\u2022odbrou\u0161en\u00ed v\u0161ech um\u011bl\u00fdch materi\u00e1l\u016f \/gel, akryl, polygel\/<\/p>\n<p>Vlastnosti fr\u00e9zy:<br \/>\n\u2022Tvrdost<br \/>\n\u2022Vysok\u00e1 odolnost<br \/>\n\u2022Velmi dlouh\u00e1 \u017eivotnost<br \/>\n\u2022Jednoduch\u00e1 \u00fadr\u017eba<br \/>\n\u2022V\u00fdborn\u00e9 antikorozn\u00ed vlastnosti<br \/>\n\u2022Men\u0161\u00ed proh\u0159\u00edv\u00e1n\u00ed \u2013 nep\u00e1l\u00ed<br \/>\n\u2022Vy\u0161\u0161\u00ed \u00fa\u010dinnost \u2013 rychlej\u0161\u00ed pr\u00e1ce<\/p>\n<p>\u00dadr\u017eba fr\u00e9zy:<br \/>\nD\u00edky sv\u00fdm vysok\u00fdm antikorozn\u00edm vlastnostem, lze fr\u00e9zy desinfikovat speci\u00e1ln\u00edmi desinfek\u010dn\u00edmi roztoky dle n\u00e1vodu k pou\u017eit\u00ed, nebo sterilizovat v horkovzdu\u0161n\u00e9m steriliz\u00e1toru. Dodr\u017eujte pokyny v\u00fdrobce steriliza\u010dn\u00edho za\u0159\u00edzen\u00ed. Extr\u00e9mn\u011b t\u00edm prodlou\u017e\u00edte \u017eivotnost n\u00e1stroje.<\/p>\n<p>Doba sterilizace: 180\u00b0C \u2013 60 min, 160\u00b0C \u2013 150 min<\/p>\n","protected":false},"excerpt":{"rendered":"<p>N\u00e1zev: V\u00e1lec 6 mm x 14 mm &#8211; rozm\u011bry hlavy fr\u00e9zy Barevn\u00e9 ozna\u010den\u00ed: zelena Vysoce kvalitn\u00ed kovov\u00fd materi\u00e1l Vhodn\u00e9 na: \u2022odbrou\u0161en\u00ed v\u0161ech um\u011bl\u00fdch materi\u00e1l\u016f \/gel, akryl, polygel\/ Vlastnosti fr\u00e9zy: \u2022Tvrdost \u2022Vysok\u00e1 odolnost \u2022Velmi dlouh\u00e1 \u017eivotnost \u2022Jednoduch\u00e1 \u00fadr\u017eba \u2022V\u00fdborn\u00e9 antikorozn\u00ed vlastnosti \u2022Men\u0161\u00ed proh\u0159\u00edv\u00e1n\u00ed \u2013 nep\u00e1l\u00ed \u2022Vy\u0161\u0161\u00ed \u00fa\u010dinnost \u2013 rychlej\u0161\u00ed pr\u00e1ce \u00dadr\u017eba fr\u00e9zy: D\u00edky sv\u00fdm vysok\u00fdm antikorozn\u00edm [&hellip;]<\/p>\n","protected":false},"featured_media":5200,"comment_status":"open","ping_status":"closed","template":"","meta":[],"pwb-brand":[],"product_brand":[],"product_cat":[693],"product_tag":[],"berocket_brand":[436],"class_list":{"0":"post-7693","1":"product","2":"type-product","3":"status-publish","4":"has-post-thumbnail","6":"product_cat-karbidove-frezy","7":"berocket_brand-staleks","9":"first","10":"outofstock","11":"taxable","12":"shipping-taxable","13":"purchasable","14":"product-type-simple"},"acf":[],"brands":[],"_links":{"self":[{"href":"https:\/\/mikeladzenailstore.com\/sk\/wp-json\/wp\/v2\/product\/7693","targetHints":{"allow":["GET"]}}],"collection":[{"href":"https:\/\/mikeladzenailstore.com\/sk\/wp-json\/wp\/v2\/product"}],"about":[{"href":"https:\/\/mikeladzenailstore.com\/sk\/wp-json\/wp\/v2\/types\/product"}],"replies":[{"embeddable":true,"href":"https:\/\/mikeladzenailstore.com\/sk\/wp-json\/wp\/v2\/comments?post=7693"}],"version-history":[{"count":0,"href":"https:\/\/mikeladzenailstore.com\/sk\/wp-json\/wp\/v2\/product\/7693\/revisions"}],"wp:featuredmedia":[{"embeddable":true,"href":"https:\/\/mikeladzenailstore.com\/sk\/wp-json\/wp\/v2\/media\/5200"}],"wp:attachment":[{"href":"https:\/\/mikeladzenailstore.com\/sk\/wp-json\/wp\/v2\/media?parent=7693"}],"wp:term":[{"taxonomy":"pwb-brand","embeddable":true,"href":"https:\/\/mikeladzenailstore.com\/sk\/wp-json\/wp\/v2\/pwb-brand?post=7693"},{"taxonomy":"product_brand","embeddable":true,"href":"https:\/\/mikeladzenailstore.com\/sk\/wp-json\/wp\/v2\/product_brand?post=7693"},{"taxonomy":"product_cat","embeddable":true,"href":"https:\/\/mikeladzenailstore.com\/sk\/wp-json\/wp\/v2\/product_cat?post=7693"},{"taxonomy":"product_tag","embeddable":true,"href":"https:\/\/mikeladzenailstore.com\/sk\/wp-json\/wp\/v2\/product_tag?post=7693"},{"taxonomy":"berocket_brand","embeddable":true,"href":"https:\/\/mikeladzenailstore.com\/sk\/wp-json\/wp\/v2\/berocket_brand?post=7693"}],"curies":[{"name":"wp","href":"https:\/\/api.w.org\/{rel}","templated":true}]}}