{"id":7696,"date":"2025-11-15T12:10:21","date_gmt":"2025-11-15T12:10:21","guid":{"rendered":"https:\/\/mikeladzenailstore.com\/p\/stredni-freza-o-60-staleks\/"},"modified":"2026-01-11T13:09:37","modified_gmt":"2026-01-11T13:09:37","slug":"stredni-freza-o-60-staleks","status":"publish","type":"product","link":"https:\/\/mikeladzenailstore.com\/sk\/produkt\/stredni-freza-o-60-staleks\/","title":{"rendered":"ST\u0158EDN\u00cd FR\u00c9ZA \u00d8 6,0 STALEKS"},"content":{"rendered":"<ul>\n<li>Hrubost: st\u0159edn\u00ed<\/li>\n<li>Pr\u016fm\u011br pracovn\u00ed \u010d\u00e1sti, mm: 6,0<br \/>\nD\u00e9lka pracovn\u00ed \u010d\u00e1sti, mm: 14,0<\/li>\n<li>V\u00fdrobce: Polsko \u2013 Ukrajina<\/li>\n<\/ul>\n","protected":false},"excerpt":{"rendered":"<p>Hrubost: st\u0159edn\u00ed Pr\u016fm\u011br pracovn\u00ed \u010d\u00e1sti, mm: 6,0 D\u00e9lka pracovn\u00ed \u010d\u00e1sti, mm: 14,0 V\u00fdrobce: Polsko \u2013 Ukrajina<\/p>\n","protected":false},"featured_media":5201,"comment_status":"open","ping_status":"closed","template":"","meta":[],"pwb-brand":[],"product_brand":[],"product_cat":[693],"product_tag":[],"berocket_brand":[436],"class_list":{"0":"post-7696","1":"product","2":"type-product","3":"status-publish","4":"has-post-thumbnail","6":"product_cat-karbidove-frezy","7":"berocket_brand-staleks","9":"first","10":"outofstock","11":"taxable","12":"shipping-taxable","13":"purchasable","14":"product-type-simple"},"acf":[],"brands":[],"_links":{"self":[{"href":"https:\/\/mikeladzenailstore.com\/sk\/wp-json\/wp\/v2\/product\/7696","targetHints":{"allow":["GET"]}}],"collection":[{"href":"https:\/\/mikeladzenailstore.com\/sk\/wp-json\/wp\/v2\/product"}],"about":[{"href":"https:\/\/mikeladzenailstore.com\/sk\/wp-json\/wp\/v2\/types\/product"}],"replies":[{"embeddable":true,"href":"https:\/\/mikeladzenailstore.com\/sk\/wp-json\/wp\/v2\/comments?post=7696"}],"version-history":[{"count":0,"href":"https:\/\/mikeladzenailstore.com\/sk\/wp-json\/wp\/v2\/product\/7696\/revisions"}],"wp:featuredmedia":[{"embeddable":true,"href":"https:\/\/mikeladzenailstore.com\/sk\/wp-json\/wp\/v2\/media\/5201"}],"wp:attachment":[{"href":"https:\/\/mikeladzenailstore.com\/sk\/wp-json\/wp\/v2\/media?parent=7696"}],"wp:term":[{"taxonomy":"pwb-brand","embeddable":true,"href":"https:\/\/mikeladzenailstore.com\/sk\/wp-json\/wp\/v2\/pwb-brand?post=7696"},{"taxonomy":"product_brand","embeddable":true,"href":"https:\/\/mikeladzenailstore.com\/sk\/wp-json\/wp\/v2\/product_brand?post=7696"},{"taxonomy":"product_cat","embeddable":true,"href":"https:\/\/mikeladzenailstore.com\/sk\/wp-json\/wp\/v2\/product_cat?post=7696"},{"taxonomy":"product_tag","embeddable":true,"href":"https:\/\/mikeladzenailstore.com\/sk\/wp-json\/wp\/v2\/product_tag?post=7696"},{"taxonomy":"berocket_brand","embeddable":true,"href":"https:\/\/mikeladzenailstore.com\/sk\/wp-json\/wp\/v2\/berocket_brand?post=7696"}],"curies":[{"name":"wp","href":"https:\/\/api.w.org\/{rel}","templated":true}]}}