{"id":7705,"date":"2025-11-15T12:10:21","date_gmt":"2025-11-15T12:10:21","guid":{"rendered":"https:\/\/mikeladzenailstore.com\/p\/nitrilove-rukavice-ruzove-m-100-ks\/"},"modified":"2026-03-30T10:23:49","modified_gmt":"2026-03-30T10:23:49","slug":"nitrilove-rukavice-ruzove-m-100-ks","status":"publish","type":"product","link":"https:\/\/mikeladzenailstore.com\/sk\/produkt\/nitrilove-rukavice-ruzove-m-100-ks\/","title":{"rendered":"Nitrilov\u00e9 rukavice perletove r\u016f\u017eov\u00e9 M 100 ks"},"content":{"rendered":"<ul>\n<li>Siln\u00e9 nitrilov\u00e9 rukavice pro n\u00e1ro\u010dn\u00e9 \u010dinnosti<\/li>\n<li>Zdrsn\u011bn\u00fd povrch cel\u00e9 rukavice pro lep\u0161\u00ed \u00fachop a citlivost<\/li>\n<li>Velmi p\u0159\u00edjemn\u011b se nos\u00ed a nezp\u016fsobuj\u00ed alergick\u00e9 reakce<\/li>\n<li>Vnit\u0159n\u00ed povrchov\u00e1 \u00faprava pro rychl\u00e9 a snadn\u00e9 nasazen\u00ed<\/li>\n<li>Zv\u00fd\u0161en\u00e1 odolnost proti mnoha chemick\u00fdm l\u00e1tk\u00e1m<\/li>\n<\/ul>\n","protected":false},"excerpt":{"rendered":"<p>Siln\u00e9 nitrilov\u00e9 rukavice pro n\u00e1ro\u010dn\u00e9 \u010dinnosti Zdrsn\u011bn\u00fd povrch cel\u00e9 rukavice pro lep\u0161\u00ed \u00fachop a citlivost Velmi p\u0159\u00edjemn\u011b se nos\u00ed a nezp\u016fsobuj\u00ed alergick\u00e9 reakce Vnit\u0159n\u00ed povrchov\u00e1 \u00faprava pro rychl\u00e9 a snadn\u00e9 nasazen\u00ed Zv\u00fd\u0161en\u00e1 odolnost proti mnoha chemick\u00fdm l\u00e1tk\u00e1m<\/p>\n","protected":false},"featured_media":5210,"comment_status":"open","ping_status":"closed","template":"","meta":[],"pwb-brand":[],"product_brand":[],"product_cat":[724,496],"product_tag":[],"berocket_brand":[727],"class_list":{"0":"post-7705","1":"product","2":"type-product","3":"status-publish","4":"has-post-thumbnail","6":"product_cat-rukavice","7":"product_cat-bestseller","8":"berocket_brand-esoeon","10":"first","11":"outofstock","12":"taxable","13":"shipping-taxable","14":"purchasable","15":"product-type-variable"},"acf":[],"brands":[],"_links":{"self":[{"href":"https:\/\/mikeladzenailstore.com\/sk\/wp-json\/wp\/v2\/product\/7705","targetHints":{"allow":["GET"]}}],"collection":[{"href":"https:\/\/mikeladzenailstore.com\/sk\/wp-json\/wp\/v2\/product"}],"about":[{"href":"https:\/\/mikeladzenailstore.com\/sk\/wp-json\/wp\/v2\/types\/product"}],"replies":[{"embeddable":true,"href":"https:\/\/mikeladzenailstore.com\/sk\/wp-json\/wp\/v2\/comments?post=7705"}],"version-history":[{"count":0,"href":"https:\/\/mikeladzenailstore.com\/sk\/wp-json\/wp\/v2\/product\/7705\/revisions"}],"wp:featuredmedia":[{"embeddable":true,"href":"https:\/\/mikeladzenailstore.com\/sk\/wp-json\/wp\/v2\/media\/5210"}],"wp:attachment":[{"href":"https:\/\/mikeladzenailstore.com\/sk\/wp-json\/wp\/v2\/media?parent=7705"}],"wp:term":[{"taxonomy":"pwb-brand","embeddable":true,"href":"https:\/\/mikeladzenailstore.com\/sk\/wp-json\/wp\/v2\/pwb-brand?post=7705"},{"taxonomy":"product_brand","embeddable":true,"href":"https:\/\/mikeladzenailstore.com\/sk\/wp-json\/wp\/v2\/product_brand?post=7705"},{"taxonomy":"product_cat","embeddable":true,"href":"https:\/\/mikeladzenailstore.com\/sk\/wp-json\/wp\/v2\/product_cat?post=7705"},{"taxonomy":"product_tag","embeddable":true,"href":"https:\/\/mikeladzenailstore.com\/sk\/wp-json\/wp\/v2\/product_tag?post=7705"},{"taxonomy":"berocket_brand","embeddable":true,"href":"https:\/\/mikeladzenailstore.com\/sk\/wp-json\/wp\/v2\/berocket_brand?post=7705"}],"curies":[{"name":"wp","href":"https:\/\/api.w.org\/{rel}","templated":true}]}}