{"id":7714,"date":"2025-11-15T12:10:12","date_gmt":"2025-11-15T12:10:12","guid":{"rendered":"https:\/\/mikeladzenailstore.com\/p\/vysoce-kvalitni-brusivo-180-grit-10-kusu\/"},"modified":"2025-11-15T12:10:12","modified_gmt":"2025-11-15T12:10:12","slug":"vysoce-kvalitni-brusivo-180-grit-10-kusu","status":"publish","type":"product","link":"https:\/\/mikeladzenailstore.com\/sk\/produkt\/vysoce-kvalitni-brusivo-180-grit-10-kusu\/","title":{"rendered":"Vysoce kvalitn\u00ed brusivo 180 grit 10 kusu"},"content":{"rendered":"<p>Vysoce kvalitn\u00ed brusivo od japonsk\u00e9ho v\u00fdrobce JAPAN quality. Je m\u011bkk\u00e9 a z\u00e1rove\u0148 ur\u010deno pro dlouhou pr\u00e1ci.<br \/>Je na p\u011bnov\u00e9m podkladu. Nezanech\u00e1v\u00e1 na podkladu lepiv\u00fd povlak.<\/p>\n<p>&nbsp;<\/p>\n<p>Abrazivitu 180 m\u00e1 univerz\u00e1ln\u00ed brusivo, kter\u00e9 je vhodn\u00e9 pro pilov\u00e1n\u00ed v\u0161ech typ\u016f pokryt\u00ed.<br \/>V\u0161echna brusiva maj\u00ed vysokou odolnost proti nam\u00e1h\u00e1n\u00ed a neucp\u00e1vaj\u00ed se d\u00edky patentovan\u00e9mu n\u00e1st\u0159iku.<\/p>\n","protected":false},"excerpt":{"rendered":"<p>Vysoce kvalitn\u00ed brusivo od japonsk\u00e9ho v\u00fdrobce JAPAN quality. Je m\u011bkk\u00e9 a z\u00e1rove\u0148 ur\u010deno pro dlouhou pr\u00e1ci.Je na p\u011bnov\u00e9m podkladu. Nezanech\u00e1v\u00e1 na podkladu lepiv\u00fd povlak. &nbsp; Abrazivitu 180 m\u00e1 univerz\u00e1ln\u00ed brusivo, kter\u00e9 je vhodn\u00e9 pro pilov\u00e1n\u00ed v\u0161ech typ\u016f pokryt\u00ed.V\u0161echna brusiva maj\u00ed vysokou odolnost proti nam\u00e1h\u00e1n\u00ed a neucp\u00e1vaj\u00ed se d\u00edky patentovan\u00e9mu n\u00e1st\u0159iku.<\/p>\n","protected":false},"featured_media":5187,"comment_status":"open","ping_status":"open","template":"","meta":[],"pwb-brand":[],"product_brand":[],"product_cat":[505],"product_tag":[],"berocket_brand":[],"class_list":{"0":"post-7714","1":"product","2":"type-product","3":"status-publish","4":"has-post-thumbnail","6":"product_cat-brusiva","8":"first","9":"outofstock","10":"taxable","11":"shipping-taxable","12":"purchasable","13":"product-type-simple"},"acf":[],"brands":[],"_links":{"self":[{"href":"https:\/\/mikeladzenailstore.com\/sk\/wp-json\/wp\/v2\/product\/7714","targetHints":{"allow":["GET"]}}],"collection":[{"href":"https:\/\/mikeladzenailstore.com\/sk\/wp-json\/wp\/v2\/product"}],"about":[{"href":"https:\/\/mikeladzenailstore.com\/sk\/wp-json\/wp\/v2\/types\/product"}],"replies":[{"embeddable":true,"href":"https:\/\/mikeladzenailstore.com\/sk\/wp-json\/wp\/v2\/comments?post=7714"}],"version-history":[{"count":0,"href":"https:\/\/mikeladzenailstore.com\/sk\/wp-json\/wp\/v2\/product\/7714\/revisions"}],"wp:featuredmedia":[{"embeddable":true,"href":"https:\/\/mikeladzenailstore.com\/sk\/wp-json\/wp\/v2\/media\/5187"}],"wp:attachment":[{"href":"https:\/\/mikeladzenailstore.com\/sk\/wp-json\/wp\/v2\/media?parent=7714"}],"wp:term":[{"taxonomy":"pwb-brand","embeddable":true,"href":"https:\/\/mikeladzenailstore.com\/sk\/wp-json\/wp\/v2\/pwb-brand?post=7714"},{"taxonomy":"product_brand","embeddable":true,"href":"https:\/\/mikeladzenailstore.com\/sk\/wp-json\/wp\/v2\/product_brand?post=7714"},{"taxonomy":"product_cat","embeddable":true,"href":"https:\/\/mikeladzenailstore.com\/sk\/wp-json\/wp\/v2\/product_cat?post=7714"},{"taxonomy":"product_tag","embeddable":true,"href":"https:\/\/mikeladzenailstore.com\/sk\/wp-json\/wp\/v2\/product_tag?post=7714"},{"taxonomy":"berocket_brand","embeddable":true,"href":"https:\/\/mikeladzenailstore.com\/sk\/wp-json\/wp\/v2\/berocket_brand?post=7714"}],"curies":[{"name":"wp","href":"https:\/\/api.w.org\/{rel}","templated":true}]}}