{"id":7724,"date":"2025-11-15T12:10:12","date_gmt":"2025-11-15T12:10:12","guid":{"rendered":"https:\/\/mikeladzenailstore.com\/p\/staleks-expert-11-1-nuzky-na-kuzicku-pro-levaky-18-mm\/"},"modified":"2026-01-11T12:15:57","modified_gmt":"2026-01-11T12:15:57","slug":"staleks-expert-11-1-nuzky-na-kuzicku-pro-levaky-18-mm","status":"publish","type":"product","link":"https:\/\/mikeladzenailstore.com\/sk\/produkt\/staleks-expert-11-1-nuzky-na-kuzicku-pro-levaky-18-mm\/","title":{"rendered":"Staleks Expert  11\/1 N\u016e\u017dKY NA K\u016e\u017dI\u010cKU PRO LEV\u00c1KY, 18 MM"},"content":{"rendered":"<ul>\n<li>Navr\u017eeno speci\u00e1ln\u011b pro lev\u00e1ky, aby bylo zaji\u0161t\u011bno pohodln\u00e9 dr\u017een\u00ed, p\u0159esnost a ergonomie.\n<ul>\n<li>Jasn\u00fd p\u0159ehled o linii st\u0159ihu d\u00edky designu pro lev\u00e1ky.<\/li>\n<li>Snadn\u00fd p\u0159\u00edstup ke k\u016f\u017ei\u010dce d\u00edky tenk\u00fdm a \u00fazk\u00fdm \u010depel\u00edm.<\/li>\n<li>Klasick\u00fd zak\u0159iven\u00fd tvar \u010depel\u00ed.<\/li>\n<li>\u010cist\u00fd a p\u0159esn\u00fd st\u0159ih d\u00edky profesion\u00e1ln\u00edmu ru\u010dn\u00edmu brou\u0161en\u00ed ost\u0159\u00ed.<\/li>\n<li>Le\u0161t\u011bn\u00e1 zadn\u00ed strana \u010depele zabra\u0148uje poran\u011bn\u00ed nehtov\u00e9 plot\u00e9nky.<\/li>\n<li>Zkr\u00e1cen\u00e9 rukojeti.<\/li>\n<li>Standardn\u00ed otvory pro prsty.<\/li>\n<li>Sn\u00ed\u017een\u00e1 \u00fanava d\u00edky hladk\u00e9mu a plynul\u00e9mu chodu.<\/li>\n<li>Bezchybn\u00fd povrch zaji\u0161\u0165uje p\u0159\u00edjemn\u00fd hmatov\u00fd pocit a poskytuje zv\u00fd\u0161enou odolnost proti korozi.<\/li>\n<li>Nerezov\u00e1 ocel AISI 420.<\/li>\n<\/ul>\n<\/li>\n<\/ul>\n","protected":false},"excerpt":{"rendered":"<p>Navr\u017eeno speci\u00e1ln\u011b pro lev\u00e1ky, aby bylo zaji\u0161t\u011bno pohodln\u00e9 dr\u017een\u00ed, p\u0159esnost a ergonomie. Jasn\u00fd p\u0159ehled o linii st\u0159ihu d\u00edky designu pro lev\u00e1ky. Snadn\u00fd p\u0159\u00edstup ke k\u016f\u017ei\u010dce d\u00edky tenk\u00fdm a \u00fazk\u00fdm \u010depel\u00edm. Klasick\u00fd zak\u0159iven\u00fd tvar \u010depel\u00ed. \u010cist\u00fd a p\u0159esn\u00fd st\u0159ih d\u00edky profesion\u00e1ln\u00edmu ru\u010dn\u00edmu brou\u0161en\u00ed ost\u0159\u00ed. Le\u0161t\u011bn\u00e1 zadn\u00ed strana \u010depele zabra\u0148uje poran\u011bn\u00ed nehtov\u00e9 plot\u00e9nky. Zkr\u00e1cen\u00e9 rukojeti. Standardn\u00ed otvory [&hellip;]<\/p>\n","protected":false},"featured_media":5193,"comment_status":"open","ping_status":"closed","template":"","meta":[],"pwb-brand":[],"product_brand":[],"product_cat":[684],"product_tag":[],"berocket_brand":[436],"class_list":{"0":"post-7724","1":"product","2":"type-product","3":"status-publish","4":"has-post-thumbnail","6":"product_cat-manikurni-nuzky","7":"berocket_brand-staleks","9":"first","10":"instock","11":"taxable","12":"shipping-taxable","13":"purchasable","14":"product-type-simple"},"acf":[],"brands":[],"_links":{"self":[{"href":"https:\/\/mikeladzenailstore.com\/sk\/wp-json\/wp\/v2\/product\/7724","targetHints":{"allow":["GET"]}}],"collection":[{"href":"https:\/\/mikeladzenailstore.com\/sk\/wp-json\/wp\/v2\/product"}],"about":[{"href":"https:\/\/mikeladzenailstore.com\/sk\/wp-json\/wp\/v2\/types\/product"}],"replies":[{"embeddable":true,"href":"https:\/\/mikeladzenailstore.com\/sk\/wp-json\/wp\/v2\/comments?post=7724"}],"version-history":[{"count":0,"href":"https:\/\/mikeladzenailstore.com\/sk\/wp-json\/wp\/v2\/product\/7724\/revisions"}],"wp:featuredmedia":[{"embeddable":true,"href":"https:\/\/mikeladzenailstore.com\/sk\/wp-json\/wp\/v2\/media\/5193"}],"wp:attachment":[{"href":"https:\/\/mikeladzenailstore.com\/sk\/wp-json\/wp\/v2\/media?parent=7724"}],"wp:term":[{"taxonomy":"pwb-brand","embeddable":true,"href":"https:\/\/mikeladzenailstore.com\/sk\/wp-json\/wp\/v2\/pwb-brand?post=7724"},{"taxonomy":"product_brand","embeddable":true,"href":"https:\/\/mikeladzenailstore.com\/sk\/wp-json\/wp\/v2\/product_brand?post=7724"},{"taxonomy":"product_cat","embeddable":true,"href":"https:\/\/mikeladzenailstore.com\/sk\/wp-json\/wp\/v2\/product_cat?post=7724"},{"taxonomy":"product_tag","embeddable":true,"href":"https:\/\/mikeladzenailstore.com\/sk\/wp-json\/wp\/v2\/product_tag?post=7724"},{"taxonomy":"berocket_brand","embeddable":true,"href":"https:\/\/mikeladzenailstore.com\/sk\/wp-json\/wp\/v2\/berocket_brand?post=7724"}],"curies":[{"name":"wp","href":"https:\/\/api.w.org\/{rel}","templated":true}]}}