{"id":7749,"date":"2025-11-15T12:09:59","date_gmt":"2025-11-15T12:09:59","guid":{"rendered":"https:\/\/mikeladzenailstore.com\/p\/gel-lak-art-pop-175-jz-nails-group-8-ml\/"},"modified":"2026-03-26T20:36:27","modified_gmt":"2026-03-26T20:36:27","slug":"gel-lak-art-pop-175-jz-nails-group-8-ml","status":"publish","type":"product","link":"https:\/\/mikeladzenailstore.com\/sk\/produkt\/gel-lak-art-pop-175-jz-nails-group-8-ml\/","title":{"rendered":"Gel lak &#8222;Art pop&#8220; 175 JZ Nails Group"},"content":{"rendered":"<p>Barevn\u00e9 gel laky JZ Nails Group jsou evropsk\u00e9 kvality a nejlep\u0161\u00edch barviv. &nbsp;Vysoce pigmentovan\u00e9 gel laky st\u0159edn\u00ed viskozity jsou hybridem gelov\u00e9 barvy a gel laku. &nbsp;Vrstvi se do jedn\u00e9 bezchybn\u00e9 vrstvy.<\/p>\n","protected":false},"excerpt":{"rendered":"<p>Barevn\u00e9 gel laky JZ Nails Group jsou evropsk\u00e9 kvality a nejlep\u0161\u00edch barviv. &nbsp;Vysoce pigmentovan\u00e9 gel laky st\u0159edn\u00ed viskozity jsou hybridem gelov\u00e9 barvy a gel laku. &nbsp;Vrstvi se do jedn\u00e9 bezchybn\u00e9 vrstvy.<\/p>\n","protected":false},"featured_media":5176,"comment_status":"open","ping_status":"closed","template":"","meta":[],"pwb-brand":[],"product_brand":[],"product_cat":[676],"product_tag":[],"berocket_brand":[557],"class_list":{"0":"post-7749","1":"product","2":"type-product","3":"status-publish","4":"has-post-thumbnail","6":"product_cat-gel-polish-jz-nails-group","7":"berocket_brand-jz-nails-group","9":"first","10":"instock","11":"taxable","12":"shipping-taxable","13":"purchasable","14":"product-type-simple"},"acf":[],"brands":[],"_links":{"self":[{"href":"https:\/\/mikeladzenailstore.com\/sk\/wp-json\/wp\/v2\/product\/7749","targetHints":{"allow":["GET"]}}],"collection":[{"href":"https:\/\/mikeladzenailstore.com\/sk\/wp-json\/wp\/v2\/product"}],"about":[{"href":"https:\/\/mikeladzenailstore.com\/sk\/wp-json\/wp\/v2\/types\/product"}],"replies":[{"embeddable":true,"href":"https:\/\/mikeladzenailstore.com\/sk\/wp-json\/wp\/v2\/comments?post=7749"}],"version-history":[{"count":0,"href":"https:\/\/mikeladzenailstore.com\/sk\/wp-json\/wp\/v2\/product\/7749\/revisions"}],"wp:featuredmedia":[{"embeddable":true,"href":"https:\/\/mikeladzenailstore.com\/sk\/wp-json\/wp\/v2\/media\/5176"}],"wp:attachment":[{"href":"https:\/\/mikeladzenailstore.com\/sk\/wp-json\/wp\/v2\/media?parent=7749"}],"wp:term":[{"taxonomy":"pwb-brand","embeddable":true,"href":"https:\/\/mikeladzenailstore.com\/sk\/wp-json\/wp\/v2\/pwb-brand?post=7749"},{"taxonomy":"product_brand","embeddable":true,"href":"https:\/\/mikeladzenailstore.com\/sk\/wp-json\/wp\/v2\/product_brand?post=7749"},{"taxonomy":"product_cat","embeddable":true,"href":"https:\/\/mikeladzenailstore.com\/sk\/wp-json\/wp\/v2\/product_cat?post=7749"},{"taxonomy":"product_tag","embeddable":true,"href":"https:\/\/mikeladzenailstore.com\/sk\/wp-json\/wp\/v2\/product_tag?post=7749"},{"taxonomy":"berocket_brand","embeddable":true,"href":"https:\/\/mikeladzenailstore.com\/sk\/wp-json\/wp\/v2\/berocket_brand?post=7749"}],"curies":[{"name":"wp","href":"https:\/\/api.w.org\/{rel}","templated":true}]}}