{"id":7761,"date":"2025-11-15T12:09:59","date_gmt":"2025-11-15T12:09:59","guid":{"rendered":"https:\/\/mikeladzenailstore.com\/p\/oil-hydration-iq-podo-50-ml\/"},"modified":"2026-01-26T19:53:39","modified_gmt":"2026-01-26T19:53:39","slug":"oil-hydration-iq-podo-50-ml","status":"publish","type":"product","link":"https:\/\/mikeladzenailstore.com\/sk\/produkt\/oil-hydration-iq-podo-50-ml\/","title":{"rendered":"Oil Hydration IQ Podo 50 ml"},"content":{"rendered":"<p>Regenera\u010dn\u00ed obnovuj\u00edc\u00ed hydrofiln\u00ed olej, kter\u00fd obsahuje v\u00edce ne\u017e 10 molekul\u00e1rn\u00edch olej\u016f. D\u00edky sv\u00e9mu unik\u00e1tn\u00edmu slo\u017een\u00ed je doporu\u010den pro p\u00e9\u010di a o\u0161et\u0159en\u00ed citliv\u00e9, ekz\u00e9mov\u00e9, xer\u00f3zn\u00ed poko\u017eky, poko\u017eky se sklonem k seboroick\u00e9 dermatitid\u011b, prasklin\u00e1m a dokonce i akn\u00e9.<\/p>\n<p>Hlavn\u00ed oleje ve slo\u017een\u00ed:<\/p>\n<p>\u2022 Avok\u00e1dov\u00fd olej \u2013 antioxidant, zm\u011bk\u010duje poko\u017eku a p\u016fsob\u00ed protiz\u00e1n\u011btliv\u011b. Pom\u00e1h\u00e1 udr\u017eovat hydrataci a minimalizuje po\u0161kozen\u00ed voln\u00fdmi radik\u00e1ly. Hypoalergenn\u00ed, doporu\u010den\u00fd pro poko\u017eku s dermatitidou, ekz\u00e9my a lup\u00e9nkou.<\/p>\n<p>\u2022 Jojobov\u00fd olej (ve skute\u010dnosti vosk) \u2013 posiluje mezibun\u011b\u010dn\u00e9 vazby a \u201euzamyk\u00e1\u201c vlhkost v poko\u017ece, p\u016fsob\u00ed jako kondicion\u00e9r.<\/p>\n<p>\u2022 Olej z citronov\u00e9 k\u016fry \u2013 m\u00e1 antiseboroick\u00e9 \u00fa\u010dinky, jemn\u011b exfoliuje, rozjas\u0148uje poko\u017eku a pom\u00e1h\u00e1 v boji s akn\u00e9.<\/p>\n<p>\u2022 Bergamotov\u00fd olej \u2013 siln\u00e9 protiz\u00e1n\u011btliv\u00e9, dezodora\u010dn\u00ed a toniza\u010dn\u00ed vlastnosti, urychluje hojen\u00ed ran.<\/p>\n<p>\u2022 Olej z brazilsk\u00e9ho o\u0159echu \u2013 bohat\u00fd na mastn\u00e9 kyseliny a vitaminy A, C, E; vy\u017eivuje a zjem\u0148uje vlasy, posiluje nehty d\u00edky obsahu selenu a olejov\u00fdch kyselin.<\/p>\n<p>\u2022 \u00c9terick\u00fd olej z cedru \u2013 m\u00e1 fungicidn\u00ed vlastnosti, zklid\u0148uje z\u00e1n\u011bty, p\u016fsob\u00ed proti lup\u016fm.<\/p>\n<p>\u2022 \u0160\u00edpkov\u00fd olej \u2013 zdroj vitam\u00ednu C, bohat\u00fd na nenasycen\u00e9 mastn\u00e9 kyseliny (vitam\u00edn F), zpev\u0148uje bun\u011b\u010dn\u00e9 struktury a podporuje regeneraci poko\u017eky.<\/p>\n<p>\u2022 Olej z palmar\u00f3zy \u2013 antifung\u00e1ln\u00ed, baktericidn\u00ed a antioxida\u010dn\u00ed \u00fa\u010dinky, hoj\u00ed jizvy, akn\u00e9 i seboroickou dermatitidu.<\/p>\n<p>OILHYDRATION:<\/p>\n<p>\u2022 Ur Acceleruje hojen\u00ed prasklin a ran<\/p>\n<p>\u2022 Zmen\u0161uje viditelnost jizev a stri\u00ed<\/p>\n<p>\u2022 Bojuje proti z\u00e1n\u011bt\u016fm poko\u017eky<\/p>\n<p>\u2022 Zklid\u0148uje zarudnut\u00ed<\/p>\n<p>\u2022 Regeneruje poko\u017eku<\/p>\n<p>\u2022 Kondicionuje a obnovuje nehty i vlasy<\/p>\n<p>\u2022 Uzamyk\u00e1 vlhkost v kutikule vlasu, dod\u00e1v\u00e1 lesk<\/p>\n<p>\u2022 Ide\u00e1ln\u00ed p\u0159i pedik\u00fa\u0159e, o\u0161et\u0159en\u00ed chodidel, prasklin, neht\u016f po resekc\u00edch<\/p>\n<p>\u2022 V mal\u00e9m objemu vhodn\u00fd pro ka\u017edodenn\u00ed p\u00e9\u010di o poko\u017eku, vlasy i nehty<\/p>\n<p>\u2022 Chr\u00e1n\u00ed transepiderm\u00e1ln\u00ed bari\u00e9ru poko\u017eky<\/p>\n<p>POU\u017dIT\u00cd:<\/p>\n<p>PLE\u0164:<\/p>\n<p>Na p\u0159edem vy\u010di\u0161t\u011bnou poko\u017eku naneste n\u011bkolik kapek oleje do dlan\u00ed, jemn\u011b vmas\u00edrujte do obli\u010deje. P\u0159idejte trochu vody a pokra\u010dujte v mas\u00e1\u017ei. Opl\u00e1chn\u011bte teplou vodou.<\/p>\n<p>Mo\u017eno p\u0159idat do s\u00e9r \u010di kr\u00e9m\u016f.<\/p>\n<p>VLASY:<\/p>\n<p>Aplikujte na such\u00e9 po\u0161kozen\u00e9 vlasy 20 min p\u0159ed myt\u00edm.<\/p>\n<p>Na mokr\u00e9, umyt\u00e9 vlasy \u2013 vet\u0159ete olej, roz\u010de\u0161te a usu\u0161te.<\/p>\n<p>Mo\u017eno p\u0159im\u00edchat do kondicion\u00e9ru nebo masky.<\/p>\n<p>P\u0159i seboroick\u00e9 dermatitid\u011b \u2013 naneste p\u0159\u00edmo na posti\u017een\u00e9 m\u00edsto nebo do masky.<\/p>\n<p>T\u011aLO:<\/p>\n<p>Po spr\u0161e naneste na vlhkou poko\u017eku (strie, jizvy, such\u00e1 m\u00edsta) a mas\u00edrujte a\u017e do \u00fapln\u00e9ho vst\u0159eb\u00e1n\u00ed.<\/p>\n<p>Na po\u0161kozen\u00e1 m\u00edsta aplikujte mas\u00e1\u017en\u00edmi pohyby.<\/p>\n<p>NEHTY:<\/p>\n<p>Denn\u011b k\u00e1pn\u011bte kapku na nehtovou k\u016f\u017ei\u010dku a vmas\u00edrujte do nehtu a okoln\u00ed poko\u017eky.<\/p>\n<p>P\u0159i o\u0161et\u0159en\u00ed po resekci onychol\u00fdzy \u2013 aplikujte jednou denn\u011b na vy\u010di\u0161t\u011bn\u00e9 m\u00edsto.<\/p>\n<p>PEDIK\u00daRA:<\/p>\n<p>Na o\u0161et\u0159enou poko\u017eku chodidla naneste n\u011bkolik kapek, pou\u017eijte podo-houbi\u010dku k zale\u0161t\u011bn\u00ed. Pot\u00e9 p\u0159idejte mal\u00e9 mno\u017estv\u00ed vody a pokra\u010dujte mas\u00e1\u017e\u00ed.<\/p>\n<p>RTY:<\/p>\n<p>P\u0159i podr\u00e1\u017ed\u011bn\u00ed \u010di popraskan\u00fdch rtech aplikujte kapku oleje.<\/p>\n<p>Slo\u017een\u00ed:<\/p>\n<p>OLEA EUROPAEA FRUIT OIL, Fragrance\/Parfum (Citrusov\u00fd mix), PERSEA GRATISSIMA OIL, LINALYL ACETATE, SIMMONDSIA CHINENSIS SEED OIL, LINALOOL.<\/p>\n","protected":false},"excerpt":{"rendered":"<p>Regenera\u010dn\u00ed obnovuj\u00edc\u00ed hydrofiln\u00ed olej, kter\u00fd obsahuje v\u00edce ne\u017e 10 molekul\u00e1rn\u00edch olej\u016f. D\u00edky sv\u00e9mu unik\u00e1tn\u00edmu slo\u017een\u00ed je doporu\u010den pro p\u00e9\u010di a o\u0161et\u0159en\u00ed citliv\u00e9, ekz\u00e9mov\u00e9, xer\u00f3zn\u00ed poko\u017eky, poko\u017eky se sklonem k seboroick\u00e9 dermatitid\u011b, prasklin\u00e1m a dokonce i akn\u00e9. Hlavn\u00ed oleje ve slo\u017een\u00ed: \u2022 Avok\u00e1dov\u00fd olej \u2013 antioxidant, zm\u011bk\u010duje poko\u017eku a p\u016fsob\u00ed protiz\u00e1n\u011btliv\u011b. Pom\u00e1h\u00e1 udr\u017eovat hydrataci a minimalizuje [&hellip;]<\/p>\n","protected":false},"featured_media":5184,"comment_status":"open","ping_status":"closed","template":"","meta":[],"pwb-brand":[],"product_brand":[],"product_cat":[205],"product_tag":[],"berocket_brand":[557],"class_list":{"0":"post-7761","1":"product","2":"type-product","3":"status-publish","4":"has-post-thumbnail","6":"product_cat-pedikura","7":"berocket_brand-jz-nails-group","9":"first","10":"instock","11":"taxable","12":"shipping-taxable","13":"purchasable","14":"product-type-simple"},"acf":[],"brands":[],"_links":{"self":[{"href":"https:\/\/mikeladzenailstore.com\/sk\/wp-json\/wp\/v2\/product\/7761","targetHints":{"allow":["GET"]}}],"collection":[{"href":"https:\/\/mikeladzenailstore.com\/sk\/wp-json\/wp\/v2\/product"}],"about":[{"href":"https:\/\/mikeladzenailstore.com\/sk\/wp-json\/wp\/v2\/types\/product"}],"replies":[{"embeddable":true,"href":"https:\/\/mikeladzenailstore.com\/sk\/wp-json\/wp\/v2\/comments?post=7761"}],"version-history":[{"count":0,"href":"https:\/\/mikeladzenailstore.com\/sk\/wp-json\/wp\/v2\/product\/7761\/revisions"}],"wp:featuredmedia":[{"embeddable":true,"href":"https:\/\/mikeladzenailstore.com\/sk\/wp-json\/wp\/v2\/media\/5184"}],"wp:attachment":[{"href":"https:\/\/mikeladzenailstore.com\/sk\/wp-json\/wp\/v2\/media?parent=7761"}],"wp:term":[{"taxonomy":"pwb-brand","embeddable":true,"href":"https:\/\/mikeladzenailstore.com\/sk\/wp-json\/wp\/v2\/pwb-brand?post=7761"},{"taxonomy":"product_brand","embeddable":true,"href":"https:\/\/mikeladzenailstore.com\/sk\/wp-json\/wp\/v2\/product_brand?post=7761"},{"taxonomy":"product_cat","embeddable":true,"href":"https:\/\/mikeladzenailstore.com\/sk\/wp-json\/wp\/v2\/product_cat?post=7761"},{"taxonomy":"product_tag","embeddable":true,"href":"https:\/\/mikeladzenailstore.com\/sk\/wp-json\/wp\/v2\/product_tag?post=7761"},{"taxonomy":"berocket_brand","embeddable":true,"href":"https:\/\/mikeladzenailstore.com\/sk\/wp-json\/wp\/v2\/berocket_brand?post=7761"}],"curies":[{"name":"wp","href":"https:\/\/api.w.org\/{rel}","templated":true}]}}