{"id":7764,"date":"2025-11-15T12:09:59","date_gmt":"2025-11-15T12:09:59","guid":{"rendered":"https:\/\/mikeladzenailstore.com\/p\/magic-buff-jz-nails-group\/"},"modified":"2025-11-15T12:09:59","modified_gmt":"2025-11-15T12:09:59","slug":"magic-buff-jz-nails-group","status":"publish","type":"product","link":"https:\/\/mikeladzenailstore.com\/sk\/produkt\/magic-buff-jz-nails-group\/","title":{"rendered":"Magic buff JZ Nails Group"},"content":{"rendered":"<p>MEGIC SPONGE buff m\u00e1 nejuniverz\u00e1ln\u011bj\u0161\u00ed tvar (obd\u00e9ln\u00edku) a je vysoce kvalitn\u00ed. Slou\u017e\u00ed pro povrchov\u00e9 le\u0161t\u011bn\u00ed po pilov\u00e1n\u00ed a k p\u0159\u00edprav\u011b neht\u016f p\u0159ed lakov\u00e1n\u00edm.<\/p>\n<p>&nbsp;<\/p>\n<p>Vysoce kvalitn\u00ed le\u0161ti\u010dkou je piln\u00edk, kter\u00fd umo\u017e\u0148uje dos\u00e1hnout ide\u00e1ln\u00edho lesku nehtov\u00e9 plot\u00e9nky v technice le\u0161t\u011bn\u00ed a pe\u010det\u011bn\u00ed.<br \/>Funguje bez dal\u0161\u00edch le\u0161t\u00edc\u00edch slo\u017eek, proto\u017ee le\u0161t\u00edc\u00ed kapalina je ji\u017e sou\u010d\u00e1st\u00ed povrchu  <br \/>Nepodl\u00e9haj\u00ed dezinfekci (jsou pro &nbsp;jednor\u00e1zov\u00e9 pou\u017eit\u00ed)<\/p>\n<p>&nbsp;<\/p>\n","protected":false},"excerpt":{"rendered":"<p>MEGIC SPONGE buff m\u00e1 nejuniverz\u00e1ln\u011bj\u0161\u00ed tvar (obd\u00e9ln\u00edku) a je vysoce kvalitn\u00ed. Slou\u017e\u00ed pro povrchov\u00e9 le\u0161t\u011bn\u00ed po pilov\u00e1n\u00ed a k p\u0159\u00edprav\u011b neht\u016f p\u0159ed lakov\u00e1n\u00edm. &nbsp; Vysoce kvalitn\u00ed le\u0161ti\u010dkou je piln\u00edk, kter\u00fd umo\u017e\u0148uje dos\u00e1hnout ide\u00e1ln\u00edho lesku nehtov\u00e9 plot\u00e9nky v technice le\u0161t\u011bn\u00ed a pe\u010det\u011bn\u00ed.Funguje bez dal\u0161\u00edch le\u0161t\u00edc\u00edch slo\u017eek, proto\u017ee le\u0161t\u00edc\u00ed kapalina je ji\u017e sou\u010d\u00e1st\u00ed povrchu Nepodl\u00e9haj\u00ed dezinfekci (jsou [&hellip;]<\/p>\n","protected":false},"featured_media":5185,"comment_status":"open","ping_status":"closed","template":"","meta":[],"pwb-brand":[],"product_brand":[],"product_cat":[505],"product_tag":[],"berocket_brand":[],"class_list":{"0":"post-7764","1":"product","2":"type-product","3":"status-publish","4":"has-post-thumbnail","6":"product_cat-brusiva","8":"first","9":"instock","10":"taxable","11":"shipping-taxable","12":"purchasable","13":"product-type-simple"},"acf":[],"brands":[],"_links":{"self":[{"href":"https:\/\/mikeladzenailstore.com\/sk\/wp-json\/wp\/v2\/product\/7764","targetHints":{"allow":["GET"]}}],"collection":[{"href":"https:\/\/mikeladzenailstore.com\/sk\/wp-json\/wp\/v2\/product"}],"about":[{"href":"https:\/\/mikeladzenailstore.com\/sk\/wp-json\/wp\/v2\/types\/product"}],"replies":[{"embeddable":true,"href":"https:\/\/mikeladzenailstore.com\/sk\/wp-json\/wp\/v2\/comments?post=7764"}],"version-history":[{"count":0,"href":"https:\/\/mikeladzenailstore.com\/sk\/wp-json\/wp\/v2\/product\/7764\/revisions"}],"wp:featuredmedia":[{"embeddable":true,"href":"https:\/\/mikeladzenailstore.com\/sk\/wp-json\/wp\/v2\/media\/5185"}],"wp:attachment":[{"href":"https:\/\/mikeladzenailstore.com\/sk\/wp-json\/wp\/v2\/media?parent=7764"}],"wp:term":[{"taxonomy":"pwb-brand","embeddable":true,"href":"https:\/\/mikeladzenailstore.com\/sk\/wp-json\/wp\/v2\/pwb-brand?post=7764"},{"taxonomy":"product_brand","embeddable":true,"href":"https:\/\/mikeladzenailstore.com\/sk\/wp-json\/wp\/v2\/product_brand?post=7764"},{"taxonomy":"product_cat","embeddable":true,"href":"https:\/\/mikeladzenailstore.com\/sk\/wp-json\/wp\/v2\/product_cat?post=7764"},{"taxonomy":"product_tag","embeddable":true,"href":"https:\/\/mikeladzenailstore.com\/sk\/wp-json\/wp\/v2\/product_tag?post=7764"},{"taxonomy":"berocket_brand","embeddable":true,"href":"https:\/\/mikeladzenailstore.com\/sk\/wp-json\/wp\/v2\/berocket_brand?post=7764"}],"curies":[{"name":"wp","href":"https:\/\/api.w.org\/{rel}","templated":true}]}}