{"id":7865,"date":"2025-11-15T12:09:04","date_gmt":"2025-11-15T12:09:04","guid":{"rendered":"https:\/\/mikeladzenailstore.com\/p\/polygel-dark-pink-shine-no-tpo-no-hema-15-ml-jz-nails-group\/"},"modified":"2025-12-04T15:01:26","modified_gmt":"2025-12-04T15:01:26","slug":"polygel-dark-pink-shine-no-tpo-no-hema-15-ml-jz-nails-group","status":"publish","type":"product","link":"https:\/\/mikeladzenailstore.com\/sk\/produkt\/polygel-dark-pink-shine-no-tpo-no-hema-15-ml-jz-nails-group\/","title":{"rendered":"Polygel \u201cDark pink shine\u201d no TPO\/no hema 15 ml JZ Nails Group"},"content":{"rendered":"<p>\u2728 Ten, kter\u00fd z\u00e1\u0159\u00ed spolu s tebou! \u2728<\/p>\n<p>QUARTZ \u2013 kolekce polygel\u016f s diamantov\u00fdm leskem<\/p>\n<p>Dekorativn\u00ed efekt p\u0159i model\u00e1\u017ei, korekci a zpevn\u011bn\u00ed neht\u016f \u2013 jemn\u00fd, decentn\u00ed t\u0159pyt, kter\u00fd podtrhne \u0431\u0443\u0434\u044c-\u044f\u043a\u0438\u0439 styl.<\/p>\n<p>Jedine\u010dn\u00fd materi\u00e1l:<\/p>\n<p>\u2013 Poslu\u0161n\u00e1 konzistence<\/p>\n<p>\u2013 Rychl\u00e9 vytvrzen\u00ed<\/p>\n<p>\u2013 Bez bublin a hrudek<\/p>\n<p>\u2013 Nezatahuje se, dr\u017e\u00ed tvar i oblouk po celou dobu no\u0161en\u00ed<\/p>\n<p>\u2013 Nezate\u0301ka\u0301, lehk\u00fd na pilov\u00e1n\u00ed<\/p>\n<p>\u2013 St\u0159edn\u00ed hustota, t\u0159pytky jemn\u00e9 frakce<\/p>\n<p>\u2013 Minim\u00e1ln\u00ed samovyrovn\u00e1vac\u00ed efekt<\/p>\n<p>\u203c\ufe0f Nutn\u00e9 pou\u017eit\u00ed elastick\u00e9 b\u00e1ze na p\u0159\u00edrodn\u00ed nehet!<\/p>\n<p>Pou\u017eit\u00ed:<\/p>\n<p>\u2013 Zpevn\u011bn\u00ed a opravy p\u0159\u00edrodn\u00edch neht\u016f<\/p>\n<p>\u2013 Model\u00e1\u017e d\u00e9lky bez \u0161ablon<\/p>\n<p>\u2013 Klasick\u00e9 prodlu\u017eov\u00e1n\u00ed neht\u016f<\/p>\n<p>\u2013 Arched (tunelov\u00e1) model\u00e1\u017e<\/p>\n<p>\u2013 Art-model\u00e1\u017e<\/p>\n<p>\u2013 Korekce neht\u016f<\/p>\n<p>\u2013 Lze kombinovat se v\u0161emi materi\u00e1ly JZ (\u017eel\u00e9 gely, klasick\u00e9 gely, barevn\u00e9 gel laky)<\/p>\n<p>V\u00fdhody:<\/p>\n<p>\u2b50 Doporu\u010deno pou\u017e\u00edvat s CLEANSEREM JZ<\/p>\n<p>\u2b50 Statick\u00fd materi\u00e1l \u2013 m\u016f\u017eete pracovat p\u0159esn\u011b \u201ena hotovo\u201c<\/p>\n<p>\u2b50 V\u00fdborn\u00e1 p\u0159ilnavost bez odchlip\u016f<\/p>\n<p>\u2b50 T\u011b\u017e\u0161\u00ed prach, m\u00e9n\u011b vzdu\u0161n\u00fd ne\u017e u gel\u016f<\/p>\n<p>\u2b50 Hypoalergenn\u00ed slo\u017een\u00ed<\/p>\n<p>\u2b50 Rychl\u00e1 a kvalitn\u00ed polymerizace: 60 s LED\/UV<\/p>\n<p>Vhodn\u00e9 jak pro zku\u0161en\u00e9 profesion\u00e1ly, tak pro za\u010d\u00e1te\u010dn\u00edky a studenty.<\/p>\n<p>Objemy: 15 ml a 30 ml<\/p>\n<p>Slo\u017een\u00ed:<\/p>\n<p>ACRYLATES COPOLYMER, DI-HEMA TRIMETHYLHEXYL DICARBAMATE, ISOPROPYLIDENEDIPHENOL PEG-2 DIMETHACRYLATE, TRIMETHYLOLPROPANE TRIMETHACRYLATE, TRIPHENYLPHOSPHINE, TRIMETHYLBENZOYL DIPHENYLPHOSPHINE OXIDE, BENZOYL ISOPROPANOL, PEG-9 DIMETHACRYLATE<\/p>\n<p>+\/- m\u016f\u017ee obsahovat: CI 77891 (oxid titani\u010dit\u00fd), CI 77491 (oxid \u017eelezit\u00fd), CI 60725 (violet 2)<\/p>\n","protected":false},"excerpt":{"rendered":"<p>\u2728 Ten, kter\u00fd z\u00e1\u0159\u00ed spolu s tebou! \u2728 QUARTZ \u2013 kolekce polygel\u016f s diamantov\u00fdm leskem Dekorativn\u00ed efekt p\u0159i model\u00e1\u017ei, korekci a zpevn\u011bn\u00ed neht\u016f \u2013 jemn\u00fd, decentn\u00ed t\u0159pyt, kter\u00fd podtrhne \u0431\u0443\u0434\u044c-\u044f\u043a\u0438\u0439 styl. Jedine\u010dn\u00fd materi\u00e1l: \u2013 Poslu\u0161n\u00e1 konzistence \u2013 Rychl\u00e9 vytvrzen\u00ed \u2013 Bez bublin a hrudek \u2013 Nezatahuje se, dr\u017e\u00ed tvar i oblouk po celou dobu no\u0161en\u00ed [&hellip;]<\/p>\n","protected":false},"featured_media":0,"comment_status":"open","ping_status":"closed","template":"","meta":[],"pwb-brand":[],"product_brand":[],"product_cat":[168],"product_tag":[],"berocket_brand":[],"class_list":{"0":"post-7865","1":"product","2":"type-product","3":"status-publish","5":"product_cat-baze-a-topy-pro-manikuru-pedikuru","7":"first","8":"instock","9":"taxable","10":"shipping-taxable","11":"purchasable","12":"product-type-simple"},"acf":[],"brands":[],"_links":{"self":[{"href":"https:\/\/mikeladzenailstore.com\/sk\/wp-json\/wp\/v2\/product\/7865","targetHints":{"allow":["GET"]}}],"collection":[{"href":"https:\/\/mikeladzenailstore.com\/sk\/wp-json\/wp\/v2\/product"}],"about":[{"href":"https:\/\/mikeladzenailstore.com\/sk\/wp-json\/wp\/v2\/types\/product"}],"replies":[{"embeddable":true,"href":"https:\/\/mikeladzenailstore.com\/sk\/wp-json\/wp\/v2\/comments?post=7865"}],"version-history":[{"count":0,"href":"https:\/\/mikeladzenailstore.com\/sk\/wp-json\/wp\/v2\/product\/7865\/revisions"}],"wp:attachment":[{"href":"https:\/\/mikeladzenailstore.com\/sk\/wp-json\/wp\/v2\/media?parent=7865"}],"wp:term":[{"taxonomy":"pwb-brand","embeddable":true,"href":"https:\/\/mikeladzenailstore.com\/sk\/wp-json\/wp\/v2\/pwb-brand?post=7865"},{"taxonomy":"product_brand","embeddable":true,"href":"https:\/\/mikeladzenailstore.com\/sk\/wp-json\/wp\/v2\/product_brand?post=7865"},{"taxonomy":"product_cat","embeddable":true,"href":"https:\/\/mikeladzenailstore.com\/sk\/wp-json\/wp\/v2\/product_cat?post=7865"},{"taxonomy":"product_tag","embeddable":true,"href":"https:\/\/mikeladzenailstore.com\/sk\/wp-json\/wp\/v2\/product_tag?post=7865"},{"taxonomy":"berocket_brand","embeddable":true,"href":"https:\/\/mikeladzenailstore.com\/sk\/wp-json\/wp\/v2\/berocket_brand?post=7865"}],"curies":[{"name":"wp","href":"https:\/\/api.w.org\/{rel}","templated":true}]}}